{"id":647,"date":"2021-03-29T02:13:52","date_gmt":"2021-03-29T02:13:52","guid":{"rendered":"http:\/\/localhost\/nuss\/?page_id=647"},"modified":"2026-02-23T04:20:39","modified_gmt":"2026-02-23T04:20:39","slug":"services","status":"publish","type":"page","link":"https:\/\/voyageinternationalhotel.com\/fr\/services\/","title":{"rendered":"Services"},"content":{"rendered":"<div data-elementor-type=\"wp-page\" data-elementor-id=\"647\" class=\"elementor elementor-647\">\n\t\t\t\t\t\t<section class=\"elementor-section elementor-top-section elementor-element elementor-element-3353bc8 elementor-section-boxed elementor-section-gap-beside-yes elementor-section-height-default elementor-section-height-default elementor-section-column-vertical-align-stretch\" data-id=\"3353bc8\" data-element_type=\"section\" data-e-type=\"section\">\n\t\t\t\t\t\t<div class=\"elementor-container elementor-column-gap-extended\">\n\t\t\t\t\t<div class=\"elementor-column elementor-col-100 elementor-top-column elementor-element elementor-element-0a2bc64\" data-id=\"0a2bc64\" data-element_type=\"column\" data-e-type=\"column\">\n\t\t\t<div class=\"elementor-widget-wrap elementor-element-populated\">\n\t\t\t\t\t\t<div class=\"elementor-element elementor-element-447e3ef elementor-widget__width-initial elementor-invisible elementor-widget elementor-widget-text-editor\" data-id=\"447e3ef\" data-element_type=\"widget\" data-e-type=\"widget\" data-settings=\"{&quot;_animation&quot;:&quot;nussFadeInUp&quot;}\" data-widget_type=\"text-editor.default\">\n\t\t\t\t<div class=\"elementor-widget-container\">\n\t\t\t\t\t\t\t\t\t<p><span class=\"AnswerParser_TextContainer__z_Iiv\" data-testid=\"youchat-text\">Bienvenue au service de classe mondiale du VOYAGE INTERNATIONAL HOTEL, o\u00f9 votre confort et votre satisfaction sont notre priorit\u00e9 absolue. Nich\u00e9 au c\u0153ur du district de Shunyi, \u00e0 quelques minutes de l&#039;a\u00e9roport de P\u00e9kin, notre h\u00f4tel est con\u00e7u pour \u00eatre votre sanctuaire de luxe et de commodit\u00e9 dans la capitale anim\u00e9e de la Chine.<\/span><\/p>\t\t\t\t\t\t\t\t<\/div>\n\t\t\t\t<\/div>\n\t\t\t\t\t<\/div>\n\t\t<\/div>\n\t\t\t\t\t<\/div>\n\t\t<\/section>\n\t\t\t\t<section class=\"elementor-section elementor-top-section elementor-element elementor-element-eb870d9 elementor-section-boxed elementor-section-gap-beside-yes elementor-section-height-default elementor-section-height-default elementor-section-column-vertical-align-stretch\" data-id=\"eb870d9\" data-element_type=\"section\" data-e-type=\"section\">\n\t\t\t\t\t\t<div class=\"elementor-container elementor-column-gap-extended\">\n\t\t\t\t\t<div class=\"elementor-column elementor-col-50 elementor-top-column elementor-element elementor-element-2f5d206\" data-id=\"2f5d206\" data-element_type=\"column\" data-e-type=\"column\">\n\t\t\t<div class=\"elementor-widget-wrap elementor-element-populated\">\n\t\t\t\t\t\t<div class=\"elementor-element elementor-element-a0de317 elementor-invisible nuss-elementor-loading nuss-slide-in-right elementor-widget elementor-widget-image\" data-id=\"a0de317\" data-element_type=\"widget\" data-e-type=\"widget\" data-settings=\"{&quot;_animation&quot;:&quot;nussSlideInRight&quot;}\" data-widget_type=\"image.default\">\n\t\t\t\t<div class=\"elementor-widget-container\">\n\t\t\t\t\t\t\t\t\t\t\t\t\t\t\t<img fetchpriority=\"high\" decoding=\"async\" width=\"1280\" height=\"853\" src=\"https:\/\/voyageinternationalhotel.com\/wp-content\/uploads\/2024\/10\/VOYAGE-INTERNATIONAL-HOTEL-51.webp\" class=\"attachment-full size-full wp-image-5637\" alt=\"\" srcset=\"https:\/\/voyageinternationalhotel.com\/wp-content\/uploads\/2024\/10\/VOYAGE-INTERNATIONAL-HOTEL-51.webp 1280w, https:\/\/voyageinternationalhotel.com\/wp-content\/uploads\/2024\/10\/VOYAGE-INTERNATIONAL-HOTEL-51-300x200.webp 300w, https:\/\/voyageinternationalhotel.com\/wp-content\/uploads\/2024\/10\/VOYAGE-INTERNATIONAL-HOTEL-51-1024x682.webp 1024w, https:\/\/voyageinternationalhotel.com\/wp-content\/uploads\/2024\/10\/VOYAGE-INTERNATIONAL-HOTEL-51-768x512.webp 768w, https:\/\/voyageinternationalhotel.com\/wp-content\/uploads\/2024\/10\/VOYAGE-INTERNATIONAL-HOTEL-51-18x12.webp 18w\" sizes=\"(max-width: 1280px) 100vw, 1280px\" \/>\t\t\t\t\t\t\t\t\t\t\t\t\t\t\t<\/div>\n\t\t\t\t<\/div>\n\t\t\t\t\t<\/div>\n\t\t<\/div>\n\t\t\t\t<div class=\"elementor-column elementor-col-50 elementor-top-column elementor-element elementor-element-36be69e\" data-id=\"36be69e\" data-element_type=\"column\" data-e-type=\"column\">\n\t\t\t<div class=\"elementor-widget-wrap elementor-element-populated\">\n\t\t\t\t\t\t<div class=\"elementor-element elementor-element-aa4c247 elementor-invisible elementor-widget elementor-widget-nuss-heading\" data-id=\"aa4c247\" data-element_type=\"widget\" data-e-type=\"widget\" data-settings=\"{&quot;_animation&quot;:&quot;nussFadeInUp&quot;}\" data-widget_type=\"nuss-heading.default\">\n\t\t\t\t<div class=\"elementor-widget-container\">\n\t\t\t\t\t\t\t<div class=\"nuss-modern-heading\">\r\n\t\t\t\r\n\t\t\t\t\t\t<div class=\"heading-primary-wrap\">\r\n\t\t\t\t<p class=\"heading-primary elementor-heading-title\">Manger et boire<\/p>\t\t\t<\/div>\r\n\t\t\r\n\t\t\t\t\t\t<div class=\"heading-divider-wrap\">\r\n\t\t\t\t<div class=\"heading-divider\" style=\"left: 0px;top: 11px\"><\/div>\r\n\t\t\t<\/div>\r\n\t\r\n\t\t\t\t\t<\/div>\r\n\t\t\t\t\t<\/div>\n\t\t\t\t<\/div>\n\t\t\t\t<div class=\"elementor-element elementor-element-a5c4fb7 elementor-invisible elementor-widget elementor-widget-text-editor\" data-id=\"a5c4fb7\" data-element_type=\"widget\" data-e-type=\"widget\" data-settings=\"{&quot;_animation&quot;:&quot;nussFadeInUp&quot;}\" data-widget_type=\"text-editor.default\">\n\t\t\t\t<div class=\"elementor-widget-container\">\n\t\t\t\t\t\t\t\t\t<p><span class=\"AnswerParser_TextContainer__z_Iiv\" data-testid=\"youchat-text\">Chez VOYAGE INTERNATIONAL HOTEL, nous savons qu&#039;un service exceptionnel est la pierre angulaire d&#039;un s\u00e9jour inoubliable. Notre \u00e9quipe d\u00e9vou\u00e9e de professionnels multilingues est disponible 24h\/24 et 7j\/7, pr\u00eate \u00e0 r\u00e9pondre \u00e0 tous vos besoins avec un m\u00e9lange d&#039;hospitalit\u00e9 orientale et d&#039;efficacit\u00e9 occidentale. D\u00e8s votre arriv\u00e9e, vous ferez l&#039;exp\u00e9rience de notre engagement envers l&#039;excellence.<\/span> <span class=\"AnswerParser_TextContainer__z_Iiv\" data-testid=\"youchat-text\">Notre service de navette a\u00e9roport gratuit assure une transition en douceur entre votre vol et notre hall d&#039;accueil, donnant le ton pour un s\u00e9jour sans stress. Pour ceux qui souhaitent explorer P\u00e9kin ou assister \u00e0 des r\u00e9unions d&#039;affaires, notre \u00e9quipe de conciergerie est \u00e0 votre disposition pour organiser le transport, r\u00e9server des visites ou fournir des conseils d&#039;initi\u00e9s sur les tr\u00e9sors cach\u00e9s de la ville.<\/span><\/p>\t\t\t\t\t\t\t\t<\/div>\n\t\t\t\t<\/div>\n\t\t\t\t\t<\/div>\n\t\t<\/div>\n\t\t\t\t\t<\/div>\n\t\t<\/section>\n\t\t\t\t<section class=\"elementor-section elementor-top-section elementor-element elementor-element-30e46d3 elementor-section-boxed elementor-section-gap-beside-yes elementor-section-height-default elementor-section-height-default elementor-section-column-vertical-align-stretch\" data-id=\"30e46d3\" data-element_type=\"section\" data-e-type=\"section\">\n\t\t\t\t\t\t<div class=\"elementor-container elementor-column-gap-extended\">\n\t\t\t\t\t<div class=\"elementor-column elementor-col-50 elementor-top-column elementor-element elementor-element-5100fae\" data-id=\"5100fae\" data-element_type=\"column\" data-e-type=\"column\">\n\t\t\t<div class=\"elementor-widget-wrap elementor-element-populated\">\n\t\t\t\t\t\t<div class=\"elementor-element elementor-element-5b35b86 elementor-invisible elementor-widget elementor-widget-text-editor\" data-id=\"5b35b86\" data-element_type=\"widget\" data-e-type=\"widget\" data-settings=\"{&quot;_animation&quot;:&quot;nussFadeInUp&quot;}\" data-widget_type=\"text-editor.default\">\n\t\t\t\t<div class=\"elementor-widget-container\">\n\t\t\t\t\t\t\t\t\t<p><span class=\"AnswerParser_TextContainer__z_Iiv\" data-testid=\"youchat-text\">Les voyageurs d&#039;affaires appr\u00e9cieront notre centre d&#039;affaires ultramoderne et nos salles de r\u00e9union polyvalentes, \u00e9quip\u00e9es de technologies de pointe pour garantir le bon d\u00e9roulement de vos pr\u00e9sentations et conf\u00e9rences. Nos organisateurs d&#039;\u00e9v\u00e9nements d\u00e9di\u00e9s sont disponibles pour vous aider dans tous vos projets, des petites r\u00e9unions de conseil d&#039;administration aux \u00e9v\u00e9nements d&#039;entreprise de grande envergure.<\/span><\/p><p><span class=\"AnswerParser_TextContainer__z_Iiv\" data-testid=\"youchat-text\">Pour ceux qui recherchent la d\u00e9tente, nos installations de bien-\u00eatre offrent un havre de paix. D\u00e9tendez-vous dans notre centre de remise en forme enti\u00e8rement \u00e9quip\u00e9, plongez dans notre piscine int\u00e9rieure ou offrez-vous un soin rajeunissant dans notre spa, o\u00f9 les anciennes techniques de gu\u00e9rison chinoises rencontrent les th\u00e9rapies modernes.<\/span><\/p>\t\t\t\t\t\t\t\t<\/div>\n\t\t\t\t<\/div>\n\t\t\t\t\t<\/div>\n\t\t<\/div>\n\t\t\t\t<div class=\"elementor-column elementor-col-50 elementor-top-column elementor-element elementor-element-79980b6\" data-id=\"79980b6\" data-element_type=\"column\" data-e-type=\"column\">\n\t\t\t<div class=\"elementor-widget-wrap elementor-element-populated\">\n\t\t\t\t\t\t<div class=\"elementor-element elementor-element-59c2d22 elementor-invisible nuss-elementor-loading nuss-slide-in-left elementor-widget elementor-widget-image\" data-id=\"59c2d22\" data-element_type=\"widget\" data-e-type=\"widget\" data-settings=\"{&quot;_animation&quot;:&quot;nussSlideInLeft&quot;}\" data-widget_type=\"image.default\">\n\t\t\t\t<div class=\"elementor-widget-container\">\n\t\t\t\t\t\t\t\t\t\t\t\t\t\t\t<img decoding=\"async\" width=\"1280\" height=\"853\" src=\"https:\/\/voyageinternationalhotel.com\/wp-content\/uploads\/2024\/10\/VOYAGE-INTERNATIONAL-HOTEL-57.webp\" class=\"attachment-full size-full wp-image-5598\" alt=\"\" srcset=\"https:\/\/voyageinternationalhotel.com\/wp-content\/uploads\/2024\/10\/VOYAGE-INTERNATIONAL-HOTEL-57.webp 1280w, https:\/\/voyageinternationalhotel.com\/wp-content\/uploads\/2024\/10\/VOYAGE-INTERNATIONAL-HOTEL-57-300x200.webp 300w, https:\/\/voyageinternationalhotel.com\/wp-content\/uploads\/2024\/10\/VOYAGE-INTERNATIONAL-HOTEL-57-1024x682.webp 1024w, https:\/\/voyageinternationalhotel.com\/wp-content\/uploads\/2024\/10\/VOYAGE-INTERNATIONAL-HOTEL-57-768x512.webp 768w, https:\/\/voyageinternationalhotel.com\/wp-content\/uploads\/2024\/10\/VOYAGE-INTERNATIONAL-HOTEL-57-18x12.webp 18w\" sizes=\"(max-width: 1280px) 100vw, 1280px\" \/>\t\t\t\t\t\t\t\t\t\t\t\t\t\t\t<\/div>\n\t\t\t\t<\/div>\n\t\t\t\t\t<\/div>\n\t\t<\/div>\n\t\t\t\t\t<\/div>\n\t\t<\/section>\n\t\t\t\t<section class=\"elementor-section elementor-top-section elementor-element elementor-element-57e1072 elementor-section-boxed elementor-section-gap-beside-yes elementor-section-height-default elementor-section-height-default elementor-section-column-vertical-align-stretch\" data-id=\"57e1072\" data-element_type=\"section\" data-e-type=\"section\">\n\t\t\t\t\t\t<div class=\"elementor-container elementor-column-gap-extended\">\n\t\t\t\t\t<div class=\"elementor-column elementor-col-50 elementor-top-column elementor-element elementor-element-ae65b33\" data-id=\"ae65b33\" data-element_type=\"column\" data-e-type=\"column\">\n\t\t\t<div class=\"elementor-widget-wrap elementor-element-populated\">\n\t\t\t\t\t\t<div class=\"elementor-element elementor-element-3a0dcad elementor-invisible nuss-elementor-loading nuss-slide-in-right elementor-widget elementor-widget-image\" data-id=\"3a0dcad\" data-element_type=\"widget\" data-e-type=\"widget\" data-settings=\"{&quot;_animation&quot;:&quot;nussSlideInRight&quot;}\" data-widget_type=\"image.default\">\n\t\t\t\t<div class=\"elementor-widget-container\">\n\t\t\t\t\t\t\t\t\t\t\t\t\t\t\t<img decoding=\"async\" width=\"1280\" height=\"853\" src=\"https:\/\/voyageinternationalhotel.com\/wp-content\/uploads\/2024\/10\/VOYAGE-INTERNATIONAL-HOTEL-67.webp\" class=\"attachment-full size-full wp-image-5644\" alt=\"\" srcset=\"https:\/\/voyageinternationalhotel.com\/wp-content\/uploads\/2024\/10\/VOYAGE-INTERNATIONAL-HOTEL-67.webp 1280w, https:\/\/voyageinternationalhotel.com\/wp-content\/uploads\/2024\/10\/VOYAGE-INTERNATIONAL-HOTEL-67-300x200.webp 300w, https:\/\/voyageinternationalhotel.com\/wp-content\/uploads\/2024\/10\/VOYAGE-INTERNATIONAL-HOTEL-67-1024x682.webp 1024w, https:\/\/voyageinternationalhotel.com\/wp-content\/uploads\/2024\/10\/VOYAGE-INTERNATIONAL-HOTEL-67-768x512.webp 768w, https:\/\/voyageinternationalhotel.com\/wp-content\/uploads\/2024\/10\/VOYAGE-INTERNATIONAL-HOTEL-67-18x12.webp 18w\" sizes=\"(max-width: 1280px) 100vw, 1280px\" \/>\t\t\t\t\t\t\t\t\t\t\t\t\t\t\t<\/div>\n\t\t\t\t<\/div>\n\t\t\t\t\t<\/div>\n\t\t<\/div>\n\t\t\t\t<div class=\"elementor-column elementor-col-50 elementor-top-column elementor-element elementor-element-ecff995\" data-id=\"ecff995\" data-element_type=\"column\" data-e-type=\"column\">\n\t\t\t<div class=\"elementor-widget-wrap elementor-element-populated\">\n\t\t\t\t\t\t<div class=\"elementor-element elementor-element-4543a9b elementor-invisible elementor-widget elementor-widget-text-editor\" data-id=\"4543a9b\" data-element_type=\"widget\" data-e-type=\"widget\" data-settings=\"{&quot;_animation&quot;:&quot;nussFadeInUp&quot;}\" data-widget_type=\"text-editor.default\">\n\t\t\t\t<div class=\"elementor-widget-container\">\n\t\t\t\t\t\t\t\t\t<p><span class=\"AnswerParser_TextContainer__z_Iiv\" data-testid=\"youchat-text\">Notre \u00e9quipe d&#039;entretien m\u00e9nager veille \u00e0 ce que votre chambre soit toujours un havre de paix et de confort, avec un service deux fois par jour. Vous avez besoin d&#039;un type d&#039;oreiller sp\u00e9cifique ou vous avez des besoins alimentaires particuliers ? Notre personnel attentionn\u00e9 est toujours pr\u00eat \u00e0 r\u00e9pondre \u00e0 vos pr\u00e9f\u00e9rences personnelles.<\/span><\/p>\t\t\t\t\t\t\t\t<\/div>\n\t\t\t\t<\/div>\n\t\t\t\t\t<\/div>\n\t\t<\/div>\n\t\t\t\t\t<\/div>\n\t\t<\/section>\n\t\t\t\t<section class=\"elementor-section elementor-top-section elementor-element elementor-element-515005f elementor-section-boxed elementor-section-gap-beside-yes elementor-section-height-default elementor-section-height-default elementor-section-column-vertical-align-stretch\" data-id=\"515005f\" data-element_type=\"section\" data-e-type=\"section\">\n\t\t\t\t\t\t<div class=\"elementor-container elementor-column-gap-extended\">\n\t\t\t\t\t<div class=\"elementor-column elementor-col-50 elementor-top-column elementor-element elementor-element-b8bc943\" data-id=\"b8bc943\" data-element_type=\"column\" data-e-type=\"column\">\n\t\t\t<div class=\"elementor-widget-wrap elementor-element-populated\">\n\t\t\t\t\t\t<div class=\"elementor-element elementor-element-0415e9c elementor-invisible elementor-widget elementor-widget-text-editor\" data-id=\"0415e9c\" data-element_type=\"widget\" data-e-type=\"widget\" data-settings=\"{&quot;_animation&quot;:&quot;nussFadeInUp&quot;}\" data-widget_type=\"text-editor.default\">\n\t\t\t\t<div class=\"elementor-widget-container\">\n\t\t\t\t\t\t\t\t\t<p><span class=\"AnswerParser_TextContainer__z_Iiv\" data-testid=\"youchat-text\">D\u00eener au VOYAGE INTERNATIONAL HOTEL est une exp\u00e9rience en soi, avec notre service d&#039;\u00e9tage 24h\/24 qui compl\u00e8te nos restaurants sur place. Que vous ayez envie de cuisine p\u00e9kinoise authentique ou de plats internationaux, notre \u00e9quipe culinaire est pr\u00eate \u00e0 satisfaire votre palais \u00e0 toute heure.<\/span><\/p>\t\t\t\t\t\t\t\t<\/div>\n\t\t\t\t<\/div>\n\t\t\t\t\t<\/div>\n\t\t<\/div>\n\t\t\t\t<div class=\"elementor-column elementor-col-50 elementor-top-column elementor-element elementor-element-74f1a85\" data-id=\"74f1a85\" data-element_type=\"column\" data-e-type=\"column\">\n\t\t\t<div class=\"elementor-widget-wrap elementor-element-populated\">\n\t\t\t\t\t\t<div class=\"elementor-element elementor-element-d007f5e elementor-invisible nuss-elementor-loading nuss-slide-in-left elementor-widget elementor-widget-image\" data-id=\"d007f5e\" data-element_type=\"widget\" data-e-type=\"widget\" data-settings=\"{&quot;_animation&quot;:&quot;nussSlideInLeft&quot;}\" data-widget_type=\"image.default\">\n\t\t\t\t<div class=\"elementor-widget-container\">\n\t\t\t\t\t\t\t\t\t\t\t\t\t\t\t<img loading=\"lazy\" decoding=\"async\" width=\"1280\" height=\"853\" src=\"https:\/\/voyageinternationalhotel.com\/wp-content\/uploads\/2024\/10\/VOYAGE-INTERNATIONAL-HOTEL-19.webp\" class=\"attachment-full size-full wp-image-5627\" alt=\"\" srcset=\"https:\/\/voyageinternationalhotel.com\/wp-content\/uploads\/2024\/10\/VOYAGE-INTERNATIONAL-HOTEL-19.webp 1280w, https:\/\/voyageinternationalhotel.com\/wp-content\/uploads\/2024\/10\/VOYAGE-INTERNATIONAL-HOTEL-19-300x200.webp 300w, https:\/\/voyageinternationalhotel.com\/wp-content\/uploads\/2024\/10\/VOYAGE-INTERNATIONAL-HOTEL-19-1024x682.webp 1024w, https:\/\/voyageinternationalhotel.com\/wp-content\/uploads\/2024\/10\/VOYAGE-INTERNATIONAL-HOTEL-19-768x512.webp 768w, https:\/\/voyageinternationalhotel.com\/wp-content\/uploads\/2024\/10\/VOYAGE-INTERNATIONAL-HOTEL-19-18x12.webp 18w\" sizes=\"(max-width: 1280px) 100vw, 1280px\" \/>\t\t\t\t\t\t\t\t\t\t\t\t\t\t\t<\/div>\n\t\t\t\t<\/div>\n\t\t\t\t\t<\/div>\n\t\t<\/div>\n\t\t\t\t\t<\/div>\n\t\t<\/section>\n\t\t\t\t<section class=\"elementor-section elementor-top-section elementor-element elementor-element-7f6a1ae elementor-section-boxed elementor-section-gap-beside-yes elementor-section-height-default elementor-section-height-default elementor-section-column-vertical-align-stretch\" data-id=\"7f6a1ae\" data-element_type=\"section\" data-e-type=\"section\">\n\t\t\t\t\t\t<div class=\"elementor-container elementor-column-gap-extended\">\n\t\t\t\t\t<div class=\"elementor-column elementor-col-50 elementor-top-column elementor-element elementor-element-125f569\" data-id=\"125f569\" data-element_type=\"column\" data-e-type=\"column\">\n\t\t\t<div class=\"elementor-widget-wrap elementor-element-populated\">\n\t\t\t\t\t\t<div class=\"elementor-element elementor-element-19c429f elementor-invisible nuss-elementor-loading nuss-slide-in-right elementor-widget elementor-widget-image\" data-id=\"19c429f\" data-element_type=\"widget\" data-e-type=\"widget\" data-settings=\"{&quot;_animation&quot;:&quot;nussSlideInRight&quot;}\" data-widget_type=\"image.default\">\n\t\t\t\t<div class=\"elementor-widget-container\">\n\t\t\t\t\t\t\t\t\t\t\t\t\t\t\t<img loading=\"lazy\" decoding=\"async\" width=\"1280\" height=\"853\" src=\"https:\/\/voyageinternationalhotel.com\/wp-content\/uploads\/2024\/10\/VOYAGE-INTERNATIONAL-HOTEL-89.webp\" class=\"attachment-full size-full wp-image-5653\" alt=\"\" srcset=\"https:\/\/voyageinternationalhotel.com\/wp-content\/uploads\/2024\/10\/VOYAGE-INTERNATIONAL-HOTEL-89.webp 1280w, https:\/\/voyageinternationalhotel.com\/wp-content\/uploads\/2024\/10\/VOYAGE-INTERNATIONAL-HOTEL-89-300x200.webp 300w, https:\/\/voyageinternationalhotel.com\/wp-content\/uploads\/2024\/10\/VOYAGE-INTERNATIONAL-HOTEL-89-1024x682.webp 1024w, https:\/\/voyageinternationalhotel.com\/wp-content\/uploads\/2024\/10\/VOYAGE-INTERNATIONAL-HOTEL-89-768x512.webp 768w, https:\/\/voyageinternationalhotel.com\/wp-content\/uploads\/2024\/10\/VOYAGE-INTERNATIONAL-HOTEL-89-18x12.webp 18w\" sizes=\"(max-width: 1280px) 100vw, 1280px\" \/>\t\t\t\t\t\t\t\t\t\t\t\t\t\t\t<\/div>\n\t\t\t\t<\/div>\n\t\t\t\t\t<\/div>\n\t\t<\/div>\n\t\t\t\t<div class=\"elementor-column elementor-col-50 elementor-top-column elementor-element elementor-element-cd3750a\" data-id=\"cd3750a\" data-element_type=\"column\" data-e-type=\"column\">\n\t\t\t<div class=\"elementor-widget-wrap elementor-element-populated\">\n\t\t\t\t\t\t<div class=\"elementor-element elementor-element-b2a5978 elementor-invisible elementor-widget elementor-widget-text-editor\" data-id=\"b2a5978\" data-element_type=\"widget\" data-e-type=\"widget\" data-settings=\"{&quot;_animation&quot;:&quot;nussFadeInUp&quot;}\" data-widget_type=\"text-editor.default\">\n\t\t\t\t<div class=\"elementor-widget-container\">\n\t\t\t\t\t\t\t\t\t<p><span class=\"AnswerParser_TextContainer__z_Iiv\" data-testid=\"youchat-text\">Pour les clients n\u00e9cessitant une assistance suppl\u00e9mentaire, nos chambres et installations accessibles garantissent le confort de tous. Nous proposons \u00e9galement des services de garde d&#039;enfants pour les familles et des options acceptant les animaux de compagnie pour ceux qui voyagent avec des compagnons \u00e0 quatre pattes. <\/span><\/p><p><span class=\"AnswerParser_TextContainer__z_Iiv\" data-testid=\"youchat-text\">Au VOYAGE INTERNATIONAL HOTEL, nous ne nous contentons pas de proposer des services : nous cr\u00e9ons des exp\u00e9riences. Chaque d\u00e9tail, des draps impeccables de votre lit au sourire qui vous accueille \u00e0 la r\u00e9ception, est con\u00e7u pour rendre votre s\u00e9jour extraordinaire. Que vous soyez ici pour affaires ou pour le plaisir, pour une nuit ou un s\u00e9jour prolong\u00e9, nous vous invitons \u00e0 d\u00e9couvrir le summum de l&#039;hospitalit\u00e9 au VOYAGE INTERNATIONAL HOTEL. Votre voyage vers un service exceptionnel commence ici.<\/span><\/p>\t\t\t\t\t\t\t\t<\/div>\n\t\t\t\t<\/div>\n\t\t\t\t\t<\/div>\n\t\t<\/div>\n\t\t\t\t\t<\/div>\n\t\t<\/section>\n\t\t\t\t<\/div>","protected":false},"excerpt":{"rendered":"<p>Welcome to the world-class services at VOYAGE INTERNATIONAL HOTEL, where your comfort and satisfaction are our utmost priority. Nestled in the heart of Shunyi District, just moments away from Beijing Capital Airport, our hotel is designed to be your sanctuary of luxury and convenience in the bustling capital of China. Eat&amp;Drink At VOYAGE INTERNATIONAL HOTEL, [&hellip;]<\/p>\n","protected":false},"author":1,"featured_media":0,"parent":0,"menu_order":0,"comment_status":"closed","ping_status":"closed","template":"","meta":{"footnotes":""},"class_list":["post-647","page","type-page","status-publish","hentry","post-no-thumbnail"],"_links":{"self":[{"href":"https:\/\/voyageinternationalhotel.com\/fr\/wp-json\/wp\/v2\/pages\/647","targetHints":{"allow":["GET"]}}],"collection":[{"href":"https:\/\/voyageinternationalhotel.com\/fr\/wp-json\/wp\/v2\/pages"}],"about":[{"href":"https:\/\/voyageinternationalhotel.com\/fr\/wp-json\/wp\/v2\/types\/page"}],"author":[{"embeddable":true,"href":"https:\/\/voyageinternationalhotel.com\/fr\/wp-json\/wp\/v2\/users\/1"}],"replies":[{"embeddable":true,"href":"https:\/\/voyageinternationalhotel.com\/fr\/wp-json\/wp\/v2\/comments?post=647"}],"version-history":[{"count":0,"href":"https:\/\/voyageinternationalhotel.com\/fr\/wp-json\/wp\/v2\/pages\/647\/revisions"}],"wp:attachment":[{"href":"https:\/\/voyageinternationalhotel.com\/fr\/wp-json\/wp\/v2\/media?parent=647"}],"curies":[{"name":"wp","href":"https:\/\/api.w.org\/{rel}","templated":true}]}}