{"id":612,"date":"2021-03-26T10:04:13","date_gmt":"2021-03-26T10:04:13","guid":{"rendered":"http:\/\/localhost\/nuss\/?page_id=612"},"modified":"2026-02-23T04:22:04","modified_gmt":"2026-02-23T04:22:04","slug":"restaurant","status":"publish","type":"page","link":"https:\/\/voyageinternationalhotel.com\/fr\/restaurant\/","title":{"rendered":"Restaurant"},"content":{"rendered":"<div data-elementor-type=\"wp-page\" data-elementor-id=\"612\" class=\"elementor elementor-612\">\n\t\t\t\t\t\t<section class=\"elementor-section elementor-top-section elementor-element elementor-element-e2effe8 elementor-section-boxed elementor-section-gap-beside-yes elementor-section-height-default elementor-section-height-default elementor-section-column-vertical-align-stretch\" data-id=\"e2effe8\" data-element_type=\"section\" data-e-type=\"section\">\n\t\t\t\t\t\t<div class=\"elementor-container elementor-column-gap-extended\">\n\t\t\t\t\t<div class=\"elementor-column elementor-col-100 elementor-top-column elementor-element elementor-element-e18f688\" data-id=\"e18f688\" data-element_type=\"column\" data-e-type=\"column\">\n\t\t\t<div class=\"elementor-widget-wrap elementor-element-populated\">\n\t\t\t\t\t\t<div class=\"elementor-element elementor-element-6db146d elementor-widget__width-initial elementor-invisible elementor-widget elementor-widget-text-editor\" data-id=\"6db146d\" data-element_type=\"widget\" data-e-type=\"widget\" data-settings=\"{&quot;_animation&quot;:&quot;nussFadeInUp&quot;}\" data-widget_type=\"text-editor.default\">\n\t\t\t\t<div class=\"elementor-widget-container\">\n\t\t\t\t\t\t\t\t\t<p><span class=\"AnswerParser_TextContainer__z_Iiv\" data-testid=\"youchat-text\">Bienvenue au c\u0153ur culinaire de l&#039;H\u00d4TEL VOYAGE INTERNATIONAL, l\u00e0 o\u00f9 l&#039;excellence gastronomique prend son envol !<\/span><\/p>\t\t\t\t\t\t\t\t<\/div>\n\t\t\t\t<\/div>\n\t\t\t\t\t<\/div>\n\t\t<\/div>\n\t\t\t\t\t<\/div>\n\t\t<\/section>\n\t\t<div class=\"elementor-element elementor-element-16217f6 e-flex e-con-boxed e-con e-parent\" data-id=\"16217f6\" data-element_type=\"container\" data-e-type=\"container\">\n\t\t\t\t\t<div class=\"e-con-inner\">\n\t\t<div class=\"elementor-element elementor-element-063fdf0 e-con-full e-flex e-con e-child\" data-id=\"063fdf0\" data-element_type=\"container\" data-e-type=\"container\">\n\t\t\t\t<div class=\"elementor-element elementor-element-422d6e7 elementor-widget elementor-widget-text-editor\" data-id=\"422d6e7\" data-element_type=\"widget\" data-e-type=\"widget\" data-widget_type=\"text-editor.default\">\n\t\t\t\t<div class=\"elementor-widget-container\">\n\t\t\t\t\t\t\t\t\t<p><span class=\"AnswerParser_TextContainer__z_Iiv\" data-testid=\"youchat-text\">Nich\u00e9 dans le quartier anim\u00e9 de Shunyi, \u00e0 deux pas de l&#039;a\u00e9roport de P\u00e9kin, notre restaurant n&#039;est pas seulement un lieu de restauration, c&#039;est un tremplin pour vos papilles gustatives. En entrant dans notre salle \u00e0 manger au design \u00e9l\u00e9gant, vous vous retrouverez transport\u00e9 dans un monde o\u00f9 l&#039;Orient rencontre l&#039;Occident, la tradition embrasse l&#039;innovation et chaque repas est une aventure.<\/span><\/p>\t\t\t\t\t\t\t\t<\/div>\n\t\t\t\t<\/div>\n\t\t\t\t<\/div>\n\t\t<div class=\"elementor-element elementor-element-4acfb57 e-con-full e-flex e-con e-child\" data-id=\"4acfb57\" data-element_type=\"container\" data-e-type=\"container\">\n\t\t\t\t<div class=\"elementor-element elementor-element-e1d7802 elementor-widget elementor-widget-image\" data-id=\"e1d7802\" data-element_type=\"widget\" data-e-type=\"widget\" data-widget_type=\"image.default\">\n\t\t\t\t<div class=\"elementor-widget-container\">\n\t\t\t\t\t\t\t\t\t\t\t\t\t\t\t<img fetchpriority=\"high\" decoding=\"async\" width=\"1024\" height=\"682\" src=\"https:\/\/voyageinternationalhotel.com\/wp-content\/uploads\/2024\/10\/VOYAGE-INTERNATIONAL-HOTEL-87-1024x682.webp\" class=\"attachment-large size-large wp-image-5652\" alt=\"\" srcset=\"https:\/\/voyageinternationalhotel.com\/wp-content\/uploads\/2024\/10\/VOYAGE-INTERNATIONAL-HOTEL-87-1024x682.webp 1024w, https:\/\/voyageinternationalhotel.com\/wp-content\/uploads\/2024\/10\/VOYAGE-INTERNATIONAL-HOTEL-87-300x200.webp 300w, https:\/\/voyageinternationalhotel.com\/wp-content\/uploads\/2024\/10\/VOYAGE-INTERNATIONAL-HOTEL-87-768x512.webp 768w, https:\/\/voyageinternationalhotel.com\/wp-content\/uploads\/2024\/10\/VOYAGE-INTERNATIONAL-HOTEL-87-18x12.webp 18w, https:\/\/voyageinternationalhotel.com\/wp-content\/uploads\/2024\/10\/VOYAGE-INTERNATIONAL-HOTEL-87.webp 1280w\" sizes=\"(max-width: 1024px) 100vw, 1024px\" \/>\t\t\t\t\t\t\t\t\t\t\t\t\t\t\t<\/div>\n\t\t\t\t<\/div>\n\t\t\t\t<\/div>\n\t\t\t\t\t<\/div>\n\t\t\t\t<\/div>\n\t\t<div class=\"elementor-element elementor-element-86b5439 e-flex e-con-boxed e-con e-parent\" data-id=\"86b5439\" data-element_type=\"container\" data-e-type=\"container\">\n\t\t\t\t\t<div class=\"e-con-inner\">\n\t\t<div class=\"elementor-element elementor-element-6c05730 e-con-full e-flex e-con e-child\" data-id=\"6c05730\" data-element_type=\"container\" data-e-type=\"container\">\n\t\t\t\t<div class=\"elementor-element elementor-element-5aa07d5 elementor-widget elementor-widget-image\" data-id=\"5aa07d5\" data-element_type=\"widget\" data-e-type=\"widget\" data-widget_type=\"image.default\">\n\t\t\t\t<div class=\"elementor-widget-container\">\n\t\t\t\t\t\t\t\t\t\t\t\t\t\t\t<img decoding=\"async\" width=\"1024\" height=\"682\" src=\"https:\/\/voyageinternationalhotel.com\/wp-content\/uploads\/2024\/10\/VOYAGE-INTERNATIONAL-HOTEL-49-1024x682.webp\" class=\"attachment-large size-large wp-image-5636\" alt=\"\" srcset=\"https:\/\/voyageinternationalhotel.com\/wp-content\/uploads\/2024\/10\/VOYAGE-INTERNATIONAL-HOTEL-49-1024x682.webp 1024w, https:\/\/voyageinternationalhotel.com\/wp-content\/uploads\/2024\/10\/VOYAGE-INTERNATIONAL-HOTEL-49-300x200.webp 300w, https:\/\/voyageinternationalhotel.com\/wp-content\/uploads\/2024\/10\/VOYAGE-INTERNATIONAL-HOTEL-49-768x512.webp 768w, https:\/\/voyageinternationalhotel.com\/wp-content\/uploads\/2024\/10\/VOYAGE-INTERNATIONAL-HOTEL-49-18x12.webp 18w, https:\/\/voyageinternationalhotel.com\/wp-content\/uploads\/2024\/10\/VOYAGE-INTERNATIONAL-HOTEL-49.webp 1280w\" sizes=\"(max-width: 1024px) 100vw, 1024px\" \/>\t\t\t\t\t\t\t\t\t\t\t\t\t\t\t<\/div>\n\t\t\t\t<\/div>\n\t\t\t\t<\/div>\n\t\t<div class=\"elementor-element elementor-element-53a33a7 e-con-full e-flex e-con e-child\" data-id=\"53a33a7\" data-element_type=\"container\" data-e-type=\"container\">\n\t\t\t\t<div class=\"elementor-element elementor-element-80ba5a8 elementor-widget elementor-widget-text-editor\" data-id=\"80ba5a8\" data-element_type=\"widget\" data-e-type=\"widget\" data-widget_type=\"text-editor.default\">\n\t\t\t\t<div class=\"elementor-widget-container\">\n\t\t\t\t\t\t\t\t\t<p><span class=\"AnswerParser_TextContainer__z_Iiv\" data-testid=\"youchat-text\">Notre \u00e9quipe culinaire, dirig\u00e9e par des chefs de renomm\u00e9e internationale, a \u00e9labor\u00e9 un menu qui d\u00e9passe les attentes. En nous inspirant du riche patrimoine culinaire de P\u00e9kin et en l&#039;infusant de saveurs du monde, nous proposons une exp\u00e9rience culinaire qui refl\u00e8te v\u00e9ritablement notre client\u00e8le internationale. Du succulent canard de P\u00e9kin, pr\u00e9par\u00e9 selon des techniques s\u00e9culaires, aux plats fusion qui repoussent les limites de la gastronomie contemporaine, chaque assiette raconte une histoire d&#039;artisanat culinaire.<\/span><\/p>\t\t\t\t\t\t\t\t<\/div>\n\t\t\t\t<\/div>\n\t\t\t\t<\/div>\n\t\t\t\t\t<\/div>\n\t\t\t\t<\/div>\n\t\t<div class=\"elementor-element elementor-element-5466340 e-flex e-con-boxed e-con e-parent\" data-id=\"5466340\" data-element_type=\"container\" data-e-type=\"container\">\n\t\t\t\t\t<div class=\"e-con-inner\">\n\t\t<div class=\"elementor-element elementor-element-1c53fc9 e-con-full e-flex e-con e-child\" data-id=\"1c53fc9\" data-element_type=\"container\" data-e-type=\"container\">\n\t\t\t\t<div class=\"elementor-element elementor-element-68b94c3 elementor-widget elementor-widget-text-editor\" data-id=\"68b94c3\" data-element_type=\"widget\" data-e-type=\"widget\" data-widget_type=\"text-editor.default\">\n\t\t\t\t<div class=\"elementor-widget-container\">\n\t\t\t\t\t\t\t\t\t<p><span class=\"AnswerParser_TextContainer__z_Iiv\" data-testid=\"youchat-text\">Conscients des besoins vari\u00e9s de nos clients internationaux, nous proposons un service de restauration 24h\/24 et 7j\/7. Que vous luttiez contre le d\u00e9calage horaire \u00e0 3 heures du matin ou que vous vous pr\u00e9pariez \u00e0 un d\u00e9part matinal, notre cuisine est toujours pr\u00eate \u00e0 vous servir. Notre buffet de petit-d\u00e9jeuner est une de nos fiert\u00e9s, offrant un vaste \u00e9ventail d&#039;options orientales et occidentales pour alimenter votre journ\u00e9e, quel que soit le fuseau horaire dans lequel se trouve votre corps.<\/span><\/p>\t\t\t\t\t\t\t\t<\/div>\n\t\t\t\t<\/div>\n\t\t\t\t<\/div>\n\t\t<div class=\"elementor-element elementor-element-bbc447d e-con-full e-flex e-con e-child\" data-id=\"bbc447d\" data-element_type=\"container\" data-e-type=\"container\">\n\t\t\t\t<div class=\"elementor-element elementor-element-86f3188 elementor-widget elementor-widget-image\" data-id=\"86f3188\" data-element_type=\"widget\" data-e-type=\"widget\" data-widget_type=\"image.default\">\n\t\t\t\t<div class=\"elementor-widget-container\">\n\t\t\t\t\t\t\t\t\t\t\t\t\t\t\t<img decoding=\"async\" width=\"1024\" height=\"682\" src=\"https:\/\/voyageinternationalhotel.com\/wp-content\/uploads\/2024\/10\/VOYAGE-INTERNATIONAL-HOTEL-39-1-1024x682.webp\" class=\"attachment-large size-large wp-image-5634\" alt=\"\" srcset=\"https:\/\/voyageinternationalhotel.com\/wp-content\/uploads\/2024\/10\/VOYAGE-INTERNATIONAL-HOTEL-39-1-1024x682.webp 1024w, https:\/\/voyageinternationalhotel.com\/wp-content\/uploads\/2024\/10\/VOYAGE-INTERNATIONAL-HOTEL-39-1-300x200.webp 300w, https:\/\/voyageinternationalhotel.com\/wp-content\/uploads\/2024\/10\/VOYAGE-INTERNATIONAL-HOTEL-39-1-768x512.webp 768w, https:\/\/voyageinternationalhotel.com\/wp-content\/uploads\/2024\/10\/VOYAGE-INTERNATIONAL-HOTEL-39-1-18x12.webp 18w, https:\/\/voyageinternationalhotel.com\/wp-content\/uploads\/2024\/10\/VOYAGE-INTERNATIONAL-HOTEL-39-1.webp 1280w\" sizes=\"(max-width: 1024px) 100vw, 1024px\" \/>\t\t\t\t\t\t\t\t\t\t\t\t\t\t\t<\/div>\n\t\t\t\t<\/div>\n\t\t\t\t<\/div>\n\t\t\t\t\t<\/div>\n\t\t\t\t<\/div>\n\t\t<div class=\"elementor-element elementor-element-a859788 e-flex e-con-boxed e-con e-parent\" data-id=\"a859788\" data-element_type=\"container\" data-e-type=\"container\">\n\t\t\t\t\t<div class=\"e-con-inner\">\n\t\t<div class=\"elementor-element elementor-element-2bbab00 e-con-full e-flex e-con e-child\" data-id=\"2bbab00\" data-element_type=\"container\" data-e-type=\"container\">\n\t\t\t\t<div class=\"elementor-element elementor-element-1044e14 elementor-widget elementor-widget-image\" data-id=\"1044e14\" data-element_type=\"widget\" data-e-type=\"widget\" data-widget_type=\"image.default\">\n\t\t\t\t<div class=\"elementor-widget-container\">\n\t\t\t\t\t\t\t\t\t\t\t\t\t\t\t<img loading=\"lazy\" decoding=\"async\" width=\"682\" height=\"853\" src=\"https:\/\/voyageinternationalhotel.com\/wp-content\/uploads\/2024\/10\/VOYAGE-INTERNATIONAL-HOTEL-02.jpg\" class=\"attachment-large size-large wp-image-5498\" alt=\"\" srcset=\"https:\/\/voyageinternationalhotel.com\/wp-content\/uploads\/2024\/10\/VOYAGE-INTERNATIONAL-HOTEL-02.jpg.webp 682w, https:\/\/voyageinternationalhotel.com\/wp-content\/uploads\/2024\/10\/VOYAGE-INTERNATIONAL-HOTEL-02-240x300.jpg.webp 240w\" sizes=\"(max-width: 682px) 100vw, 682px\" \/>\t\t\t\t\t\t\t\t\t\t\t\t\t\t\t<\/div>\n\t\t\t\t<\/div>\n\t\t\t\t<\/div>\n\t\t<div class=\"elementor-element elementor-element-4a9b21a e-con-full e-flex e-con e-child\" data-id=\"4a9b21a\" data-element_type=\"container\" data-e-type=\"container\">\n\t\t\t\t<div class=\"elementor-element elementor-element-4831381 elementor-widget elementor-widget-text-editor\" data-id=\"4831381\" data-element_type=\"widget\" data-e-type=\"widget\" data-widget_type=\"text-editor.default\">\n\t\t\t\t<div class=\"elementor-widget-container\">\n\t\t\t\t\t\t\t\t\t<p><span class=\"AnswerParser_TextContainer__z_Iiv\" data-testid=\"youchat-text\">Chez VOYAGE INTERNATIONAL HOTEL, nous pensons que la restauration est bien plus qu&#039;un simple moyen de subsistance : c&#039;est un \u00e9l\u00e9ment essentiel de votre exp\u00e9rience de voyage. Notre restaurant est un endroit o\u00f9 les voyageurs fatigu\u00e9s trouvent du r\u00e9confort dans des saveurs famili\u00e8res et o\u00f9 les \u00e2mes aventureuses d\u00e9couvrent de nouveaux horizons culinaires. C&#039;est l\u00e0 que les affaires se concluent autour de steaks parfaitement saisis et que les familles cr\u00e9ent des souvenirs durables autour d&#039;assiettes de raviolis partag\u00e9s.<\/span><\/p><p><span class=\"AnswerParser_TextContainer__z_Iiv\" data-testid=\"youchat-text\">Alors, que vous soyez en d\u00e9but de voyage, en fin de s\u00e9jour ou simplement de passage, nous vous invitons \u00e0 faire une halte dans notre restaurant. Laissez-vous transporter par un voyage gustatif inoubliable. Apr\u00e8s tout, dans le monde des saveurs, il n&#039;y a pas de limite !<\/span><\/p>\t\t\t\t\t\t\t\t<\/div>\n\t\t\t\t<\/div>\n\t\t\t\t<\/div>\n\t\t\t\t\t<\/div>\n\t\t\t\t<\/div>\n\t\t\t\t<\/div>","protected":false},"excerpt":{"rendered":"<p>Welcome to the culinary heart of VOYAGE INTERNATIONAL HOTEL, where gastronomic excellence takes flight! Nestled in the vibrant Shunyi District, just a stone&#8217;s throw from Beijing Capital Airport, our restaurant is not merely a dining venue \u2013 it&#8217;s a launchpad for your taste buds. As you step into our elegantly designed dining space, you&#8217;ll find [&hellip;]<\/p>\n","protected":false},"author":1,"featured_media":0,"parent":0,"menu_order":0,"comment_status":"closed","ping_status":"closed","template":"","meta":{"footnotes":""},"class_list":["post-612","page","type-page","status-publish","hentry","post-no-thumbnail"],"_links":{"self":[{"href":"https:\/\/voyageinternationalhotel.com\/fr\/wp-json\/wp\/v2\/pages\/612","targetHints":{"allow":["GET"]}}],"collection":[{"href":"https:\/\/voyageinternationalhotel.com\/fr\/wp-json\/wp\/v2\/pages"}],"about":[{"href":"https:\/\/voyageinternationalhotel.com\/fr\/wp-json\/wp\/v2\/types\/page"}],"author":[{"embeddable":true,"href":"https:\/\/voyageinternationalhotel.com\/fr\/wp-json\/wp\/v2\/users\/1"}],"replies":[{"embeddable":true,"href":"https:\/\/voyageinternationalhotel.com\/fr\/wp-json\/wp\/v2\/comments?post=612"}],"version-history":[{"count":0,"href":"https:\/\/voyageinternationalhotel.com\/fr\/wp-json\/wp\/v2\/pages\/612\/revisions"}],"wp:attachment":[{"href":"https:\/\/voyageinternationalhotel.com\/fr\/wp-json\/wp\/v2\/media?parent=612"}],"curies":[{"name":"wp","href":"https:\/\/api.w.org\/{rel}","templated":true}]}}