{"id":5266,"date":"2021-07-18T08:03:35","date_gmt":"2021-07-18T08:03:35","guid":{"rendered":"https:\/\/nuss.uxper.co\/luxury-resort\/?page_id=5266"},"modified":"2026-02-23T04:19:56","modified_gmt":"2026-02-23T04:19:56","slug":"a-propos-de-nous","status":"publish","type":"page","link":"https:\/\/voyageinternationalhotel.com\/fr\/about-us\/","title":{"rendered":"\u00c0 propos de nous"},"content":{"rendered":"<div data-elementor-type=\"wp-page\" data-elementor-id=\"5266\" class=\"elementor elementor-5266\">\n\t\t\t\t\t\t<section class=\"elementor-section elementor-top-section elementor-element elementor-element-10416953 elementor-section-boxed elementor-section-gap-beside-yes elementor-section-height-default elementor-section-height-default elementor-section-column-vertical-align-stretch\" data-id=\"10416953\" data-element_type=\"section\" data-e-type=\"section\">\n\t\t\t\t\t\t<div class=\"elementor-container elementor-column-gap-extended\">\n\t\t\t\t\t<div class=\"elementor-column elementor-col-100 elementor-top-column elementor-element elementor-element-29c6aa8\" data-id=\"29c6aa8\" data-element_type=\"column\" data-e-type=\"column\">\n\t\t\t<div class=\"elementor-widget-wrap elementor-element-populated\">\n\t\t\t\t\t\t<div class=\"elementor-element elementor-element-7be18fe7 elementor-widget__width-initial elementor-invisible elementor-widget elementor-widget-text-editor\" data-id=\"7be18fe7\" data-element_type=\"widget\" data-e-type=\"widget\" data-settings=\"{&quot;_animation&quot;:&quot;nussFadeInUp&quot;}\" data-widget_type=\"text-editor.default\">\n\t\t\t\t<div class=\"elementor-widget-container\">\n\t\t\t\t\t\t\t\t\t<p><span class=\"AnswerParser_TextContainer__z_Iiv\" data-testid=\"youchat-text\">Bienvenue au VOYAGE INTERNATIONAL HOTEL, votre premi\u00e8re porte d&#039;entr\u00e9e vers la ville captivante de P\u00e9kin !<\/span><\/p>\t\t\t\t\t\t\t\t<\/div>\n\t\t\t\t<\/div>\n\t\t\t\t\t<\/div>\n\t\t<\/div>\n\t\t\t\t\t<\/div>\n\t\t<\/section>\n\t\t<div class=\"elementor-element elementor-element-1c1c60a e-flex e-con-boxed e-con e-parent\" data-id=\"1c1c60a\" data-element_type=\"container\" data-e-type=\"container\">\n\t\t\t\t\t<div class=\"e-con-inner\">\n\t\t\t\t<div class=\"elementor-element elementor-element-01109d1 elementor-widget elementor-widget-image\" data-id=\"01109d1\" data-element_type=\"widget\" data-e-type=\"widget\" data-widget_type=\"image.default\">\n\t\t\t\t<div class=\"elementor-widget-container\">\n\t\t\t\t\t\t\t\t\t\t\t\t\t\t\t\t<a href=\"https:\/\/www.trip.com\/hotels\/beijing-hotel-detail-80920781\/voyage-international-hotel\/?Allianceid=5415915&#038;SID=119005804&#038;trip_sub1=&#038;trip_sub3=D6172287\" target=\"_blank\" rel=\"noopener\">\n\t\t\t\t\t\t\t<img fetchpriority=\"high\" decoding=\"async\" width=\"1581\" height=\"1468\" src=\"https:\/\/voyageinternationalhotel.com\/wp-content\/uploads\/2026\/02\/VOYAGE-INTERNATIONAL-HOTEL-\u5317\u4eac\u8fdc\u822a\u56fd\u9645\u9152\u5e97-\u9996\u90fd\u673a\u573a\u65b0\u56fd\u5c55\u5e97-Beijing.png\" class=\"attachment-full size-full wp-image-6068\" alt=\"\" srcset=\"https:\/\/voyageinternationalhotel.com\/wp-content\/uploads\/2026\/02\/VOYAGE-INTERNATIONAL-HOTEL-\u5317\u4eac\u8fdc\u822a\u56fd\u9645\u9152\u5e97-\u9996\u90fd\u673a\u573a\u65b0\u56fd\u5c55\u5e97-Beijing.png 1581w, https:\/\/voyageinternationalhotel.com\/wp-content\/uploads\/2026\/02\/VOYAGE-INTERNATIONAL-HOTEL-\u5317\u4eac\u8fdc\u822a\u56fd\u9645\u9152\u5e97-\u9996\u90fd\u673a\u573a\u65b0\u56fd\u5c55\u5e97-Beijing-300x279.png 300w, https:\/\/voyageinternationalhotel.com\/wp-content\/uploads\/2026\/02\/VOYAGE-INTERNATIONAL-HOTEL-\u5317\u4eac\u8fdc\u822a\u56fd\u9645\u9152\u5e97-\u9996\u90fd\u673a\u573a\u65b0\u56fd\u5c55\u5e97-Beijing-1024x951.png 1024w, https:\/\/voyageinternationalhotel.com\/wp-content\/uploads\/2026\/02\/VOYAGE-INTERNATIONAL-HOTEL-\u5317\u4eac\u8fdc\u822a\u56fd\u9645\u9152\u5e97-\u9996\u90fd\u673a\u573a\u65b0\u56fd\u5c55\u5e97-Beijing-768x713.png 768w, https:\/\/voyageinternationalhotel.com\/wp-content\/uploads\/2026\/02\/VOYAGE-INTERNATIONAL-HOTEL-\u5317\u4eac\u8fdc\u822a\u56fd\u9645\u9152\u5e97-\u9996\u90fd\u673a\u573a\u65b0\u56fd\u5c55\u5e97-Beijing-1536x1426.png 1536w, https:\/\/voyageinternationalhotel.com\/wp-content\/uploads\/2026\/02\/VOYAGE-INTERNATIONAL-HOTEL-\u5317\u4eac\u8fdc\u822a\u56fd\u9645\u9152\u5e97-\u9996\u90fd\u673a\u573a\u65b0\u56fd\u5c55\u5e97-Beijing-13x12.png 13w\" sizes=\"(max-width: 1581px) 100vw, 1581px\" \/>\t\t\t\t\t\t\t\t<\/a>\n\t\t\t\t\t\t\t\t\t\t\t\t\t\t\t<\/div>\n\t\t\t\t<\/div>\n\t\t\t\t\t<\/div>\n\t\t\t\t<\/div>\n\t\t\t\t<section class=\"elementor-section elementor-top-section elementor-element elementor-element-7d18327f elementor-section-boxed elementor-section-gap-beside-yes elementor-section-height-default elementor-section-height-default elementor-section-column-vertical-align-stretch\" data-id=\"7d18327f\" data-element_type=\"section\" data-e-type=\"section\">\n\t\t\t\t\t\t<div class=\"elementor-container elementor-column-gap-extended\">\n\t\t\t\t\t<div class=\"elementor-column elementor-col-50 elementor-top-column elementor-element elementor-element-56533670\" data-id=\"56533670\" data-element_type=\"column\" data-e-type=\"column\">\n\t\t\t<div class=\"elementor-widget-wrap elementor-element-populated\">\n\t\t\t\t\t\t<div class=\"elementor-element elementor-element-8e15403 elementor-widget elementor-widget-text-editor\" data-id=\"8e15403\" data-element_type=\"widget\" data-e-type=\"widget\" data-widget_type=\"text-editor.default\">\n\t\t\t\t<div class=\"elementor-widget-container\">\n\t\t\t\t\t\t\t\t\t<p><span class=\"AnswerParser_TextContainer__z_Iiv\" data-testid=\"youchat-text\">Situ\u00e9 strat\u00e9giquement au n\u00b01 de la rue Fuqian Two dans le district de Shunyi, notre h\u00f4tel est un mod\u00e8le de confort et de commodit\u00e9 pour les voyageurs du monde entier. \u00c0 quelques minutes de l&#039;a\u00e9roport de P\u00e9kin, nous offrons une transition en douceur entre le ciel et le sanctuaire, ce qui fait de nous le choix id\u00e9al pour les voyageurs d&#039;affaires comme pour les touristes.<\/span> <span class=\"AnswerParser_TextContainer__z_Iiv\" data-testid=\"youchat-text\">En entrant dans notre hall, vous serez accueilli par une ambiance qui allie avec art l&#039;\u00e9l\u00e9gance contemporaine \u00e0 l&#039;esth\u00e9tique traditionnelle chinoise. Notre philosophie de conception rend hommage au riche patrimoine culturel de P\u00e9kin tout en adoptant le luxe moderne, cr\u00e9ant une atmosph\u00e8re unique qui vous fera sentir \u00e0 la fois chez vous et \u00e0 l&#039;autre bout du monde.<\/span><\/p>\t\t\t\t\t\t\t\t<\/div>\n\t\t\t\t<\/div>\n\t\t\t\t\t<\/div>\n\t\t<\/div>\n\t\t\t\t<div class=\"elementor-column elementor-col-50 elementor-top-column elementor-element elementor-element-30f14127\" data-id=\"30f14127\" data-element_type=\"column\" data-e-type=\"column\">\n\t\t\t<div class=\"elementor-widget-wrap elementor-element-populated\">\n\t\t\t\t\t\t<div class=\"elementor-element elementor-element-350da02e elementor-invisible nuss-elementor-loading nuss-slide-in-left elementor-widget elementor-widget-image\" data-id=\"350da02e\" data-element_type=\"widget\" data-e-type=\"widget\" data-settings=\"{&quot;_animation&quot;:&quot;nussSlideInLeft&quot;}\" data-widget_type=\"image.default\">\n\t\t\t\t<div class=\"elementor-widget-container\">\n\t\t\t\t\t\t\t\t\t\t\t\t\t\t\t<img decoding=\"async\" width=\"682\" height=\"853\" src=\"https:\/\/voyageinternationalhotel.com\/wp-content\/uploads\/2024\/10\/VOYAGE-INTERNATIONAL-HOTEL-Beijing-01.jpg\" class=\"attachment-full size-full wp-image-5497\" alt=\"\" srcset=\"https:\/\/voyageinternationalhotel.com\/wp-content\/uploads\/2024\/10\/VOYAGE-INTERNATIONAL-HOTEL-Beijing-01.jpg 682w, https:\/\/voyageinternationalhotel.com\/wp-content\/uploads\/2024\/10\/VOYAGE-INTERNATIONAL-HOTEL-Beijing-01-240x300.jpg 240w\" sizes=\"(max-width: 682px) 100vw, 682px\" \/>\t\t\t\t\t\t\t\t\t\t\t\t\t\t\t<\/div>\n\t\t\t\t<\/div>\n\t\t\t\t\t<\/div>\n\t\t<\/div>\n\t\t\t\t\t<\/div>\n\t\t<\/section>\n\t\t\t\t<section class=\"elementor-section elementor-top-section elementor-element elementor-element-29fb8578 elementor-section-height-min-height elementor-section-stretched elementor-section-full_width elementor-section-items-stretch elementor-section-height-default elementor-section-column-vertical-align-stretch\" data-id=\"29fb8578\" data-element_type=\"section\" data-e-type=\"section\" data-settings=\"{&quot;stretch_section&quot;:&quot;section-stretched&quot;}\">\n\t\t\t\t\t\t<div class=\"elementor-container elementor-column-gap-no\">\n\t\t\t\t\t<div class=\"elementor-column elementor-col-50 elementor-top-column elementor-element elementor-element-40ac270b\" data-id=\"40ac270b\" data-element_type=\"column\" data-e-type=\"column\">\n\t\t\t<div class=\"elementor-widget-wrap elementor-element-populated\">\n\t\t\t\t\t\t<div class=\"elementor-element elementor-element-20872773 elementor-widget__width-initial elementor-widget-mobile__width-inherit elementor-invisible nuss-elementor-loading nuss-slide-in-right elementor-widget elementor-widget-image\" data-id=\"20872773\" data-element_type=\"widget\" data-e-type=\"widget\" data-settings=\"{&quot;_animation&quot;:&quot;nussSlideInRight&quot;}\" data-widget_type=\"image.default\">\n\t\t\t\t<div class=\"elementor-widget-container\">\n\t\t\t\t\t\t\t\t\t\t\t\t\t\t\t<img decoding=\"async\" width=\"1280\" height=\"853\" src=\"https:\/\/voyageinternationalhotel.com\/wp-content\/uploads\/2024\/10\/VOYAGE-INTERNATIONAL-HOTEL-78.webp\" class=\"attachment-full size-full wp-image-5648\" alt=\"\" srcset=\"https:\/\/voyageinternationalhotel.com\/wp-content\/uploads\/2024\/10\/VOYAGE-INTERNATIONAL-HOTEL-78.webp 1280w, https:\/\/voyageinternationalhotel.com\/wp-content\/uploads\/2024\/10\/VOYAGE-INTERNATIONAL-HOTEL-78-300x200.webp 300w, https:\/\/voyageinternationalhotel.com\/wp-content\/uploads\/2024\/10\/VOYAGE-INTERNATIONAL-HOTEL-78-1024x682.webp 1024w, https:\/\/voyageinternationalhotel.com\/wp-content\/uploads\/2024\/10\/VOYAGE-INTERNATIONAL-HOTEL-78-768x512.webp 768w, https:\/\/voyageinternationalhotel.com\/wp-content\/uploads\/2024\/10\/VOYAGE-INTERNATIONAL-HOTEL-78-18x12.webp 18w\" sizes=\"(max-width: 1280px) 100vw, 1280px\" \/>\t\t\t\t\t\t\t\t\t\t\t\t\t\t\t<\/div>\n\t\t\t\t<\/div>\n\t\t\t\t\t<\/div>\n\t\t<\/div>\n\t\t\t\t<div class=\"elementor-column elementor-col-50 elementor-top-column elementor-element elementor-element-2dac103\" data-id=\"2dac103\" data-element_type=\"column\" data-e-type=\"column\">\n\t\t\t<div class=\"elementor-widget-wrap elementor-element-populated\">\n\t\t\t\t\t\t<div class=\"elementor-element elementor-element-6f1b8966 elementor-invisible elementor-widget elementor-widget-text-editor\" data-id=\"6f1b8966\" data-element_type=\"widget\" data-e-type=\"widget\" data-settings=\"{&quot;_animation&quot;:&quot;nussFadeInUp&quot;}\" data-widget_type=\"text-editor.default\">\n\t\t\t\t<div class=\"elementor-widget-container\">\n\t\t\t\t\t\t\t\t\t<p><span class=\"AnswerParser_TextContainer__z_Iiv\" data-testid=\"youchat-text\">Nos chambres et suites sont soigneusement am\u00e9nag\u00e9es pour r\u00e9pondre aux besoins des voyageurs internationaux exigeants. Chaque espace est un havre de paix, dot\u00e9 d&#039;une literie moelleuse, d&#039;une technologie de pointe et d&#039;une vue panoramique sur le paysage urbain environnant ou les jardins luxuriants. Que vous vous pr\u00e9pariez pour une r\u00e9union d&#039;affaires cruciale ou que vous vous remettiez d&#039;un long vol, nos h\u00e9bergements constituent le refuge id\u00e9al.<\/span><\/p>\t\t\t\t\t\t\t\t<\/div>\n\t\t\t\t<\/div>\n\t\t\t\t<div class=\"elementor-element elementor-element-4227e535 elementor-invisible elementor-widget elementor-widget-button\" data-id=\"4227e535\" data-element_type=\"widget\" data-e-type=\"widget\" data-settings=\"{&quot;_animation&quot;:&quot;nussFadeInUp&quot;}\" data-widget_type=\"button.default\">\n\t\t\t\t<div class=\"elementor-widget-container\">\n\t\t\t\t\t\t\t\t\t<div class=\"elementor-button-wrapper\">\n\t\t\t\t\t<a class=\"elementor-button elementor-button-link elementor-size-sm\" href=\"https:\/\/voyageinternationalhotel.com\/fr\/chambres\/\">\n\t\t\t\t\t\t<span class=\"elementor-button-content-wrapper\">\n\t\t\t\t\t\t\t\t\t<span class=\"elementor-button-text\">En savoir plus<\/span>\n\t\t\t\t\t<\/span>\n\t\t\t\t\t<\/a>\n\t\t\t\t<\/div>\n\t\t\t\t\t\t\t\t<\/div>\n\t\t\t\t<\/div>\n\t\t\t\t\t<\/div>\n\t\t<\/div>\n\t\t\t\t\t<\/div>\n\t\t<\/section>\n\t\t\t\t<section class=\"elementor-section elementor-top-section elementor-element elementor-element-d1c0fbc elementor-section-height-min-height elementor-section-stretched elementor-section-full_width elementor-section-items-stretch elementor-section-height-default elementor-section-column-vertical-align-stretch\" data-id=\"d1c0fbc\" data-element_type=\"section\" data-e-type=\"section\" data-settings=\"{&quot;stretch_section&quot;:&quot;section-stretched&quot;}\">\n\t\t\t\t\t\t<div class=\"elementor-container elementor-column-gap-no\">\n\t\t\t\t\t<div class=\"elementor-column elementor-col-50 elementor-top-column elementor-element elementor-element-7b26b6f\" data-id=\"7b26b6f\" data-element_type=\"column\" data-e-type=\"column\">\n\t\t\t<div class=\"elementor-widget-wrap elementor-element-populated\">\n\t\t\t\t\t\t<div class=\"elementor-element elementor-element-33a4a29 elementor-invisible elementor-widget elementor-widget-text-editor\" data-id=\"33a4a29\" data-element_type=\"widget\" data-e-type=\"widget\" data-settings=\"{&quot;_animation&quot;:&quot;nussFadeInUp&quot;}\" data-widget_type=\"text-editor.default\">\n\t\t\t\t<div class=\"elementor-widget-container\">\n\t\t\t\t\t\t\t\t\t<p><span class=\"AnswerParser_TextContainer__z_Iiv\" data-testid=\"youchat-text\">Chez VOYAGE INTERNATIONAL HOTEL, nous savons que votre temps est pr\u00e9cieux. C&#039;est pourquoi nous vous proposons une gamme d&#039;\u00e9quipements con\u00e7us pour optimiser votre s\u00e9jour. Notre centre de remise en forme ouvert 24h\/24 vous permet de maintenir votre routine d&#039;entra\u00eenement, tandis que notre centre d&#039;affaires vous offre tous les outils dont vous avez besoin pour rester productif. Pour votre d\u00e9tente, notre spa propose une vari\u00e9t\u00e9 de soins inspir\u00e9s des traditions de gu\u00e9rison orientales et occidentales.<\/span><\/p>\t\t\t\t\t\t\t\t<\/div>\n\t\t\t\t<\/div>\n\t\t\t\t\t<\/div>\n\t\t<\/div>\n\t\t\t\t<div class=\"elementor-column elementor-col-50 elementor-top-column elementor-element elementor-element-1feb4e7\" data-id=\"1feb4e7\" data-element_type=\"column\" data-e-type=\"column\">\n\t\t\t<div class=\"elementor-widget-wrap elementor-element-populated\">\n\t\t\t\t\t\t<div class=\"elementor-element elementor-element-286e464 elementor-widget__width-initial elementor-widget-mobile__width-inherit elementor-invisible nuss-elementor-loading nuss-slide-in-right elementor-widget elementor-widget-image\" data-id=\"286e464\" data-element_type=\"widget\" data-e-type=\"widget\" data-settings=\"{&quot;_animation&quot;:&quot;nussSlideInRight&quot;}\" data-widget_type=\"image.default\">\n\t\t\t\t<div class=\"elementor-widget-container\">\n\t\t\t\t\t\t\t\t\t\t\t\t\t\t\t<img loading=\"lazy\" decoding=\"async\" width=\"1280\" height=\"853\" src=\"https:\/\/voyageinternationalhotel.com\/wp-content\/uploads\/2024\/10\/VOYAGE-INTERNATIONAL-HOTEL-57-1.webp\" class=\"attachment-full size-full wp-image-5640\" alt=\"\" srcset=\"https:\/\/voyageinternationalhotel.com\/wp-content\/uploads\/2024\/10\/VOYAGE-INTERNATIONAL-HOTEL-57-1.webp 1280w, https:\/\/voyageinternationalhotel.com\/wp-content\/uploads\/2024\/10\/VOYAGE-INTERNATIONAL-HOTEL-57-1-300x200.webp 300w, https:\/\/voyageinternationalhotel.com\/wp-content\/uploads\/2024\/10\/VOYAGE-INTERNATIONAL-HOTEL-57-1-1024x682.webp 1024w, https:\/\/voyageinternationalhotel.com\/wp-content\/uploads\/2024\/10\/VOYAGE-INTERNATIONAL-HOTEL-57-1-768x512.webp 768w, https:\/\/voyageinternationalhotel.com\/wp-content\/uploads\/2024\/10\/VOYAGE-INTERNATIONAL-HOTEL-57-1-18x12.webp 18w\" sizes=\"(max-width: 1280px) 100vw, 1280px\" \/>\t\t\t\t\t\t\t\t\t\t\t\t\t\t\t<\/div>\n\t\t\t\t<\/div>\n\t\t\t\t\t<\/div>\n\t\t<\/div>\n\t\t\t\t\t<\/div>\n\t\t<\/section>\n\t\t\t\t<section class=\"elementor-section elementor-top-section elementor-element elementor-element-b9e628f elementor-section-height-min-height elementor-section-stretched elementor-section-full_width elementor-section-items-stretch elementor-section-height-default elementor-section-column-vertical-align-stretch\" data-id=\"b9e628f\" data-element_type=\"section\" data-e-type=\"section\" data-settings=\"{&quot;stretch_section&quot;:&quot;section-stretched&quot;}\">\n\t\t\t\t\t\t<div class=\"elementor-container elementor-column-gap-no\">\n\t\t\t\t\t<div class=\"elementor-column elementor-col-50 elementor-top-column elementor-element elementor-element-5ef9219\" data-id=\"5ef9219\" data-element_type=\"column\" data-e-type=\"column\">\n\t\t\t<div class=\"elementor-widget-wrap elementor-element-populated\">\n\t\t\t\t\t\t<div class=\"elementor-element elementor-element-2a60b3d elementor-widget__width-initial elementor-widget-mobile__width-inherit elementor-invisible nuss-elementor-loading nuss-slide-in-right elementor-widget elementor-widget-image\" data-id=\"2a60b3d\" data-element_type=\"widget\" data-e-type=\"widget\" data-settings=\"{&quot;_animation&quot;:&quot;nussSlideInRight&quot;}\" data-widget_type=\"image.default\">\n\t\t\t\t<div class=\"elementor-widget-container\">\n\t\t\t\t\t\t\t\t\t\t\t\t\t\t\t<img loading=\"lazy\" decoding=\"async\" width=\"1280\" height=\"853\" src=\"https:\/\/voyageinternationalhotel.com\/wp-content\/uploads\/2024\/10\/VOYAGE-INTERNATIONAL-HOTEL-7.webp\" class=\"attachment-full size-full wp-image-5625\" alt=\"\" srcset=\"https:\/\/voyageinternationalhotel.com\/wp-content\/uploads\/2024\/10\/VOYAGE-INTERNATIONAL-HOTEL-7.webp 1280w, https:\/\/voyageinternationalhotel.com\/wp-content\/uploads\/2024\/10\/VOYAGE-INTERNATIONAL-HOTEL-7-300x200.webp 300w, https:\/\/voyageinternationalhotel.com\/wp-content\/uploads\/2024\/10\/VOYAGE-INTERNATIONAL-HOTEL-7-1024x682.webp 1024w, https:\/\/voyageinternationalhotel.com\/wp-content\/uploads\/2024\/10\/VOYAGE-INTERNATIONAL-HOTEL-7-768x512.webp 768w, https:\/\/voyageinternationalhotel.com\/wp-content\/uploads\/2024\/10\/VOYAGE-INTERNATIONAL-HOTEL-7-18x12.webp 18w\" sizes=\"(max-width: 1280px) 100vw, 1280px\" \/>\t\t\t\t\t\t\t\t\t\t\t\t\t\t\t<\/div>\n\t\t\t\t<\/div>\n\t\t\t\t\t<\/div>\n\t\t<\/div>\n\t\t\t\t<div class=\"elementor-column elementor-col-50 elementor-top-column elementor-element elementor-element-a06246c\" data-id=\"a06246c\" data-element_type=\"column\" data-e-type=\"column\">\n\t\t\t<div class=\"elementor-widget-wrap elementor-element-populated\">\n\t\t\t\t\t\t<div class=\"elementor-element elementor-element-7eef231 elementor-invisible elementor-widget elementor-widget-text-editor\" data-id=\"7eef231\" data-element_type=\"widget\" data-e-type=\"widget\" data-settings=\"{&quot;_animation&quot;:&quot;nussFadeInUp&quot;}\" data-widget_type=\"text-editor.default\">\n\t\t\t\t<div class=\"elementor-widget-container\">\n\t\t\t\t\t\t\t\t\t<p><span class=\"AnswerParser_TextContainer__z_Iiv\" data-testid=\"youchat-text\">Les amateurs de cuisine seront combl\u00e9s par nos diverses options de restauration. De la cuisine authentique de P\u00e9kin aux sp\u00e9cialit\u00e9s internationales, nos restaurants s&#039;adressent \u00e0 tous les palais. Ne manquez pas notre bar sur le toit, o\u00f9 vous pourrez siroter des cocktails pr\u00e9par\u00e9s par des experts tout en profitant d&#039;une vue imprenable sur les pistes anim\u00e9es de l&#039;a\u00e9roport. <\/span><\/p><p><span class=\"AnswerParser_TextContainer__z_Iiv\" data-testid=\"youchat-text\">Pour ceux qui souhaitent explorer, notre \u00e9quipe de conciergerie est \u00e0 votre disposition pour vous aider \u00e0 d\u00e9couvrir les merveilles de P\u00e9kin. De la Grande Muraille \u00e0 la Cit\u00e9 interdite, nous pouvons organiser des visites et des transports pour vous assurer de profiter au maximum de votre visite. <\/span><\/p><p><span class=\"AnswerParser_TextContainer__z_Iiv\" data-testid=\"youchat-text\">Au VOYAGE INTERNATIONAL HOTEL, nous sommes bien plus qu&#039;un simple lieu de s\u00e9jour : nous sommes votre maison \u00e0 P\u00e9kin, votre point de d\u00e9part pour l&#039;aventure et votre sanctuaire dans le ciel. D\u00e9couvrez le m\u00e9lange parfait de l&#039;hospitalit\u00e9 orientale et du confort occidental. Votre voyage commence ici !<\/span><\/p>\t\t\t\t\t\t\t\t<\/div>\n\t\t\t\t<\/div>\n\t\t\t\t\t<\/div>\n\t\t<\/div>\n\t\t\t\t\t<\/div>\n\t\t<\/section>\n\t\t\t\t<\/div>","protected":false},"excerpt":{"rendered":"<p>Welcome to VOYAGE INTERNATIONAL HOTEL, your premier gateway to the captivating city of Beijing! Strategically situated at No.1 Fuqian Two Street in the Shunyi District, our hotel stands as a beacon of comfort and convenience for travelers from around the globe. Just moments away from Beijing Capital Airport, we offer a seamless transition from sky [&hellip;]<\/p>\n","protected":false},"author":1,"featured_media":0,"parent":0,"menu_order":0,"comment_status":"closed","ping_status":"closed","template":"","meta":{"footnotes":""},"class_list":["post-5266","page","type-page","status-publish","hentry","post-no-thumbnail"],"_links":{"self":[{"href":"https:\/\/voyageinternationalhotel.com\/fr\/wp-json\/wp\/v2\/pages\/5266","targetHints":{"allow":["GET"]}}],"collection":[{"href":"https:\/\/voyageinternationalhotel.com\/fr\/wp-json\/wp\/v2\/pages"}],"about":[{"href":"https:\/\/voyageinternationalhotel.com\/fr\/wp-json\/wp\/v2\/types\/page"}],"author":[{"embeddable":true,"href":"https:\/\/voyageinternationalhotel.com\/fr\/wp-json\/wp\/v2\/users\/1"}],"replies":[{"embeddable":true,"href":"https:\/\/voyageinternationalhotel.com\/fr\/wp-json\/wp\/v2\/comments?post=5266"}],"version-history":[{"count":0,"href":"https:\/\/voyageinternationalhotel.com\/fr\/wp-json\/wp\/v2\/pages\/5266\/revisions"}],"wp:attachment":[{"href":"https:\/\/voyageinternationalhotel.com\/fr\/wp-json\/wp\/v2\/media?parent=5266"}],"curies":[{"name":"wp","href":"https:\/\/api.w.org\/{rel}","templated":true}]}}