{"id":2109,"date":"2021-03-26T08:35:58","date_gmt":"2021-03-26T08:35:58","guid":{"rendered":"http:\/\/localhost\/nuss\/?page_id=536"},"modified":"2026-02-23T04:56:02","modified_gmt":"2026-02-23T04:56:02","slug":"installations-commerciales","status":"publish","type":"page","link":"https:\/\/voyageinternationalhotel.com\/fr\/business-facilities\/","title":{"rendered":"Installations commerciales"},"content":{"rendered":"<div data-elementor-type=\"wp-page\" data-elementor-id=\"2109\" class=\"elementor elementor-2109\">\n\t\t\t\t\t\t<section class=\"elementor-section elementor-top-section elementor-element elementor-element-bb2901b elementor-section-boxed elementor-section-gap-beside-yes elementor-section-height-default elementor-section-height-default elementor-section-column-vertical-align-stretch\" data-id=\"bb2901b\" data-element_type=\"section\" data-e-type=\"section\">\n\t\t\t\t\t\t<div class=\"elementor-container elementor-column-gap-extended\">\n\t\t\t\t\t<div class=\"elementor-column elementor-col-100 elementor-top-column elementor-element elementor-element-1919db9\" data-id=\"1919db9\" data-element_type=\"column\" data-e-type=\"column\">\n\t\t\t<div class=\"elementor-widget-wrap elementor-element-populated\">\n\t\t\t\t\t\t<div class=\"elementor-element elementor-element-41a7b9c elementor-widget__width-initial elementor-invisible elementor-widget elementor-widget-text-editor\" data-id=\"41a7b9c\" data-element_type=\"widget\" data-e-type=\"widget\" data-settings=\"{&quot;_animation&quot;:&quot;nussFadeInUp&quot;}\" data-widget_type=\"text-editor.default\">\n\t\t\t\t<div class=\"elementor-widget-container\">\n\t\t\t\t\t\t\t\t\t<h4 class=\"qwen-markdown-heading\"><span class=\"qwen-markdown-text\" data-spm-anchor-id=\"a2ty_o01.29997173.0.i19.17ea5171uvEwxe\">Installations d&#039;affaires de premier ordre \u00e0 l&#039;h\u00f4tel Voyage International (Nouveau magasin national d&#039;exposition de l&#039;a\u00e9roport de la capitale)<\/span><\/h4>\t\t\t\t\t\t\t\t<\/div>\n\t\t\t\t<\/div>\n\t\t\t\t\t<\/div>\n\t\t<\/div>\n\t\t\t\t\t<\/div>\n\t\t<\/section>\n\t\t<div class=\"elementor-element elementor-element-a247be5 e-flex e-con-boxed e-con e-parent\" data-id=\"a247be5\" data-element_type=\"container\" data-e-type=\"container\">\n\t\t\t\t\t<div class=\"e-con-inner\">\n\t\t\t\t<div class=\"elementor-element elementor-element-1d671e3 elementor-widget elementor-widget-text-editor\" data-id=\"1d671e3\" data-element_type=\"widget\" data-e-type=\"widget\" data-widget_type=\"text-editor.default\">\n\t\t\t\t<div class=\"elementor-widget-container\">\n\t\t\t\t\t\t\t\t\t<h2 class=\"qwen-markdown-heading\"><span class=\"qwen-markdown-text\" data-spm-anchor-id=\"a2ty_o01.29997173.0.i18.17ea5171uvEwxe\">Am\u00e9liorer les voyages d&#039;affaires dans le district de Shunyi \u00e0 P\u00e9kin<\/span><\/h2><div class=\"qwen-markdown-paragraph\"><span class=\"qwen-markdown-text\">Dans le monde tr\u00e9pidant du commerce international, la fronti\u00e8re entre voyage et productivit\u00e9 doit \u00eatre imperceptible. Situ\u00e9 au c\u0153ur strat\u00e9gique du p\u00f4le a\u00e9roportuaire et d&#039;expositions de P\u00e9kin, le <\/span><strong class=\"qwen-markdown-strong\"><span class=\"qwen-markdown-text\">H\u00f4tel Voyage International (Boutique du nouvel espace d&#039;exposition national de l&#039;a\u00e9roport de la capitale)<\/span><\/strong><span class=\"qwen-markdown-text\"> se pr\u00e9sente comme une destination de premier choix pour les voyageurs d&#039;affaires exigeants. Situ\u00e9 \u00e0 <\/span><strong class=\"qwen-markdown-strong\"><span class=\"qwen-markdown-text\">No.1 Fuqian Two Street, a\u00e9roport de la capitale, district de Shunyi, P\u00e9kin, Chine<\/span><\/strong><span class=\"qwen-markdown-text\">, Cette propri\u00e9t\u00e9 n&#039;est pas simplement un lieu de repos ; c&#039;est un \u00e9cosyst\u00e8me d&#039;affaires enti\u00e8rement int\u00e9gr\u00e9, con\u00e7u pour favoriser la r\u00e9ussite.<\/span><\/div><div class=\"qwen-markdown-space\">\u00a0<\/div><div class=\"qwen-markdown-paragraph\"><span class=\"qwen-markdown-text\">Pour les professionnels participant au Centre international des expositions de Chine (nouveau site), prenant un vol matinal depuis l&#039;a\u00e9roport international de P\u00e9kin (PEK) ou g\u00e9rant des op\u00e9rations d&#039;entreprise dans le district de Shunyi, l&#039;h\u00f4tel Voyage International offre un parfait \u00e9quilibre entre confort, technologie et hospitalit\u00e9. Cette pr\u00e9sentation d\u00e9taill\u00e9e explore les installations compl\u00e8tes qui font de cet h\u00f4tel le choix id\u00e9al pour les voyageurs d&#039;affaires et les professionnels participant \u00e0 des \u00e9v\u00e9nements MICE (r\u00e9unions, incentives, congr\u00e8s et expositions).<\/span><\/div><div class=\"qwen-markdown-space\">\u00a0<\/div><div class=\"qwen-markdown-hr\"><hr \/><\/div><div class=\"qwen-markdown-space\">\u00a0<\/div><h2 class=\"qwen-markdown-heading\"><span class=\"qwen-markdown-text\">Emplacement strat\u00e9gique : la porte d&#039;entr\u00e9e du monde des affaires \u00e0 P\u00e9kin<\/span><\/h2><div class=\"qwen-markdown-paragraph\"><span class=\"qwen-markdown-text\">Le principal atout du Voyage International Hotel r\u00e9side dans sa situation g\u00e9ographique exceptionnelle. Dans le monde des voyages d&#039;affaires, le temps est un atout pr\u00e9cieux.<\/span><\/div><div class=\"qwen-markdown-space\">\u00a0<\/div><ul class=\"qwen-markdown-list\" dir=\"auto\"><li><strong class=\"qwen-markdown-strong\"><span class=\"qwen-markdown-text\">Proximit\u00e9 de l&#039;a\u00e9roport international de la capitale\u00a0:<\/span><\/strong><span class=\"qwen-markdown-text\"> Situ\u00e9 \u00e0 quelques minutes de l&#039;a\u00e9roport international de P\u00e9kin, cet h\u00f4tel minimise le stress li\u00e9 aux d\u00e9placements des voyageurs partant t\u00f4t le matin ou arrivant tard le soir. Cette proximit\u00e9 est essentielle pour les cadres ayant des horaires internationaux charg\u00e9s.<\/span><\/li><li><strong class=\"qwen-markdown-strong\"><span class=\"qwen-markdown-text\">Acc\u00e8s au nouveau centre national des expositions\u00a0:<\/span><\/strong><span class=\"qwen-markdown-text\"> Comme son nom l&#039;indique, l&#039;h\u00f4tel constitue un point de d\u00e9part id\u00e9al pour les participants aux salons professionnels. Son label \u201c\u00a0Nouveau centre d&#039;exposition national\u00a0\u201d souligne son emplacement strat\u00e9gique pour les exposants et les visiteurs de la zone d&#039;exposition de Shunyi, r\u00e9duisant ainsi leurs temps de trajet vers les principaux halls de congr\u00e8s.<\/span><\/li><li><strong class=\"qwen-markdown-strong\"><span class=\"qwen-markdown-text\">Connectivit\u00e9 du district de Shunyi\u00a0:<\/span><\/strong><span class=\"qwen-markdown-text\"> Au-del\u00e0 de l&#039;a\u00e9roport, l&#039;h\u00f4tel offre un acc\u00e8s facile au vaste quartier d&#039;affaires de Shunyi, reliant les clients aux parcs industriels, aux plateformes logistiques et aux si\u00e8ges sociaux des entreprises du nord de P\u00e9kin.<\/span><\/li><\/ul><div class=\"qwen-markdown-space\">\u00a0<\/div><div class=\"qwen-markdown-hr\"><hr \/><\/div><div class=\"qwen-markdown-space\">\u00a0<\/div><h2 class=\"qwen-markdown-heading\"><span class=\"qwen-markdown-text\">Salles de r\u00e9union et de conf\u00e9rence ultramodernes<\/span><\/h2><div class=\"qwen-markdown-paragraph\"><span class=\"qwen-markdown-text\">L&#039;h\u00f4tel Voyage International sait que les accords commerciaux se concluent souvent en dehors des bureaux traditionnels. Nos infrastructures de conf\u00e9rence sont con\u00e7ues pour accueillir tous types d&#039;\u00e9v\u00e9nements, des r\u00e9unions de conseil d&#039;administration en petit comit\u00e9 aux pr\u00e9sentations d&#039;entreprise de grande envergure.<\/span><\/div><div class=\"qwen-markdown-space\">\u00a0<\/div><h3 class=\"qwen-markdown-heading\"><span class=\"qwen-markdown-text\">Espaces \u00e9v\u00e9nementiels flexibles<\/span><\/h3><div class=\"qwen-markdown-paragraph\"><span class=\"qwen-markdown-text\">Nos salles de r\u00e9union sont modulables et adaptables. Que vous ayez besoin d&#039;un cadre priv\u00e9 pour une n\u00e9gociation de haut niveau ou d&#039;un espace ouvert pour une s\u00e9ance de brainstorming en \u00e9quipe, nos installations peuvent \u00eatre configur\u00e9es selon vos besoins sp\u00e9cifiques.<\/span><\/div><ul class=\"qwen-markdown-list\" dir=\"auto\"><li><strong class=\"qwen-markdown-strong\"><span class=\"qwen-markdown-text\">Salles de r\u00e9union :<\/span><\/strong><span class=\"qwen-markdown-text\"> Id\u00e9al pour les prises de d\u00e9cision de haut niveau, \u00e9quip\u00e9 de tables de conf\u00e9rence haut de gamme et de si\u00e8ges ergonomiques.<\/span><\/li><li><strong class=\"qwen-markdown-strong\"><span class=\"qwen-markdown-text\">Salles de formation :<\/span><\/strong><span class=\"qwen-markdown-text\"> Id\u00e9al pour les ateliers et s\u00e9minaires d&#039;entreprise, offrant des configurations de type salle de classe.<\/span><\/li><li><strong class=\"qwen-markdown-strong\"><span class=\"qwen-markdown-text\">Salles de banquet :<\/span><\/strong><span class=\"qwen-markdown-text\"> Id\u00e9al pour les galas d&#039;entreprise, les d\u00eeners de r\u00e9seautage et les \u00e9v\u00e9nements de lancement de produits.<\/span><\/li><\/ul><div class=\"qwen-markdown-space\">\u00a0<\/div><h3 class=\"qwen-markdown-heading\"><span class=\"qwen-markdown-text\">Technologie audiovisuelle avanc\u00e9e<\/span><\/h3><div class=\"qwen-markdown-paragraph\"><span class=\"qwen-markdown-text\">Pour que votre pr\u00e9sentation soit aussi percutante que votre message, nos locaux sont \u00e9quip\u00e9s de technologies modernes\u00a0:<\/span><\/div><ul class=\"qwen-markdown-list\" dir=\"auto\"><li><span class=\"qwen-markdown-text\">Projecteurs haute d\u00e9finition et \u00e9crans LED grand format.<\/span><\/li><li><span class=\"qwen-markdown-text\">Syst\u00e8mes audio professionnels avec microphones sans fil.<\/span><\/li><li><span class=\"qwen-markdown-text\">Outils de vid\u00e9oconf\u00e9rence pour communiquer avec les parties prenantes \u00e0 distance dans le monde entier.<\/span><\/li><li><span class=\"qwen-markdown-text\">Une \u00e9quipe d&#039;assistance technique d\u00e9di\u00e9e est disponible pendant les \u00e9v\u00e9nements pour r\u00e9soudre instantan\u00e9ment tout probl\u00e8me.<\/span><\/li><\/ul><div class=\"qwen-markdown-space\">\u00a0<\/div><div class=\"qwen-markdown-hr\"><hr \/><\/div><div class=\"qwen-markdown-space\">\u00a0<\/div><h2 class=\"qwen-markdown-heading\"><span class=\"qwen-markdown-text\">\u00c9quipements professionnels en chambre : Votre bureau loin de chez vous<\/span><\/h2><div class=\"qwen-markdown-paragraph\"><span class=\"qwen-markdown-text\">Nous savons que le travail ne se limite pas aux salles de conf\u00e9rence. Les chambres du Voyage International Hotel sont con\u00e7ues pour servir d&#039;espaces de travail priv\u00e9s et productifs.<\/span><\/div><div class=\"qwen-markdown-space\">\u00a0<\/div><ul class=\"qwen-markdown-list\" dir=\"auto\"><li><strong class=\"qwen-markdown-strong\"><span class=\"qwen-markdown-text\">Internet par fibre optique \u00e0 haut d\u00e9bit\u00a0:<\/span><\/strong><span class=\"qwen-markdown-text\"> Un acc\u00e8s Wi-Fi fiable, s\u00e9curis\u00e9 et \u00e0 haut d\u00e9bit est disponible dans tout l&#039;h\u00f4tel, garantissant des appels vid\u00e9o fluides et des transferts de fichiers volumineux.<\/span><\/li><li><strong class=\"qwen-markdown-strong\"><span class=\"qwen-markdown-text\">Postes de travail ergonomiques :<\/span><\/strong><span class=\"qwen-markdown-text\"> Chaque salle dispose d&#039;un bureau d\u00e9di\u00e9 avec un \u00e9clairage adapt\u00e9 et des si\u00e8ges confortables pour r\u00e9duire la fatigue lors des longues heures de travail.<\/span><\/li><li><strong class=\"qwen-markdown-strong\"><span class=\"qwen-markdown-text\">Connectivit\u00e9 \u00e9nerg\u00e9tique internationale :<\/span><\/strong><span class=\"qwen-markdown-text\"> Des prises de courant multi-normes et des ports de chargement USB sont judicieusement situ\u00e9s \u00e0 proximit\u00e9 de l&#039;espace de travail pour alimenter tous les appareils.<\/span><\/li><li><strong class=\"qwen-markdown-strong\"><span class=\"qwen-markdown-text\">Environnement calme :<\/span><\/strong><span class=\"qwen-markdown-text\"> Les fen\u00eatres et les murs insonoris\u00e9s garantissent un environnement sans distraction, essentiel \u00e0 la concentration et \u00e0 un sommeil r\u00e9parateur entre les r\u00e9unions.<\/span><\/li><\/ul><div class=\"qwen-markdown-space\">\u00a0<\/div><div class=\"qwen-markdown-hr\"><hr \/><\/div><div class=\"qwen-markdown-space\">\u00a0<\/div><h2 class=\"qwen-markdown-heading\"><span class=\"qwen-markdown-text\">Services complets de centre d&#039;affaires<\/span><\/h2><div class=\"qwen-markdown-paragraph\"><span class=\"qwen-markdown-text\">Pour les clients ayant besoin d&#039;assistance administrative, le centre d&#039;affaires de l&#039;h\u00f4tel fait office de prolongement de votre bureau. Ouvert \u00e0 tous les clients, il propose des services essentiels au bon fonctionnement de vos activit\u00e9s.<\/span><\/div><div class=\"qwen-markdown-space\">\u00a0<\/div><ul class=\"qwen-markdown-list\" dir=\"auto\"><li><strong class=\"qwen-markdown-strong\"><span class=\"qwen-markdown-text\">Services de documentation\u00a0:<\/span><\/strong><span class=\"qwen-markdown-text\"> Des services d&#039;impression, de num\u00e9risation, de photocopie et de reliure \u00e0 grande vitesse sont disponibles pour les documents de pr\u00e9sentation ou de voyage de derni\u00e8re minute.<\/span><\/li><li><strong class=\"qwen-markdown-strong\"><span class=\"qwen-markdown-text\">Soutien administratif :<\/span><\/strong><span class=\"qwen-markdown-text\"> Une assistance pour la saisie de donn\u00e9es, la traduction et les services de messagerie peut \u00eatre organis\u00e9e sur demande.<\/span><\/li><li><strong class=\"qwen-markdown-strong\"><span class=\"qwen-markdown-text\">Postes de travail priv\u00e9s\u00a0:<\/span><\/strong><span class=\"qwen-markdown-text\"> Pour les clients qui pr\u00e9f\u00e8rent ne pas travailler dans leur chambre, le centre d&#039;affaires propose des espaces de travail calmes \u00e9quip\u00e9s d&#039;ordinateurs de bureau et de fournitures de bureau.<\/span><\/li><li><strong class=\"qwen-markdown-strong\"><span class=\"qwen-markdown-text\">Gestion du courrier et des colis :<\/span><\/strong><span class=\"qwen-markdown-text\"> R\u00e9ception et exp\u00e9dition s\u00e9curis\u00e9es du courrier et des colis commerciaux.<\/span><\/li><\/ul><div class=\"qwen-markdown-space\">\u00a0<\/div><div class=\"qwen-markdown-hr\"><hr \/><\/div><div class=\"qwen-markdown-space\">\u00a0<\/div><h2 class=\"qwen-markdown-heading\"><span class=\"qwen-markdown-text\">Des options de restauration adapt\u00e9es aux besoins des entreprises<\/span><\/h2><div class=\"qwen-markdown-paragraph\"><span class=\"qwen-markdown-text\">Les \u00e9changes professionnels se font souvent autour d&#039;un repas. Les espaces de restauration de l&#039;h\u00f4tel Voyage International sont con\u00e7us pour respecter les usages et les contraintes horaires des repas d&#039;affaires.<\/span><\/div><div class=\"qwen-markdown-space\">\u00a0<\/div><ul class=\"qwen-markdown-list\" dir=\"auto\"><li><strong class=\"qwen-markdown-strong\"><span class=\"qwen-markdown-text\">Petit-d\u00e9jeuner d&#039;affaires :<\/span><\/strong><span class=\"qwen-markdown-text\"> Un petit-d\u00e9jeuner buffet rapide, nutritif et copieux vous assure de bien d\u00e9marrer la journ\u00e9e, avec des horaires de service matinaux adapt\u00e9s aux horaires de vol.<\/span><\/li><li><strong class=\"qwen-markdown-strong\"><span class=\"qwen-markdown-text\">Salles \u00e0 manger priv\u00e9es :<\/span><\/strong><span class=\"qwen-markdown-text\"> Pour les d\u00e9jeuners d&#039;affaires ou les r\u00e9ceptions clients, les salons priv\u00e9s offrent confidentialit\u00e9 et une atmosph\u00e8re raffin\u00e9e.<\/span><\/li><li><strong class=\"qwen-markdown-strong\"><span class=\"qwen-markdown-text\">Service en chambre 24h\/24\u00a0:<\/span><\/strong><span class=\"qwen-markdown-text\"> Conscients que les voyageurs d&#039;affaires travaillent souvent sur plusieurs fuseaux horaires, notre restaurant sert des repas de qualit\u00e9 \u00e0 toute heure, vous permettant ainsi de d\u00eener en toute intimit\u00e9 dans votre chambre tout en travaillant.<\/span><\/li><li><strong class=\"qwen-markdown-strong\"><span class=\"qwen-markdown-text\">Salon du hall\u00a0:<\/span><\/strong><span class=\"qwen-markdown-text\"> Un cadre raffin\u00e9 pour des r\u00e9unions informelles ou des pauses caf\u00e9, proposant des boissons haut de gamme et des rafra\u00eechissements l\u00e9gers.<\/span><\/li><\/ul><div class=\"qwen-markdown-space\">\u00a0<\/div><div class=\"qwen-markdown-hr\"><hr \/><\/div><div class=\"qwen-markdown-space\">\u00a0<\/div><h2 class=\"qwen-markdown-heading\"><span class=\"qwen-markdown-text\">Pourquoi choisir Voyage International Hotel pour votre prochain voyage d&#039;affaires ?<\/span><\/h2><div class=\"qwen-markdown-paragraph\"><span class=\"qwen-markdown-text\">Lorsqu&#039;il s&#039;agit de choisir un h\u00e9bergement pour un voyage d&#039;affaires \u00e0 P\u00e9kin, la d\u00e9cision se r\u00e9sume \u00e0 la fiabilit\u00e9 et \u00e0 l&#039;efficacit\u00e9. <\/span><strong class=\"qwen-markdown-strong\"><span class=\"qwen-markdown-text\">H\u00f4tel Voyage International (Boutique du nouvel espace d&#039;exposition national de l&#039;a\u00e9roport de la capitale)<\/span><\/strong><span class=\"qwen-markdown-text\"> Il excelle sur les deux plans. En combinant un emplacement de premier choix \u00e0 <\/span><strong class=\"qwen-markdown-strong\"><span class=\"qwen-markdown-text\">District de Shunyi<\/span><\/strong><span class=\"qwen-markdown-text\"> avec robuste <\/span><strong class=\"qwen-markdown-strong\"><span class=\"qwen-markdown-text\">installations commerciales<\/span><\/strong><span class=\"qwen-markdown-text\">, Nous simplifions votre itin\u00e9raire de voyage.<\/span><\/div><div class=\"qwen-markdown-space\">\u00a0<\/div><div class=\"qwen-markdown-paragraph\"><span class=\"qwen-markdown-text\">Que vous exposiez au Nouveau Centre national des expositions, soyez en transit \u00e0 l&#039;a\u00e9roport international de P\u00e9kin ou g\u00e9riez des projets dans les districts nord de la capitale, notre h\u00f4tel vous offre l&#039;infrastructure n\u00e9cessaire \u00e0 votre r\u00e9ussite. Notre personnel d\u00e9vou\u00e9 est form\u00e9 pour anticiper les besoins des voyageurs d&#039;affaires, vous permettant ainsi de vous concentrer sur vos objectifs plut\u00f4t que sur la logistique.<\/span><\/div><div class=\"qwen-markdown-space\">\u00a0<\/div><div class=\"qwen-markdown-hr\"><hr \/><\/div><div class=\"qwen-markdown-space\">\u00a0<\/div><h2 class=\"qwen-markdown-heading\"><span class=\"qwen-markdown-text\">Informations de contact et de r\u00e9servation<\/span><\/h2><div class=\"qwen-markdown-paragraph\"><span class=\"qwen-markdown-text\">Pour vous renseigner sur la disponibilit\u00e9 des salles de r\u00e9union, les tarifs entreprises ou pour r\u00e9server votre s\u00e9jour, veuillez utiliser les coordonn\u00e9es ci-dessous. Notre \u00e9quipe de r\u00e9servation est \u00e0 votre disposition pour vous proposer des forfaits professionnels personnalis\u00e9s.<\/span><\/div><div class=\"qwen-markdown-space\">\u00a0<\/div><ul class=\"qwen-markdown-list\" dir=\"auto\"><li><strong class=\"qwen-markdown-strong\"><span class=\"qwen-markdown-text\">Nom de l&#039;h\u00f4tel :<\/span><\/strong><span class=\"qwen-markdown-text\"> H\u00d4TEL VOYAGE INTERNATIONAL (Boutique du nouvel a\u00e9roport national des expositions)<\/span><\/li><li><strong class=\"qwen-markdown-strong\"><span class=\"qwen-markdown-text\">Site officiel:<\/span><\/strong> <a class=\"qwen-markdown-link\" href=\"https:\/\/voyageinternationalhotel.com\/fr\/\" target=\"_blank\" rel=\"noopener noreferrer\"><span class=\"qwen-markdown-text\">https:\/\/voyageinternationalhotel.com\/<\/span><\/a><\/li><li><strong class=\"qwen-markdown-strong\"><span class=\"qwen-markdown-text\">T\u00e9l\u00e9phone:<\/span><\/strong><span class=\"qwen-markdown-text\"> +86 10 8416 6060<\/span><\/li><li><strong class=\"qwen-markdown-strong\"><span class=\"qwen-markdown-text\">Adresse physique :<\/span><\/strong><span class=\"qwen-markdown-text\"> No.1 Fuqian Two Street, a\u00e9roport de la capitale, district de Shunyi, P\u00e9kin, Chine<\/span><\/li><li><strong class=\"qwen-markdown-strong\"><span class=\"qwen-markdown-text\">Annonce sur Trip.com\u00a0:<\/span><\/strong> <a class=\"qwen-markdown-link\" href=\"https:\/\/www.trip.com\/hotels\/beijing-hotel-detail-80920781\/voyage-international-hotel\/?Allianceid=5415915&amp;SID=119005804&amp;trip_sub1=&amp;trip_sub3=D6172287\" target=\"_blank\" rel=\"noopener noreferrer\"><span class=\"qwen-markdown-text\">Consultez les d\u00e9tails de l&#039;h\u00f4tel sur Trip.com<\/span><\/a><\/li><\/ul><div class=\"qwen-markdown-space\">\u00a0<\/div><div class=\"qwen-markdown-paragraph\"><strong class=\"qwen-markdown-strong\"><span class=\"qwen-markdown-text\">Planifiez votre prochain voyage d&#039;affaires en toute confiance.<\/span><\/strong><span class=\"qwen-markdown-text\"> Choisissez l&#039;h\u00f4tel qui comprend le rythme des voyages d&#039;affaires. Contactez-nous d\u00e8s aujourd&#039;hui pour r\u00e9server votre h\u00e9bergement et vos espaces de r\u00e9union \u00e0 P\u00e9kin.<\/span><\/div><div class=\"qwen-markdown-space\">\u00a0<\/div><div class=\"qwen-markdown-hr\"><hr \/><\/div><div class=\"qwen-markdown-space\">\u00a0<\/div><h3 class=\"qwen-markdown-heading\"><span class=\"qwen-markdown-text\">Foire aux questions (FAQ)<\/span><\/h3><div class=\"qwen-markdown-paragraph\"><strong class=\"qwen-markdown-strong\"><span class=\"qwen-markdown-text\">Q : Existe-t-il un service de navette pour l&#039;a\u00e9roport international de P\u00e9kin-Capitale ?<\/span><\/strong><span class=\"qwen-markdown-text\"> A: Gr\u00e2ce \u00e0 notre emplacement privil\u00e9gi\u00e9 au 1, rue Fuqian Two, nous offrons un acc\u00e8s facile \u00e0 l&#039;a\u00e9roport. Veuillez contacter la r\u00e9ception au +86 10 8416 6060 pour conna\u00eetre les horaires de la navette ou pour r\u00e9server un taxi.<\/span><\/div><div class=\"qwen-markdown-space\">\u00a0<\/div><div class=\"qwen-markdown-paragraph\"><strong class=\"qwen-markdown-strong\"><span class=\"qwen-markdown-text\">Q : Puis-je organiser une conf\u00e9rence pour plus de 50 personnes \u00e0 l&#039;h\u00f4tel ?<\/span><\/strong><span class=\"qwen-markdown-text\"> R : Oui, nos espaces \u00e9v\u00e9nementiels modulables peuvent accueillir des groupes de diff\u00e9rentes tailles. Nous vous recommandons de contacter notre \u00e9quipe \u00e9v\u00e9nementielle via notre site web pour discuter de vos besoins sp\u00e9cifiques en mati\u00e8re de capacit\u00e9 et d&#039;\u00e9quipement audiovisuel.<\/span><\/div><div class=\"qwen-markdown-space\">\u00a0<\/div><div class=\"qwen-markdown-paragraph\"><strong class=\"qwen-markdown-strong\"><span class=\"qwen-markdown-text\">Q : Le Wi-Fi haut d\u00e9bit est-il gratuit pour les clients d&#039;affaires ?<\/span><\/strong><span class=\"qwen-markdown-text\"> R: Oui, un acc\u00e8s internet haut d\u00e9bit gratuit est fourni \u00e0 tous les clients afin de garantir une connectivit\u00e9 optimale pour le travail et la communication.<\/span><\/div><div class=\"qwen-markdown-space\">\u00a0<\/div><div class=\"qwen-markdown-paragraph\" data-spm-anchor-id=\"a2ty_o01.29997173.0.i17.17ea5171uvEwxe\"><strong class=\"qwen-markdown-strong\"><span class=\"qwen-markdown-text\">Q : \u00c0 quelle distance se trouve l&#039;h\u00f4tel du nouveau centre national des expositions ?<\/span><\/strong><span class=\"qwen-markdown-text\"> A : L&#039;h\u00f4tel est strat\u00e9giquement situ\u00e9 pour desservir les visiteurs du Nouveau Centre National des Expositions, minimisant ainsi le temps de d\u00e9placement des exposants et des participants.<\/span><\/div>\t\t\t\t\t\t\t\t<\/div>\n\t\t\t\t<\/div>\n\t\t\t\t\t<\/div>\n\t\t\t\t<\/div>\n\t\t\t\t<\/div>","protected":false},"excerpt":{"rendered":"<p>Premier Business Facilities at Voyage International Hotel (Capital Airport New National Exhibition Store) Elevating Corporate Travel in Beijing&#8217;s Shunyi District In the fast-paced world of international commerce, the line between travel and productivity must be seamless. Located at the strategic heart of Beijing&#8217;s aviation and exhibition hub, the Voyage International Hotel (Capital Airport New National [&hellip;]<\/p>\n","protected":false},"author":1,"featured_media":0,"parent":0,"menu_order":0,"comment_status":"closed","ping_status":"closed","template":"elementor_header_footer","meta":{"footnotes":""},"class_list":["post-2109","page","type-page","status-publish","hentry","post-no-thumbnail"],"_links":{"self":[{"href":"https:\/\/voyageinternationalhotel.com\/fr\/wp-json\/wp\/v2\/pages\/2109","targetHints":{"allow":["GET"]}}],"collection":[{"href":"https:\/\/voyageinternationalhotel.com\/fr\/wp-json\/wp\/v2\/pages"}],"about":[{"href":"https:\/\/voyageinternationalhotel.com\/fr\/wp-json\/wp\/v2\/types\/page"}],"author":[{"embeddable":true,"href":"https:\/\/voyageinternationalhotel.com\/fr\/wp-json\/wp\/v2\/users\/1"}],"replies":[{"embeddable":true,"href":"https:\/\/voyageinternationalhotel.com\/fr\/wp-json\/wp\/v2\/comments?post=2109"}],"version-history":[{"count":0,"href":"https:\/\/voyageinternationalhotel.com\/fr\/wp-json\/wp\/v2\/pages\/2109\/revisions"}],"wp:attachment":[{"href":"https:\/\/voyageinternationalhotel.com\/fr\/wp-json\/wp\/v2\/media?parent=2109"}],"curies":[{"name":"wp","href":"https:\/\/api.w.org\/{rel}","templated":true}]}}