{"id":612,"date":"2021-03-26T10:04:13","date_gmt":"2021-03-26T10:04:13","guid":{"rendered":"http:\/\/localhost\/nuss\/?page_id=612"},"modified":"2026-02-23T04:22:04","modified_gmt":"2026-02-23T04:22:04","slug":"restaurante","status":"publish","type":"page","link":"https:\/\/voyageinternationalhotel.com\/es\/restaurant\/","title":{"rendered":"Restaurante"},"content":{"rendered":"<div data-elementor-type=\"wp-page\" data-elementor-id=\"612\" class=\"elementor elementor-612\">\n\t\t\t\t\t\t<section class=\"elementor-section elementor-top-section elementor-element elementor-element-e2effe8 elementor-section-boxed elementor-section-gap-beside-yes elementor-section-height-default elementor-section-height-default elementor-section-column-vertical-align-stretch\" data-id=\"e2effe8\" data-element_type=\"section\" data-e-type=\"section\">\n\t\t\t\t\t\t<div class=\"elementor-container elementor-column-gap-extended\">\n\t\t\t\t\t<div class=\"elementor-column elementor-col-100 elementor-top-column elementor-element elementor-element-e18f688\" data-id=\"e18f688\" data-element_type=\"column\" data-e-type=\"column\">\n\t\t\t<div class=\"elementor-widget-wrap elementor-element-populated\">\n\t\t\t\t\t\t<div class=\"elementor-element elementor-element-6db146d elementor-widget__width-initial elementor-invisible elementor-widget elementor-widget-text-editor\" data-id=\"6db146d\" data-element_type=\"widget\" data-e-type=\"widget\" data-settings=\"{&quot;_animation&quot;:&quot;nussFadeInUp&quot;}\" data-widget_type=\"text-editor.default\">\n\t\t\t\t<div class=\"elementor-widget-container\">\n\t\t\t\t\t\t\t\t\t<p><span class=\"AnswerParser_TextContainer__z_Iiv\" data-testid=\"youchat-text\">\u00a1Bienvenido al coraz\u00f3n culinario del VOYAGE INTERNATIONAL HOTEL, donde la excelencia gastron\u00f3mica toma vuelo!<\/span><\/p>\t\t\t\t\t\t\t\t<\/div>\n\t\t\t\t<\/div>\n\t\t\t\t\t<\/div>\n\t\t<\/div>\n\t\t\t\t\t<\/div>\n\t\t<\/section>\n\t\t<div class=\"elementor-element elementor-element-16217f6 e-flex e-con-boxed e-con e-parent\" data-id=\"16217f6\" data-element_type=\"container\" data-e-type=\"container\">\n\t\t\t\t\t<div class=\"e-con-inner\">\n\t\t<div class=\"elementor-element elementor-element-063fdf0 e-con-full e-flex e-con e-child\" data-id=\"063fdf0\" data-element_type=\"container\" data-e-type=\"container\">\n\t\t\t\t<div class=\"elementor-element elementor-element-422d6e7 elementor-widget elementor-widget-text-editor\" data-id=\"422d6e7\" data-element_type=\"widget\" data-e-type=\"widget\" data-widget_type=\"text-editor.default\">\n\t\t\t\t<div class=\"elementor-widget-container\">\n\t\t\t\t\t\t\t\t\t<p><span class=\"AnswerParser_TextContainer__z_Iiv\" data-testid=\"youchat-text\">Ubicado en el vibrante distrito de Shunyi, a un paso del aeropuerto de Pek\u00edn Capital, nuestro restaurante no es solo un lugar para comer, es una plataforma de lanzamiento para sus papilas gustativas. Cuando ingrese a nuestro espacio de comedor de dise\u00f1o elegante, se sentir\u00e1 transportado a un mundo donde Oriente se encuentra con Occidente, la tradici\u00f3n abraza la innovaci\u00f3n y cada comida es una aventura.<\/span><\/p>\t\t\t\t\t\t\t\t<\/div>\n\t\t\t\t<\/div>\n\t\t\t\t<\/div>\n\t\t<div class=\"elementor-element elementor-element-4acfb57 e-con-full e-flex e-con e-child\" data-id=\"4acfb57\" data-element_type=\"container\" data-e-type=\"container\">\n\t\t\t\t<div class=\"elementor-element elementor-element-e1d7802 elementor-widget elementor-widget-image\" data-id=\"e1d7802\" data-element_type=\"widget\" data-e-type=\"widget\" data-widget_type=\"image.default\">\n\t\t\t\t<div class=\"elementor-widget-container\">\n\t\t\t\t\t\t\t\t\t\t\t\t\t\t\t<img fetchpriority=\"high\" decoding=\"async\" width=\"1024\" height=\"682\" src=\"https:\/\/voyageinternationalhotel.com\/wp-content\/uploads\/2024\/10\/VOYAGE-INTERNATIONAL-HOTEL-87-1024x682.webp\" class=\"attachment-large size-large wp-image-5652\" alt=\"\" srcset=\"https:\/\/voyageinternationalhotel.com\/wp-content\/uploads\/2024\/10\/VOYAGE-INTERNATIONAL-HOTEL-87-1024x682.webp 1024w, https:\/\/voyageinternationalhotel.com\/wp-content\/uploads\/2024\/10\/VOYAGE-INTERNATIONAL-HOTEL-87-300x200.webp 300w, https:\/\/voyageinternationalhotel.com\/wp-content\/uploads\/2024\/10\/VOYAGE-INTERNATIONAL-HOTEL-87-768x512.webp 768w, https:\/\/voyageinternationalhotel.com\/wp-content\/uploads\/2024\/10\/VOYAGE-INTERNATIONAL-HOTEL-87-18x12.webp 18w, https:\/\/voyageinternationalhotel.com\/wp-content\/uploads\/2024\/10\/VOYAGE-INTERNATIONAL-HOTEL-87.webp 1280w\" sizes=\"(max-width: 1024px) 100vw, 1024px\" \/>\t\t\t\t\t\t\t\t\t\t\t\t\t\t\t<\/div>\n\t\t\t\t<\/div>\n\t\t\t\t<\/div>\n\t\t\t\t\t<\/div>\n\t\t\t\t<\/div>\n\t\t<div class=\"elementor-element elementor-element-86b5439 e-flex e-con-boxed e-con e-parent\" data-id=\"86b5439\" data-element_type=\"container\" data-e-type=\"container\">\n\t\t\t\t\t<div class=\"e-con-inner\">\n\t\t<div class=\"elementor-element elementor-element-6c05730 e-con-full e-flex e-con e-child\" data-id=\"6c05730\" data-element_type=\"container\" data-e-type=\"container\">\n\t\t\t\t<div class=\"elementor-element elementor-element-5aa07d5 elementor-widget elementor-widget-image\" data-id=\"5aa07d5\" data-element_type=\"widget\" data-e-type=\"widget\" data-widget_type=\"image.default\">\n\t\t\t\t<div class=\"elementor-widget-container\">\n\t\t\t\t\t\t\t\t\t\t\t\t\t\t\t<img decoding=\"async\" width=\"1024\" height=\"682\" src=\"https:\/\/voyageinternationalhotel.com\/wp-content\/uploads\/2024\/10\/VOYAGE-INTERNATIONAL-HOTEL-49-1024x682.webp\" class=\"attachment-large size-large wp-image-5636\" alt=\"\" srcset=\"https:\/\/voyageinternationalhotel.com\/wp-content\/uploads\/2024\/10\/VOYAGE-INTERNATIONAL-HOTEL-49-1024x682.webp 1024w, https:\/\/voyageinternationalhotel.com\/wp-content\/uploads\/2024\/10\/VOYAGE-INTERNATIONAL-HOTEL-49-300x200.webp 300w, https:\/\/voyageinternationalhotel.com\/wp-content\/uploads\/2024\/10\/VOYAGE-INTERNATIONAL-HOTEL-49-768x512.webp 768w, https:\/\/voyageinternationalhotel.com\/wp-content\/uploads\/2024\/10\/VOYAGE-INTERNATIONAL-HOTEL-49-18x12.webp 18w, https:\/\/voyageinternationalhotel.com\/wp-content\/uploads\/2024\/10\/VOYAGE-INTERNATIONAL-HOTEL-49.webp 1280w\" sizes=\"(max-width: 1024px) 100vw, 1024px\" \/>\t\t\t\t\t\t\t\t\t\t\t\t\t\t\t<\/div>\n\t\t\t\t<\/div>\n\t\t\t\t<\/div>\n\t\t<div class=\"elementor-element elementor-element-53a33a7 e-con-full e-flex e-con e-child\" data-id=\"53a33a7\" data-element_type=\"container\" data-e-type=\"container\">\n\t\t\t\t<div class=\"elementor-element elementor-element-80ba5a8 elementor-widget elementor-widget-text-editor\" data-id=\"80ba5a8\" data-element_type=\"widget\" data-e-type=\"widget\" data-widget_type=\"text-editor.default\">\n\t\t\t\t<div class=\"elementor-widget-container\">\n\t\t\t\t\t\t\t\t\t<p><span class=\"AnswerParser_TextContainer__z_Iiv\" data-testid=\"youchat-text\">Nuestro equipo culinario, dirigido por chefs de renombre internacional, ha elaborado un men\u00fa que supera todas las expectativas. Inspir\u00e1ndonos en el rico patrimonio culinario de Pek\u00edn y fusion\u00e1ndolo con sabores globales, ofrecemos una experiencia gastron\u00f3mica que refleja verdaderamente a nuestra clientela internacional. Desde el suculento pato de Pek\u00edn, preparado con t\u00e9cnicas centenarias, hasta platos de fusi\u00f3n que traspasan los l\u00edmites de la gastronom\u00eda contempor\u00e1nea, cada plato cuenta una historia de artesan\u00eda culinaria.<\/span><\/p>\t\t\t\t\t\t\t\t<\/div>\n\t\t\t\t<\/div>\n\t\t\t\t<\/div>\n\t\t\t\t\t<\/div>\n\t\t\t\t<\/div>\n\t\t<div class=\"elementor-element elementor-element-5466340 e-flex e-con-boxed e-con e-parent\" data-id=\"5466340\" data-element_type=\"container\" data-e-type=\"container\">\n\t\t\t\t\t<div class=\"e-con-inner\">\n\t\t<div class=\"elementor-element elementor-element-1c53fc9 e-con-full e-flex e-con e-child\" data-id=\"1c53fc9\" data-element_type=\"container\" data-e-type=\"container\">\n\t\t\t\t<div class=\"elementor-element elementor-element-68b94c3 elementor-widget elementor-widget-text-editor\" data-id=\"68b94c3\" data-element_type=\"widget\" data-e-type=\"widget\" data-widget_type=\"text-editor.default\">\n\t\t\t\t<div class=\"elementor-widget-container\">\n\t\t\t\t\t\t\t\t\t<p><span class=\"AnswerParser_TextContainer__z_Iiv\" data-testid=\"youchat-text\">Comprendemos las diversas necesidades de nuestros hu\u00e9spedes de todo el mundo y, por ello, ofrecemos un servicio de comedor las 24 horas del d\u00eda, los 7 d\u00edas de la semana. Ya sea que est\u00e9 luchando contra el jet lag a las 3 a. m. o prepar\u00e1ndose para una salida temprana, nuestra cocina siempre est\u00e1 lista para atenderlo. Nuestro desayuno buffet es un motivo de especial orgullo, ya que ofrece una amplia variedad de opciones tanto orientales como occidentales para alimentar su d\u00eda, sin importar en qu\u00e9 zona horaria se encuentre.<\/span><\/p>\t\t\t\t\t\t\t\t<\/div>\n\t\t\t\t<\/div>\n\t\t\t\t<\/div>\n\t\t<div class=\"elementor-element elementor-element-bbc447d e-con-full e-flex e-con e-child\" data-id=\"bbc447d\" data-element_type=\"container\" data-e-type=\"container\">\n\t\t\t\t<div class=\"elementor-element elementor-element-86f3188 elementor-widget elementor-widget-image\" data-id=\"86f3188\" data-element_type=\"widget\" data-e-type=\"widget\" data-widget_type=\"image.default\">\n\t\t\t\t<div class=\"elementor-widget-container\">\n\t\t\t\t\t\t\t\t\t\t\t\t\t\t\t<img decoding=\"async\" width=\"1024\" height=\"682\" src=\"https:\/\/voyageinternationalhotel.com\/wp-content\/uploads\/2024\/10\/VOYAGE-INTERNATIONAL-HOTEL-39-1-1024x682.webp\" class=\"attachment-large size-large wp-image-5634\" alt=\"\" srcset=\"https:\/\/voyageinternationalhotel.com\/wp-content\/uploads\/2024\/10\/VOYAGE-INTERNATIONAL-HOTEL-39-1-1024x682.webp 1024w, https:\/\/voyageinternationalhotel.com\/wp-content\/uploads\/2024\/10\/VOYAGE-INTERNATIONAL-HOTEL-39-1-300x200.webp 300w, https:\/\/voyageinternationalhotel.com\/wp-content\/uploads\/2024\/10\/VOYAGE-INTERNATIONAL-HOTEL-39-1-768x512.webp 768w, https:\/\/voyageinternationalhotel.com\/wp-content\/uploads\/2024\/10\/VOYAGE-INTERNATIONAL-HOTEL-39-1-18x12.webp 18w, https:\/\/voyageinternationalhotel.com\/wp-content\/uploads\/2024\/10\/VOYAGE-INTERNATIONAL-HOTEL-39-1.webp 1280w\" sizes=\"(max-width: 1024px) 100vw, 1024px\" \/>\t\t\t\t\t\t\t\t\t\t\t\t\t\t\t<\/div>\n\t\t\t\t<\/div>\n\t\t\t\t<\/div>\n\t\t\t\t\t<\/div>\n\t\t\t\t<\/div>\n\t\t<div class=\"elementor-element elementor-element-a859788 e-flex e-con-boxed e-con e-parent\" data-id=\"a859788\" data-element_type=\"container\" data-e-type=\"container\">\n\t\t\t\t\t<div class=\"e-con-inner\">\n\t\t<div class=\"elementor-element elementor-element-2bbab00 e-con-full e-flex e-con e-child\" data-id=\"2bbab00\" data-element_type=\"container\" data-e-type=\"container\">\n\t\t\t\t<div class=\"elementor-element elementor-element-1044e14 elementor-widget elementor-widget-image\" data-id=\"1044e14\" data-element_type=\"widget\" data-e-type=\"widget\" data-widget_type=\"image.default\">\n\t\t\t\t<div class=\"elementor-widget-container\">\n\t\t\t\t\t\t\t\t\t\t\t\t\t\t\t<img loading=\"lazy\" decoding=\"async\" width=\"682\" height=\"853\" src=\"https:\/\/voyageinternationalhotel.com\/wp-content\/uploads\/2024\/10\/VOYAGE-INTERNATIONAL-HOTEL-02.jpg\" class=\"attachment-large size-large wp-image-5498\" alt=\"\" srcset=\"https:\/\/voyageinternationalhotel.com\/wp-content\/uploads\/2024\/10\/VOYAGE-INTERNATIONAL-HOTEL-02.jpg.webp 682w, https:\/\/voyageinternationalhotel.com\/wp-content\/uploads\/2024\/10\/VOYAGE-INTERNATIONAL-HOTEL-02-240x300.jpg.webp 240w\" sizes=\"(max-width: 682px) 100vw, 682px\" \/>\t\t\t\t\t\t\t\t\t\t\t\t\t\t\t<\/div>\n\t\t\t\t<\/div>\n\t\t\t\t<\/div>\n\t\t<div class=\"elementor-element elementor-element-4a9b21a e-con-full e-flex e-con e-child\" data-id=\"4a9b21a\" data-element_type=\"container\" data-e-type=\"container\">\n\t\t\t\t<div class=\"elementor-element elementor-element-4831381 elementor-widget elementor-widget-text-editor\" data-id=\"4831381\" data-element_type=\"widget\" data-e-type=\"widget\" data-widget_type=\"text-editor.default\">\n\t\t\t\t<div class=\"elementor-widget-container\">\n\t\t\t\t\t\t\t\t\t<p><span class=\"AnswerParser_TextContainer__z_Iiv\" data-testid=\"youchat-text\">En VOYAGE INTERNATIONAL HOTEL, creemos que comer es m\u00e1s que un simple sustento: es una parte crucial de su experiencia de viaje. Nuestro restaurante es un lugar donde los viajeros cansados encuentran consuelo en los sabores familiares y las almas aventureras descubren nuevos horizontes culinarios. Es donde se sellan los acuerdos comerciales con filetes perfectamente asados y donde las familias crean recuerdos duraderos con platos de dumplings compartidos.<\/span><\/p><p><span class=\"AnswerParser_TextContainer__z_Iiv\" data-testid=\"youchat-text\">As\u00ed que, ya sea que est\u00e9s iniciando tu viaje, finalizando tu viaje o simplemente de paso, te invitamos a hacer una parada en nuestro restaurante. D\u00e9janos llevar a tus papilas gustativas a un viaje que no olvidar\u00e1n f\u00e1cilmente. Despu\u00e9s de todo, en el mundo del sabor, \u00a1el cielo es el l\u00edmite!<\/span><\/p>\t\t\t\t\t\t\t\t<\/div>\n\t\t\t\t<\/div>\n\t\t\t\t<\/div>\n\t\t\t\t\t<\/div>\n\t\t\t\t<\/div>\n\t\t\t\t<\/div>","protected":false},"excerpt":{"rendered":"<p>Welcome to the culinary heart of VOYAGE INTERNATIONAL HOTEL, where gastronomic excellence takes flight! Nestled in the vibrant Shunyi District, just a stone&#8217;s throw from Beijing Capital Airport, our restaurant is not merely a dining venue \u2013 it&#8217;s a launchpad for your taste buds. As you step into our elegantly designed dining space, you&#8217;ll find [&hellip;]<\/p>\n","protected":false},"author":1,"featured_media":0,"parent":0,"menu_order":0,"comment_status":"closed","ping_status":"closed","template":"","meta":{"footnotes":""},"class_list":["post-612","page","type-page","status-publish","hentry","post-no-thumbnail"],"_links":{"self":[{"href":"https:\/\/voyageinternationalhotel.com\/es\/wp-json\/wp\/v2\/pages\/612","targetHints":{"allow":["GET"]}}],"collection":[{"href":"https:\/\/voyageinternationalhotel.com\/es\/wp-json\/wp\/v2\/pages"}],"about":[{"href":"https:\/\/voyageinternationalhotel.com\/es\/wp-json\/wp\/v2\/types\/page"}],"author":[{"embeddable":true,"href":"https:\/\/voyageinternationalhotel.com\/es\/wp-json\/wp\/v2\/users\/1"}],"replies":[{"embeddable":true,"href":"https:\/\/voyageinternationalhotel.com\/es\/wp-json\/wp\/v2\/comments?post=612"}],"version-history":[{"count":0,"href":"https:\/\/voyageinternationalhotel.com\/es\/wp-json\/wp\/v2\/pages\/612\/revisions"}],"wp:attachment":[{"href":"https:\/\/voyageinternationalhotel.com\/es\/wp-json\/wp\/v2\/media?parent=612"}],"curies":[{"name":"gracias","href":"https:\/\/api.w.org\/{rel}","templated":true}]}}