{"id":2109,"date":"2021-03-26T08:35:58","date_gmt":"2021-03-26T08:35:58","guid":{"rendered":"http:\/\/localhost\/nuss\/?page_id=536"},"modified":"2026-02-23T04:56:02","modified_gmt":"2026-02-23T04:56:02","slug":"instalaciones-comerciales","status":"publish","type":"page","link":"https:\/\/voyageinternationalhotel.com\/es\/business-facilities\/","title":{"rendered":"Instalaciones comerciales"},"content":{"rendered":"<div data-elementor-type=\"wp-page\" data-elementor-id=\"2109\" class=\"elementor elementor-2109\">\n\t\t\t\t\t\t<section class=\"elementor-section elementor-top-section elementor-element elementor-element-bb2901b elementor-section-boxed elementor-section-gap-beside-yes elementor-section-height-default elementor-section-height-default elementor-section-column-vertical-align-stretch\" data-id=\"bb2901b\" data-element_type=\"section\" data-e-type=\"section\">\n\t\t\t\t\t\t<div class=\"elementor-container elementor-column-gap-extended\">\n\t\t\t\t\t<div class=\"elementor-column elementor-col-100 elementor-top-column elementor-element elementor-element-1919db9\" data-id=\"1919db9\" data-element_type=\"column\" data-e-type=\"column\">\n\t\t\t<div class=\"elementor-widget-wrap elementor-element-populated\">\n\t\t\t\t\t\t<div class=\"elementor-element elementor-element-41a7b9c elementor-widget__width-initial elementor-invisible elementor-widget elementor-widget-text-editor\" data-id=\"41a7b9c\" data-element_type=\"widget\" data-e-type=\"widget\" data-settings=\"{&quot;_animation&quot;:&quot;nussFadeInUp&quot;}\" data-widget_type=\"text-editor.default\">\n\t\t\t\t<div class=\"elementor-widget-container\">\n\t\t\t\t\t\t\t\t\t<h4 class=\"qwen-markdown-heading\"><span class=\"qwen-markdown-text\" data-spm-anchor-id=\"a2ty_o01.29997173.0.i19.17ea5171uvEwxe\">Instalaciones de negocios de primer nivel en el Voyage International Hotel (Nueva Tienda Nacional de Exposiciones del Aeropuerto Capital)<\/span><\/h4>\t\t\t\t\t\t\t\t<\/div>\n\t\t\t\t<\/div>\n\t\t\t\t\t<\/div>\n\t\t<\/div>\n\t\t\t\t\t<\/div>\n\t\t<\/section>\n\t\t<div class=\"elementor-element elementor-element-a247be5 e-flex e-con-boxed e-con e-parent\" data-id=\"a247be5\" data-element_type=\"container\" data-e-type=\"container\">\n\t\t\t\t\t<div class=\"e-con-inner\">\n\t\t\t\t<div class=\"elementor-element elementor-element-1d671e3 elementor-widget elementor-widget-text-editor\" data-id=\"1d671e3\" data-element_type=\"widget\" data-e-type=\"widget\" data-widget_type=\"text-editor.default\">\n\t\t\t\t<div class=\"elementor-widget-container\">\n\t\t\t\t\t\t\t\t\t<h2 class=\"qwen-markdown-heading\"><span class=\"qwen-markdown-text\" data-spm-anchor-id=\"a2ty_o01.29997173.0.i18.17ea5171uvEwxe\">Impulsando los viajes corporativos en el distrito Shunyi de Pek\u00edn<\/span><\/h2><div class=\"qwen-markdown-paragraph\"><span class=\"qwen-markdown-text\">En el acelerado mundo del comercio internacional, la l\u00ednea entre viajes y productividad debe ser perfecta. Ubicado en el coraz\u00f3n estrat\u00e9gico del centro de aviaci\u00f3n y exposiciones de Pek\u00edn, el <\/span><strong class=\"qwen-markdown-strong\"><span class=\"qwen-markdown-text\">Hotel Voyage International (Nueva Tienda Nacional de Exposiciones del Aeropuerto Capital)<\/span><\/strong><span class=\"qwen-markdown-text\"> se erige como un destino de primer nivel para viajeros de negocios exigentes. Situado en <\/span><strong class=\"qwen-markdown-strong\"><span class=\"qwen-markdown-text\">No.1 Fuqian Two Street, Aeropuerto Capital, Distrito Shunyi, Beijing, China<\/span><\/strong><span class=\"qwen-markdown-text\">, Esta propiedad no es simplemente un lugar para descansar; es un ecosistema empresarial totalmente integrado, dise\u00f1ado para facilitar el \u00e9xito.<\/span><\/div><div class=\"qwen-markdown-space\">\u00a0<\/div><div class=\"qwen-markdown-paragraph\"><span class=\"qwen-markdown-text\">Para profesionales que asisten al Centro Internacional de Exposiciones de China (Nueva Sede), que toman vuelos temprano desde el Aeropuerto Internacional de Pek\u00edn Capital (PEK) o que gestionan operaciones corporativas en el distrito de Shunyi, el Voyage International Hotel ofrece una sofisticada combinaci\u00f3n de comodidad, tecnolog\u00eda y hospitalidad. Esta detallada descripci\u00f3n explora las completas instalaciones de negocios que hacen de este hotel la mejor opci\u00f3n para viajeros MICE (Reuniones, Incentivos, Conferencias y Exposiciones) y hu\u00e9spedes corporativos.<\/span><\/div><div class=\"qwen-markdown-space\">\u00a0<\/div><div class=\"qwen-markdown-hr\"><hr \/><\/div><div class=\"qwen-markdown-space\">\u00a0<\/div><h2 class=\"qwen-markdown-heading\"><span class=\"qwen-markdown-text\">Ubicaci\u00f3n estrat\u00e9gica: la puerta de entrada a los negocios de Beijing<\/span><\/h2><div class=\"qwen-markdown-paragraph\"><span class=\"qwen-markdown-text\">El principal activo del Voyage International Hotel es su inigualable ubicaci\u00f3n geogr\u00e1fica. En el \u00e1mbito de los viajes de negocios, el tiempo es la moneda m\u00e1s valiosa.<\/span><\/div><div class=\"qwen-markdown-space\">\u00a0<\/div><ul class=\"qwen-markdown-list\" dir=\"auto\"><li><strong class=\"qwen-markdown-strong\"><span class=\"qwen-markdown-text\">Cercan\u00eda al Aeropuerto de la Capital:<\/span><\/strong><span class=\"qwen-markdown-text\"> Ubicado a pocos minutos del Aeropuerto Internacional de Pek\u00edn Capital, el hotel minimiza el estr\u00e9s del transporte para los hu\u00e9spedes que salen temprano por la ma\u00f1ana o llegan tarde por la noche. Esta proximidad es crucial para ejecutivos con agendas internacionales apretadas.<\/span><\/li><li><strong class=\"qwen-markdown-strong\"><span class=\"qwen-markdown-text\">Nuevo acceso al Centro Nacional de Exposiciones:<\/span><\/strong><span class=\"qwen-markdown-text\"> Como su nombre indica, el hotel es el punto de partida ideal para los asistentes a ferias comerciales. La designaci\u00f3n de &quot;Nueva Tienda Nacional de Exposiciones&quot; destaca su relevancia directa para los expositores y visitantes de la Zona de Exposiciones de Shunyi, reduciendo los tiempos de desplazamiento a los principales centros de convenciones.<\/span><\/li><li><strong class=\"qwen-markdown-strong\"><span class=\"qwen-markdown-text\">Conectividad del distrito de Shunyi:<\/span><\/strong><span class=\"qwen-markdown-text\"> M\u00e1s all\u00e1 del aeropuerto, el hotel ofrece f\u00e1cil acceso al distrito comercial m\u00e1s amplio de Shunyi, conectando a los hu\u00e9spedes con parques industriales, centros log\u00edsticos y sedes corporativas en el norte de Beijing.<\/span><\/li><\/ul><div class=\"qwen-markdown-space\">\u00a0<\/div><div class=\"qwen-markdown-hr\"><hr \/><\/div><div class=\"qwen-markdown-space\">\u00a0<\/div><h2 class=\"qwen-markdown-heading\"><span class=\"qwen-markdown-text\">Lugares de reuniones y conferencias de \u00faltima generaci\u00f3n<\/span><\/h2><div class=\"qwen-markdown-paragraph\"><span class=\"qwen-markdown-text\">El Hotel Voyage International entiende que los negocios suelen concretarse fuera de la oficina tradicional. Nuestra infraestructura para conferencias est\u00e1 dise\u00f1ada para todo tipo de eventos, desde reuniones de directorio privadas hasta presentaciones corporativas a gran escala.<\/span><\/div><div class=\"qwen-markdown-space\">\u00a0<\/div><h3 class=\"qwen-markdown-heading\"><span class=\"qwen-markdown-text\">Espacios flexibles para eventos<\/span><\/h3><div class=\"qwen-markdown-paragraph\"><span class=\"qwen-markdown-text\">Nuestras salas de reuniones son modulares y adaptables. Ya sea que necesite un espacio privado para una negociaci\u00f3n de alto nivel o un espacio abierto para una sesi\u00f3n de lluvia de ideas en equipo, las instalaciones se pueden configurar para adaptarse a sus necesidades espec\u00edficas.<\/span><\/div><ul class=\"qwen-markdown-list\" dir=\"auto\"><li><strong class=\"qwen-markdown-strong\"><span class=\"qwen-markdown-text\">Salas de juntas:<\/span><\/strong><span class=\"qwen-markdown-text\"> Perfecto para la toma de decisiones ejecutivas, equipado con mesas de conferencias de alta gama y asientos ergon\u00f3micos.<\/span><\/li><li><strong class=\"qwen-markdown-strong\"><span class=\"qwen-markdown-text\">Salas de formaci\u00f3n:<\/span><\/strong><span class=\"qwen-markdown-text\"> Ideal para talleres y seminarios corporativos, ofreciendo configuraciones estilo aula.<\/span><\/li><li><strong class=\"qwen-markdown-strong\"><span class=\"qwen-markdown-text\">Salones de banquetes:<\/span><\/strong><span class=\"qwen-markdown-text\"> Adecuado para galas corporativas, cenas de networking y eventos de lanzamiento de productos.<\/span><\/li><\/ul><div class=\"qwen-markdown-space\">\u00a0<\/div><h3 class=\"qwen-markdown-heading\"><span class=\"qwen-markdown-text\">Tecnolog\u00eda audiovisual avanzada<\/span><\/h3><div class=\"qwen-markdown-paragraph\"><span class=\"qwen-markdown-text\">Para garantizar que su presentaci\u00f3n sea tan impactante como su mensaje, nuestras instalaciones comerciales est\u00e1n equipadas con tecnolog\u00eda moderna:<\/span><\/div><ul class=\"qwen-markdown-list\" dir=\"auto\"><li><span class=\"qwen-markdown-text\">Proyectores de alta definici\u00f3n y pantallas LED de gran formato.<\/span><\/li><li><span class=\"qwen-markdown-text\">Sistemas de sonido profesionales con capacidades de micr\u00f3fono inal\u00e1mbrico.<\/span><\/li><li><span class=\"qwen-markdown-text\">Herramientas de videoconferencia para conectarse con partes interesadas remotas a nivel mundial.<\/span><\/li><li><span class=\"qwen-markdown-text\">Personal de soporte t\u00e9cnico dedicado disponible durante los eventos para solucionar cualquier problema al instante.<\/span><\/li><\/ul><div class=\"qwen-markdown-space\">\u00a0<\/div><div class=\"qwen-markdown-hr\"><hr \/><\/div><div class=\"qwen-markdown-space\">\u00a0<\/div><h2 class=\"qwen-markdown-heading\"><span class=\"qwen-markdown-text\">Servicios de oficina en la habitaci\u00f3n: su oficina lejos de casa<\/span><\/h2><div class=\"qwen-markdown-paragraph\"><span class=\"qwen-markdown-text\">Reconocemos que el trabajo no siempre se realiza en la sala de conferencias. Las habitaciones del Voyage International Hotel est\u00e1n dise\u00f1adas para servir como espacios de trabajo privados y productivos.<\/span><\/div><div class=\"qwen-markdown-space\">\u00a0<\/div><ul class=\"qwen-markdown-list\" dir=\"auto\"><li><strong class=\"qwen-markdown-strong\"><span class=\"qwen-markdown-text\">Internet de fibra de alta velocidad:<\/span><\/strong><span class=\"qwen-markdown-text\"> Hay Wi-Fi confiable, seguro y de gran ancho de banda disponible en todo el hotel, lo que garantiza videollamadas fluidas y transferencias de archivos grandes.<\/span><\/li><li><strong class=\"qwen-markdown-strong\"><span class=\"qwen-markdown-text\">Estaciones de trabajo ergon\u00f3micas:<\/span><\/strong><span class=\"qwen-markdown-text\"> Cada habitaci\u00f3n cuenta con un escritorio exclusivo con iluminaci\u00f3n adecuada y asientos c\u00f3modos para reducir la fatiga durante largas horas de trabajo.<\/span><\/li><li><strong class=\"qwen-markdown-strong\"><span class=\"qwen-markdown-text\">Conectividad el\u00e9ctrica internacional:<\/span><\/strong><span class=\"qwen-markdown-text\"> Las tomas de corriente multiest\u00e1ndar y los puertos de carga USB est\u00e1n convenientemente ubicados cerca del espacio de trabajo para mantener todos los dispositivos encendidos.<\/span><\/li><li><strong class=\"qwen-markdown-strong\"><span class=\"qwen-markdown-text\">Ambiente tranquilo:<\/span><\/strong><span class=\"qwen-markdown-text\"> Las ventanas y paredes insonorizadas garantizan un entorno sin distracciones, fundamental para la concentraci\u00f3n y un sue\u00f1o reparador entre reuniones.<\/span><\/li><\/ul><div class=\"qwen-markdown-space\">\u00a0<\/div><div class=\"qwen-markdown-hr\"><hr \/><\/div><div class=\"qwen-markdown-space\">\u00a0<\/div><h2 class=\"qwen-markdown-heading\"><span class=\"qwen-markdown-text\">Servicios integrales de centro de negocios<\/span><\/h2><div class=\"qwen-markdown-paragraph\"><span class=\"qwen-markdown-text\">Para los hu\u00e9spedes que requieren asistencia administrativa, el Centro de Negocios del hotel funciona como una extensi\u00f3n de su oficina corporativa. Abierto a todos los hu\u00e9spedes del hotel, este centro ofrece servicios esenciales para el correcto funcionamiento de sus operaciones.<\/span><\/div><div class=\"qwen-markdown-space\">\u00a0<\/div><ul class=\"qwen-markdown-list\" dir=\"auto\"><li><strong class=\"qwen-markdown-strong\"><span class=\"qwen-markdown-text\">Servicios de documentos:<\/span><\/strong><span class=\"qwen-markdown-text\"> Disponemos de servicios de impresi\u00f3n, escaneo, copiado y encuadernaci\u00f3n de alta velocidad para entregas de presentaciones o documentos de viaje de \u00faltimo momento.<\/span><\/li><li><strong class=\"qwen-markdown-strong\"><span class=\"qwen-markdown-text\">Apoyo secretarial:<\/span><\/strong><span class=\"qwen-markdown-text\"> Se puede organizar, previa solicitud, asistencia con mecanograf\u00eda, traducci\u00f3n y servicios de mensajer\u00eda.<\/span><\/li><li><strong class=\"qwen-markdown-strong\"><span class=\"qwen-markdown-text\">Estaciones de trabajo privadas:<\/span><\/strong><span class=\"qwen-markdown-text\"> Para los hu\u00e9spedes que prefieren no trabajar en sus habitaciones, el Centro de Negocios ofrece cub\u00edculos tranquilos con computadoras de escritorio y suministros de oficina.<\/span><\/li><li><strong class=\"qwen-markdown-strong\"><span class=\"qwen-markdown-text\">Manejo de correo y paquetes:<\/span><\/strong><span class=\"qwen-markdown-text\"> Recepci\u00f3n y env\u00edo seguro de correspondencia comercial y paquetes.<\/span><\/li><\/ul><div class=\"qwen-markdown-space\">\u00a0<\/div><div class=\"qwen-markdown-hr\"><hr \/><\/div><div class=\"qwen-markdown-space\">\u00a0<\/div><h2 class=\"qwen-markdown-heading\"><span class=\"qwen-markdown-text\">Opciones gastron\u00f3micas adaptadas a las necesidades de los negocios<\/span><\/h2><div class=\"qwen-markdown-paragraph\"><span class=\"qwen-markdown-text\">El networking suele surgir durante las comidas. Las instalaciones del Voyage International Hotel est\u00e1n dise\u00f1adas para adaptarse a las normas de etiqueta y a las limitaciones de horario de las cenas de negocios.<\/span><\/div><div class=\"qwen-markdown-space\">\u00a0<\/div><ul class=\"qwen-markdown-list\" dir=\"auto\"><li><strong class=\"qwen-markdown-strong\"><span class=\"qwen-markdown-text\">Desayuno Ejecutivo:<\/span><\/strong><span class=\"qwen-markdown-text\"> Un desayuno buffet r\u00e1pido, nutritivo y abundante le garantiza comenzar el d\u00eda con energ\u00eda, con horarios de servicio anticipados disponibles para los horarios de vuelo.<\/span><\/li><li><strong class=\"qwen-markdown-strong\"><span class=\"qwen-markdown-text\">Comedores privados:<\/span><\/strong><span class=\"qwen-markdown-text\"> Para almuerzos de negocios o entretenimiento de clientes, las salas privadas ofrecen confidencialidad y un ambiente refinado.<\/span><\/li><li><strong class=\"qwen-markdown-strong\"><span class=\"qwen-markdown-text\">Servicio de habitaciones las 24 horas:<\/span><\/strong><span class=\"qwen-markdown-text\"> Reconociendo que los viajeros de negocios a menudo trabajan en diferentes zonas horarias, nuestra cocina sirve comidas de calidad a cualquier hora, lo que le permite cenar en la privacidad de su habitaci\u00f3n mientras trabaja.<\/span><\/li><li><strong class=\"qwen-markdown-strong\"><span class=\"qwen-markdown-text\">Sal\u00f3n del vest\u00edbulo:<\/span><\/strong><span class=\"qwen-markdown-text\"> Un entorno sofisticado para reuniones informales o pausas para el caf\u00e9, donde se sirven bebidas premium y refrigerios ligeros.<\/span><\/li><\/ul><div class=\"qwen-markdown-space\">\u00a0<\/div><div class=\"qwen-markdown-hr\"><hr \/><\/div><div class=\"qwen-markdown-space\">\u00a0<\/div><h2 class=\"qwen-markdown-heading\"><span class=\"qwen-markdown-text\">\u00bfPor qu\u00e9 elegir Voyage International Hotel para su pr\u00f3ximo viaje de negocios?<\/span><\/h2><div class=\"qwen-markdown-paragraph\"><span class=\"qwen-markdown-text\">Al elegir alojamiento para viajes corporativos en Pek\u00edn, la decisi\u00f3n se reduce a la confiabilidad y la eficiencia. <\/span><strong class=\"qwen-markdown-strong\"><span class=\"qwen-markdown-text\">Hotel Voyage International (Nueva Tienda Nacional de Exposiciones del Aeropuerto Capital)<\/span><\/strong><span class=\"qwen-markdown-text\"> Cumple con ambos requisitos. Al combinar una ubicaci\u00f3n privilegiada en <\/span><strong class=\"qwen-markdown-strong\"><span class=\"qwen-markdown-text\">Distrito de Shunyi<\/span><\/strong><span class=\"qwen-markdown-text\"> con robusto <\/span><strong class=\"qwen-markdown-strong\"><span class=\"qwen-markdown-text\">instalaciones comerciales<\/span><\/strong><span class=\"qwen-markdown-text\">, Eliminamos la fricci\u00f3n de tu itinerario de viaje.<\/span><\/div><div class=\"qwen-markdown-space\">\u00a0<\/div><div class=\"qwen-markdown-paragraph\"><span class=\"qwen-markdown-text\">Ya sea que exponga en el Nuevo Centro Nacional de Exposiciones, est\u00e9 en tr\u00e1nsito en el Aeropuerto Internacional de Pek\u00edn o gestione proyectos en los distritos del norte de Pek\u00edn, nuestro hotel le ofrece la infraestructura necesaria para alcanzar el \u00e9xito. Nuestro dedicado personal est\u00e1 capacitado para anticipar las necesidades de los hu\u00e9spedes de negocios, garantizando que se concentre en sus objetivos, no en la log\u00edstica.<\/span><\/div><div class=\"qwen-markdown-space\">\u00a0<\/div><div class=\"qwen-markdown-hr\"><hr \/><\/div><div class=\"qwen-markdown-space\">\u00a0<\/div><h2 class=\"qwen-markdown-heading\"><span class=\"qwen-markdown-text\">Informaci\u00f3n de contacto y reservas<\/span><\/h2><div class=\"qwen-markdown-paragraph\"><span class=\"qwen-markdown-text\">Para consultar la disponibilidad de salas de reuniones, tarifas corporativas o reservar su estancia, utilice los datos de contacto que aparecen a continuaci\u00f3n. Nuestro equipo de reservas est\u00e1 listo para ayudarle con paquetes empresariales personalizados.<\/span><\/div><div class=\"qwen-markdown-space\">\u00a0<\/div><ul class=\"qwen-markdown-list\" dir=\"auto\"><li><strong class=\"qwen-markdown-strong\"><span class=\"qwen-markdown-text\">Nombre del hotel:<\/span><\/strong><span class=\"qwen-markdown-text\"> HOTEL VOYAGE INTERNATIONAL (Nueva Tienda Nacional de Exposiciones del Aeropuerto Capital)<\/span><\/li><li><strong class=\"qwen-markdown-strong\"><span class=\"qwen-markdown-text\">Sitio web oficial:<\/span><\/strong> <a class=\"qwen-markdown-link\" href=\"https:\/\/voyageinternationalhotel.com\/es\/\" target=\"_blank\" rel=\"noopener noreferrer\"><span class=\"qwen-markdown-text\">https:\/\/voyageinternationalhotel.com\/<\/span><\/a><\/li><li><strong class=\"qwen-markdown-strong\"><span class=\"qwen-markdown-text\">Tel\u00e9fono:<\/span><\/strong><span class=\"qwen-markdown-text\"> +86 10 8416 6060<\/span><\/li><li><strong class=\"qwen-markdown-strong\"><span class=\"qwen-markdown-text\">Direcci\u00f3n f\u00edsica:<\/span><\/strong><span class=\"qwen-markdown-text\"> No.1 Fuqian Two Street, Aeropuerto Capital, Distrito Shunyi, Beijing, China<\/span><\/li><li><strong class=\"qwen-markdown-strong\"><span class=\"qwen-markdown-text\">Anuncio en Trip.com:<\/span><\/strong> <a class=\"qwen-markdown-link\" href=\"https:\/\/www.trip.com\/hotels\/beijing-hotel-detail-80920781\/voyage-international-hotel\/?Allianceid=5415915&amp;SID=119005804&amp;trip_sub1=&amp;trip_sub3=D6172287\" target=\"_blank\" rel=\"noopener noreferrer\"><span class=\"qwen-markdown-text\">Ver detalles del hotel en Trip.com<\/span><\/a><\/li><\/ul><div class=\"qwen-markdown-space\">\u00a0<\/div><div class=\"qwen-markdown-paragraph\"><strong class=\"qwen-markdown-strong\"><span class=\"qwen-markdown-text\">Planifique su pr\u00f3ximo viaje de negocios con confianza.<\/span><\/strong><span class=\"qwen-markdown-text\"> Elija el hotel que se adapta al ritmo de los viajes corporativos. Cont\u00e1ctenos hoy mismo para reservar su alojamiento y espacios para reuniones en Pek\u00edn.<\/span><\/div><div class=\"qwen-markdown-space\">\u00a0<\/div><div class=\"qwen-markdown-hr\"><hr \/><\/div><div class=\"qwen-markdown-space\">\u00a0<\/div><h3 class=\"qwen-markdown-heading\"><span class=\"qwen-markdown-text\">Preguntas frecuentes (FAQ)<\/span><\/h3><div class=\"qwen-markdown-paragraph\"><strong class=\"qwen-markdown-strong\"><span class=\"qwen-markdown-text\">P: \u00bfHay un servicio de transporte al Aeropuerto Internacional de Pek\u00edn Capital?<\/span><\/strong><span class=\"qwen-markdown-text\"> R: Gracias a nuestra ubicaci\u00f3n privilegiada en la calle Fuqian 2, n.\u00b0 1, ofrecemos un c\u00f3modo acceso al aeropuerto. Para obtener informaci\u00f3n sobre el horario del transporte o asistencia con taxis, comun\u00edquese con la recepci\u00f3n al +86 10 8416 6060.<\/span><\/div><div class=\"qwen-markdown-space\">\u00a0<\/div><div class=\"qwen-markdown-paragraph\"><strong class=\"qwen-markdown-strong\"><span class=\"qwen-markdown-text\">P: \u00bfPuedo organizar una conferencia para m\u00e1s de 50 personas en el hotel?<\/span><\/strong><span class=\"qwen-markdown-text\"> R: S\u00ed, nuestros espacios flexibles para eventos se pueden configurar para grupos de diversos tama\u00f1os. Le recomendamos contactar con nuestro equipo de eventos a trav\u00e9s de nuestro sitio web para hablar sobre los requisitos espec\u00edficos de capacidad y audiovisuales.<\/span><\/div><div class=\"qwen-markdown-space\">\u00a0<\/div><div class=\"qwen-markdown-paragraph\"><strong class=\"qwen-markdown-strong\"><span class=\"qwen-markdown-text\">P: \u00bfEl Wi-Fi de alta velocidad es gratuito para los hu\u00e9spedes en viajes de negocios?<\/span><\/strong><span class=\"qwen-markdown-text\"> R: S\u00ed, se proporciona acceso gratuito a Internet de alta velocidad a todos los hu\u00e9spedes para garantizar una conectividad perfecta para el trabajo y la comunicaci\u00f3n.<\/span><\/div><div class=\"qwen-markdown-space\">\u00a0<\/div><div class=\"qwen-markdown-paragraph\" data-spm-anchor-id=\"a2ty_o01.29997173.0.i17.17ea5171uvEwxe\"><strong class=\"qwen-markdown-strong\"><span class=\"qwen-markdown-text\">P: \u00bfA qu\u00e9 distancia est\u00e1 el hotel del Nuevo Centro Nacional de Exposiciones?<\/span><\/strong><span class=\"qwen-markdown-text\"> R: El hotel est\u00e1 ubicado estrat\u00e9gicamente para atender a los hu\u00e9spedes del Nuevo Centro Nacional de Exposiciones, minimizando el tiempo de viaje de expositores y asistentes.<\/span><\/div>\t\t\t\t\t\t\t\t<\/div>\n\t\t\t\t<\/div>\n\t\t\t\t\t<\/div>\n\t\t\t\t<\/div>\n\t\t\t\t<\/div>","protected":false},"excerpt":{"rendered":"<p>Premier Business Facilities at Voyage International Hotel (Capital Airport New National Exhibition Store) Elevating Corporate Travel in Beijing&#8217;s Shunyi District In the fast-paced world of international commerce, the line between travel and productivity must be seamless. Located at the strategic heart of Beijing&#8217;s aviation and exhibition hub, the Voyage International Hotel (Capital Airport New National [&hellip;]<\/p>\n","protected":false},"author":1,"featured_media":0,"parent":0,"menu_order":0,"comment_status":"closed","ping_status":"closed","template":"elementor_header_footer","meta":{"footnotes":""},"class_list":["post-2109","page","type-page","status-publish","hentry","post-no-thumbnail"],"_links":{"self":[{"href":"https:\/\/voyageinternationalhotel.com\/es\/wp-json\/wp\/v2\/pages\/2109","targetHints":{"allow":["GET"]}}],"collection":[{"href":"https:\/\/voyageinternationalhotel.com\/es\/wp-json\/wp\/v2\/pages"}],"about":[{"href":"https:\/\/voyageinternationalhotel.com\/es\/wp-json\/wp\/v2\/types\/page"}],"author":[{"embeddable":true,"href":"https:\/\/voyageinternationalhotel.com\/es\/wp-json\/wp\/v2\/users\/1"}],"replies":[{"embeddable":true,"href":"https:\/\/voyageinternationalhotel.com\/es\/wp-json\/wp\/v2\/comments?post=2109"}],"version-history":[{"count":0,"href":"https:\/\/voyageinternationalhotel.com\/es\/wp-json\/wp\/v2\/pages\/2109\/revisions"}],"wp:attachment":[{"href":"https:\/\/voyageinternationalhotel.com\/es\/wp-json\/wp\/v2\/media?parent=2109"}],"curies":[{"name":"gracias","href":"https:\/\/api.w.org\/{rel}","templated":true}]}}