{"id":5266,"date":"2021-07-18T08:03:35","date_gmt":"2021-07-18T08:03:35","guid":{"rendered":"https:\/\/nuss.uxper.co\/luxury-resort\/?page_id=5266"},"modified":"2026-02-23T04:19:56","modified_gmt":"2026-02-23T04:19:56","slug":"uber-uns","status":"publish","type":"page","link":"https:\/\/voyageinternationalhotel.com\/de\/about-us\/","title":{"rendered":"\u00dcber uns"},"content":{"rendered":"<div data-elementor-type=\"wp-page\" data-elementor-id=\"5266\" class=\"elementor elementor-5266\">\n\t\t\t\t\t\t<section class=\"elementor-section elementor-top-section elementor-element elementor-element-10416953 elementor-section-boxed elementor-section-gap-beside-yes elementor-section-height-default elementor-section-height-default elementor-section-column-vertical-align-stretch\" data-id=\"10416953\" data-element_type=\"section\" data-e-type=\"section\">\n\t\t\t\t\t\t<div class=\"elementor-container elementor-column-gap-extended\">\n\t\t\t\t\t<div class=\"elementor-column elementor-col-100 elementor-top-column elementor-element elementor-element-29c6aa8\" data-id=\"29c6aa8\" data-element_type=\"column\" data-e-type=\"column\">\n\t\t\t<div class=\"elementor-widget-wrap elementor-element-populated\">\n\t\t\t\t\t\t<div class=\"elementor-element elementor-element-7be18fe7 elementor-widget__width-initial elementor-invisible elementor-widget elementor-widget-text-editor\" data-id=\"7be18fe7\" data-element_type=\"widget\" data-e-type=\"widget\" data-settings=\"{&quot;_animation&quot;:&quot;nussFadeInUp&quot;}\" data-widget_type=\"text-editor.default\">\n\t\t\t\t<div class=\"elementor-widget-container\">\n\t\t\t\t\t\t\t\t\t<p><span class=\"AnswerParser_TextContainer__z_Iiv\" data-testid=\"youchat-text\">Willkommen im VOYAGE INTERNATIONAL HOTEL, Ihrem erstklassigen Tor zur faszinierenden Stadt Peking!<\/span><\/p>\t\t\t\t\t\t\t\t<\/div>\n\t\t\t\t<\/div>\n\t\t\t\t\t<\/div>\n\t\t<\/div>\n\t\t\t\t\t<\/div>\n\t\t<\/section>\n\t\t<div class=\"elementor-element elementor-element-1c1c60a e-flex e-con-boxed e-con e-parent\" data-id=\"1c1c60a\" data-element_type=\"container\" data-e-type=\"container\">\n\t\t\t\t\t<div class=\"e-con-inner\">\n\t\t\t\t<div class=\"elementor-element elementor-element-01109d1 elementor-widget elementor-widget-image\" data-id=\"01109d1\" data-element_type=\"widget\" data-e-type=\"widget\" data-widget_type=\"image.default\">\n\t\t\t\t<div class=\"elementor-widget-container\">\n\t\t\t\t\t\t\t\t\t\t\t\t\t\t\t\t<a href=\"https:\/\/www.trip.com\/hotels\/beijing-hotel-detail-80920781\/voyage-international-hotel\/?Allianceid=5415915&#038;SID=119005804&#038;trip_sub1=&#038;trip_sub3=D6172287\" target=\"_blank\" rel=\"noopener\">\n\t\t\t\t\t\t\t<img fetchpriority=\"high\" decoding=\"async\" width=\"1581\" height=\"1468\" src=\"https:\/\/voyageinternationalhotel.com\/wp-content\/uploads\/2026\/02\/VOYAGE-INTERNATIONAL-HOTEL-\u5317\u4eac\u8fdc\u822a\u56fd\u9645\u9152 Aliexpress-\u9996\u90fd\u673a\u573a\u65b0\u56fd\u5c55third-Beijing.png\" class=\"attachment-full size-full wp-image-6068\" alt=\"\" srcset=\"\" sizes=\"(max-width: 1581px) 100vw, 1581px\" data-srcset=\"\" \/>\t\t\t\t\t\t\t\t<\/a>\n\t\t\t\t\t\t\t\t\t\t\t\t\t\t\t<\/div>\n\t\t\t\t<\/div>\n\t\t\t\t\t<\/div>\n\t\t\t\t<\/div>\n\t\t\t\t<section class=\"elementor-section elementor-top-section elementor-element elementor-element-7d18327f elementor-section-boxed elementor-section-gap-beside-yes elementor-section-height-default elementor-section-height-default elementor-section-column-vertical-align-stretch\" data-id=\"7d18327f\" data-element_type=\"section\" data-e-type=\"section\">\n\t\t\t\t\t\t<div class=\"elementor-container elementor-column-gap-extended\">\n\t\t\t\t\t<div class=\"elementor-column elementor-col-50 elementor-top-column elementor-element elementor-element-56533670\" data-id=\"56533670\" data-element_type=\"column\" data-e-type=\"column\">\n\t\t\t<div class=\"elementor-widget-wrap elementor-element-populated\">\n\t\t\t\t\t\t<div class=\"elementor-element elementor-element-8e15403 elementor-widget elementor-widget-text-editor\" data-id=\"8e15403\" data-element_type=\"widget\" data-e-type=\"widget\" data-widget_type=\"text-editor.default\">\n\t\t\t\t<div class=\"elementor-widget-container\">\n\t\t\t\t\t\t\t\t\t<p><span class=\"AnswerParser_TextContainer__z_Iiv\" data-testid=\"youchat-text\">Unser Hotel liegt strategisch g\u00fcnstig in der Fuqian Two Street Nr. 1 im Bezirk Shunyi und ist ein Leuchtturm des Komforts und der Bequemlichkeit f\u00fcr Reisende aus aller Welt. Nur wenige Minuten vom Beijing Capital Airport entfernt bieten wir einen nahtlosen \u00dcbergang vom Himmel zum Zufluchtsort und sind damit die ideale Wahl f\u00fcr Gesch\u00e4ftsreisende und Touristen gleicherma\u00dfen.<\/span> <span class=\"AnswerParser_TextContainer__z_Iiv\" data-testid=\"youchat-text\">Wenn Sie unsere Lobby betreten, werden Sie von einem Ambiente begr\u00fc\u00dft, das zeitgen\u00f6ssische Eleganz kunstvoll mit traditioneller chinesischer \u00c4sthetik verbindet. Unsere Designphilosophie zollt dem reichen kulturellen Erbe Pekings Tribut, w\u00e4hrend sie gleichzeitig modernen Luxus einbezieht und eine einzigartige Atmosph\u00e4re schafft, in der Sie sich sowohl zu Hause als auch in einer anderen Welt f\u00fchlen.<\/span><\/p>\t\t\t\t\t\t\t\t<\/div>\n\t\t\t\t<\/div>\n\t\t\t\t\t<\/div>\n\t\t<\/div>\n\t\t\t\t<div class=\"elementor-column elementor-col-50 elementor-top-column elementor-element elementor-element-30f14127\" data-id=\"30f14127\" data-element_type=\"column\" data-e-type=\"column\">\n\t\t\t<div class=\"elementor-widget-wrap elementor-element-populated\">\n\t\t\t\t\t\t<div class=\"elementor-element elementor-element-350da02e elementor-invisible nuss-elementor-loading nuss-slide-in-left elementor-widget elementor-widget-image\" data-id=\"350da02e\" data-element_type=\"widget\" data-e-type=\"widget\" data-settings=\"{&quot;_animation&quot;:&quot;nussSlideInLeft&quot;}\" data-widget_type=\"image.default\">\n\t\t\t\t<div class=\"elementor-widget-container\">\n\t\t\t\t\t\t\t\t\t\t\t\t\t\t\t<img decoding=\"async\" width=\"682\" height=\"853\" src=\"https:\/\/voyageinternationalhotel.com\/wp-content\/uploads\/2024\/10\/VOYAGE-INTERNATIONAL-HOTEL-Beijing-01.jpg\" class=\"attachment-full size-full wp-image-5497\" alt=\"\" srcset=\"https:\/\/voyageinternationalhotel.com\/wp-content\/uploads\/2024\/10\/VOYAGE-INTERNATIONAL-HOTEL-Beijing-01.jpg 682w, https:\/\/voyageinternationalhotel.com\/wp-content\/uploads\/2024\/10\/VOYAGE-INTERNATIONAL-HOTEL-Beijing-01-240x300.jpg 240w\" sizes=\"(max-width: 682px) 100vw, 682px\" \/>\t\t\t\t\t\t\t\t\t\t\t\t\t\t\t<\/div>\n\t\t\t\t<\/div>\n\t\t\t\t\t<\/div>\n\t\t<\/div>\n\t\t\t\t\t<\/div>\n\t\t<\/section>\n\t\t\t\t<section class=\"elementor-section elementor-top-section elementor-element elementor-element-29fb8578 elementor-section-height-min-height elementor-section-stretched elementor-section-full_width elementor-section-items-stretch elementor-section-height-default elementor-section-column-vertical-align-stretch\" data-id=\"29fb8578\" data-element_type=\"section\" data-e-type=\"section\" data-settings=\"{&quot;stretch_section&quot;:&quot;section-stretched&quot;}\">\n\t\t\t\t\t\t<div class=\"elementor-container elementor-column-gap-no\">\n\t\t\t\t\t<div class=\"elementor-column elementor-col-50 elementor-top-column elementor-element elementor-element-40ac270b\" data-id=\"40ac270b\" data-element_type=\"column\" data-e-type=\"column\">\n\t\t\t<div class=\"elementor-widget-wrap elementor-element-populated\">\n\t\t\t\t\t\t<div class=\"elementor-element elementor-element-20872773 elementor-widget__width-initial elementor-widget-mobile__width-inherit elementor-invisible nuss-elementor-loading nuss-slide-in-right elementor-widget elementor-widget-image\" data-id=\"20872773\" data-element_type=\"widget\" data-e-type=\"widget\" data-settings=\"{&quot;_animation&quot;:&quot;nussSlideInRight&quot;}\" data-widget_type=\"image.default\">\n\t\t\t\t<div class=\"elementor-widget-container\">\n\t\t\t\t\t\t\t\t\t\t\t\t\t\t\t<img decoding=\"async\" width=\"1280\" height=\"853\" src=\"https:\/\/voyageinternationalhotel.com\/wp-content\/uploads\/2024\/10\/VOYAGE-INTERNATIONAL-HOTEL-78.webp\" class=\"attachment-full size-full wp-image-5648\" alt=\"\" srcset=\"https:\/\/voyageinternationalhotel.com\/wp-content\/uploads\/2024\/10\/VOYAGE-INTERNATIONAL-HOTEL-78.webp 1280w, https:\/\/voyageinternationalhotel.com\/wp-content\/uploads\/2024\/10\/VOYAGE-INTERNATIONAL-HOTEL-78-300x200.webp 300w, https:\/\/voyageinternationalhotel.com\/wp-content\/uploads\/2024\/10\/VOYAGE-INTERNATIONAL-HOTEL-78-1024x682.webp 1024w, https:\/\/voyageinternationalhotel.com\/wp-content\/uploads\/2024\/10\/VOYAGE-INTERNATIONAL-HOTEL-78-768x512.webp 768w, https:\/\/voyageinternationalhotel.com\/wp-content\/uploads\/2024\/10\/VOYAGE-INTERNATIONAL-HOTEL-78-18x12.webp 18w\" sizes=\"(max-width: 1280px) 100vw, 1280px\" \/>\t\t\t\t\t\t\t\t\t\t\t\t\t\t\t<\/div>\n\t\t\t\t<\/div>\n\t\t\t\t\t<\/div>\n\t\t<\/div>\n\t\t\t\t<div class=\"elementor-column elementor-col-50 elementor-top-column elementor-element elementor-element-2dac103\" data-id=\"2dac103\" data-element_type=\"column\" data-e-type=\"column\">\n\t\t\t<div class=\"elementor-widget-wrap elementor-element-populated\">\n\t\t\t\t\t\t<div class=\"elementor-element elementor-element-6f1b8966 elementor-invisible elementor-widget elementor-widget-text-editor\" data-id=\"6f1b8966\" data-element_type=\"widget\" data-e-type=\"widget\" data-settings=\"{&quot;_animation&quot;:&quot;nussFadeInUp&quot;}\" data-widget_type=\"text-editor.default\">\n\t\t\t\t<div class=\"elementor-widget-container\">\n\t\t\t\t\t\t\t\t\t<p><span class=\"AnswerParser_TextContainer__z_Iiv\" data-testid=\"youchat-text\">Unsere Zimmer und Suiten sind sorgf\u00e4ltig eingerichtet, um den Bed\u00fcrfnissen anspruchsvoller internationaler Reisender gerecht zu werden. Jeder Raum ist eine Oase der Ruhe mit hochwertiger Bettw\u00e4sche, modernster Technologie und Panoramablick auf die umliegende Stadtlandschaft oder \u00fcppige G\u00e4rten. Ob Sie sich auf ein wichtiges Gesch\u00e4ftstreffen vorbereiten oder sich von einem langen Flug erholen, unsere Unterk\u00fcnfte bieten den perfekten R\u00fcckzugsort.<\/span><\/p>\t\t\t\t\t\t\t\t<\/div>\n\t\t\t\t<\/div>\n\t\t\t\t<div class=\"elementor-element elementor-element-4227e535 elementor-invisible elementor-widget elementor-widget-button\" data-id=\"4227e535\" data-element_type=\"widget\" data-e-type=\"widget\" data-settings=\"{&quot;_animation&quot;:&quot;nussFadeInUp&quot;}\" data-widget_type=\"button.default\">\n\t\t\t\t<div class=\"elementor-widget-container\">\n\t\t\t\t\t\t\t\t\t<div class=\"elementor-button-wrapper\">\n\t\t\t\t\t<a class=\"elementor-button elementor-button-link elementor-size-sm\" href=\"https:\/\/voyageinternationalhotel.com\/de\/zimmer\/\">\n\t\t\t\t\t\t<span class=\"elementor-button-content-wrapper\">\n\t\t\t\t\t\t\t\t\t<span class=\"elementor-button-text\">Mehr lesen<\/span>\n\t\t\t\t\t<\/span>\n\t\t\t\t\t<\/a>\n\t\t\t\t<\/div>\n\t\t\t\t\t\t\t\t<\/div>\n\t\t\t\t<\/div>\n\t\t\t\t\t<\/div>\n\t\t<\/div>\n\t\t\t\t\t<\/div>\n\t\t<\/section>\n\t\t\t\t<section class=\"elementor-section elementor-top-section elementor-element elementor-element-d1c0fbc elementor-section-height-min-height elementor-section-stretched elementor-section-full_width elementor-section-items-stretch elementor-section-height-default elementor-section-column-vertical-align-stretch\" data-id=\"d1c0fbc\" data-element_type=\"section\" data-e-type=\"section\" data-settings=\"{&quot;stretch_section&quot;:&quot;section-stretched&quot;}\">\n\t\t\t\t\t\t<div class=\"elementor-container elementor-column-gap-no\">\n\t\t\t\t\t<div class=\"elementor-column elementor-col-50 elementor-top-column elementor-element elementor-element-7b26b6f\" data-id=\"7b26b6f\" data-element_type=\"column\" data-e-type=\"column\">\n\t\t\t<div class=\"elementor-widget-wrap elementor-element-populated\">\n\t\t\t\t\t\t<div class=\"elementor-element elementor-element-33a4a29 elementor-invisible elementor-widget elementor-widget-text-editor\" data-id=\"33a4a29\" data-element_type=\"widget\" data-e-type=\"widget\" data-settings=\"{&quot;_animation&quot;:&quot;nussFadeInUp&quot;}\" data-widget_type=\"text-editor.default\">\n\t\t\t\t<div class=\"elementor-widget-container\">\n\t\t\t\t\t\t\t\t\t<p><span class=\"AnswerParser_TextContainer__z_Iiv\" data-testid=\"youchat-text\">Im VOYAGE INTERNATIONAL HOTEL wissen wir, dass Ihre Zeit kostbar ist. Deshalb bieten wir eine Reihe von Annehmlichkeiten, die Ihren Aufenthalt optimal gestalten. In unserem rund um die Uhr ge\u00f6ffneten Fitnesscenter k\u00f6nnen Sie Ihre Trainingsroutine beibehalten, w\u00e4hrend unser Businesscenter Ihnen alle Ger\u00e4te bietet, die Sie ben\u00f6tigen, um produktiv zu bleiben. Zur Entspannung bietet unser Spa eine Vielzahl von Behandlungen, die sowohl von \u00f6stlichen als auch westlichen Heiltraditionen inspiriert sind.<\/span><\/p>\t\t\t\t\t\t\t\t<\/div>\n\t\t\t\t<\/div>\n\t\t\t\t\t<\/div>\n\t\t<\/div>\n\t\t\t\t<div class=\"elementor-column elementor-col-50 elementor-top-column elementor-element elementor-element-1feb4e7\" data-id=\"1feb4e7\" data-element_type=\"column\" data-e-type=\"column\">\n\t\t\t<div class=\"elementor-widget-wrap elementor-element-populated\">\n\t\t\t\t\t\t<div class=\"elementor-element elementor-element-286e464 elementor-widget__width-initial elementor-widget-mobile__width-inherit elementor-invisible nuss-elementor-loading nuss-slide-in-right elementor-widget elementor-widget-image\" data-id=\"286e464\" data-element_type=\"widget\" data-e-type=\"widget\" data-settings=\"{&quot;_animation&quot;:&quot;nussSlideInRight&quot;}\" data-widget_type=\"image.default\">\n\t\t\t\t<div class=\"elementor-widget-container\">\n\t\t\t\t\t\t\t\t\t\t\t\t\t\t\t<img loading=\"lazy\" decoding=\"async\" width=\"1280\" height=\"853\" src=\"https:\/\/voyageinternationalhotel.com\/wp-content\/uploads\/2024\/10\/VOYAGE-INTERNATIONAL-HOTEL-57-1.webp\" class=\"attachment-full size-full wp-image-5640\" alt=\"\" srcset=\"https:\/\/voyageinternationalhotel.com\/wp-content\/uploads\/2024\/10\/VOYAGE-INTERNATIONAL-HOTEL-57-1.webp 1280w, https:\/\/voyageinternationalhotel.com\/wp-content\/uploads\/2024\/10\/VOYAGE-INTERNATIONAL-HOTEL-57-1-300x200.webp 300w, https:\/\/voyageinternationalhotel.com\/wp-content\/uploads\/2024\/10\/VOYAGE-INTERNATIONAL-HOTEL-57-1-1024x682.webp 1024w, https:\/\/voyageinternationalhotel.com\/wp-content\/uploads\/2024\/10\/VOYAGE-INTERNATIONAL-HOTEL-57-1-768x512.webp 768w, https:\/\/voyageinternationalhotel.com\/wp-content\/uploads\/2024\/10\/VOYAGE-INTERNATIONAL-HOTEL-57-1-18x12.webp 18w\" sizes=\"(max-width: 1280px) 100vw, 1280px\" \/>\t\t\t\t\t\t\t\t\t\t\t\t\t\t\t<\/div>\n\t\t\t\t<\/div>\n\t\t\t\t\t<\/div>\n\t\t<\/div>\n\t\t\t\t\t<\/div>\n\t\t<\/section>\n\t\t\t\t<section class=\"elementor-section elementor-top-section elementor-element elementor-element-b9e628f elementor-section-height-min-height elementor-section-stretched elementor-section-full_width elementor-section-items-stretch elementor-section-height-default elementor-section-column-vertical-align-stretch\" data-id=\"b9e628f\" data-element_type=\"section\" data-e-type=\"section\" data-settings=\"{&quot;stretch_section&quot;:&quot;section-stretched&quot;}\">\n\t\t\t\t\t\t<div class=\"elementor-container elementor-column-gap-no\">\n\t\t\t\t\t<div class=\"elementor-column elementor-col-50 elementor-top-column elementor-element elementor-element-5ef9219\" data-id=\"5ef9219\" data-element_type=\"column\" data-e-type=\"column\">\n\t\t\t<div class=\"elementor-widget-wrap elementor-element-populated\">\n\t\t\t\t\t\t<div class=\"elementor-element elementor-element-2a60b3d elementor-widget__width-initial elementor-widget-mobile__width-inherit elementor-invisible nuss-elementor-loading nuss-slide-in-right elementor-widget elementor-widget-image\" data-id=\"2a60b3d\" data-element_type=\"widget\" data-e-type=\"widget\" data-settings=\"{&quot;_animation&quot;:&quot;nussSlideInRight&quot;}\" data-widget_type=\"image.default\">\n\t\t\t\t<div class=\"elementor-widget-container\">\n\t\t\t\t\t\t\t\t\t\t\t\t\t\t\t<img loading=\"lazy\" decoding=\"async\" width=\"1280\" height=\"853\" src=\"https:\/\/voyageinternationalhotel.com\/wp-content\/uploads\/2024\/10\/VOYAGE-INTERNATIONAL-HOTEL-7.webp\" class=\"attachment-full size-full wp-image-5625\" alt=\"\" srcset=\"https:\/\/voyageinternationalhotel.com\/wp-content\/uploads\/2024\/10\/VOYAGE-INTERNATIONAL-HOTEL-7.webp 1280w, https:\/\/voyageinternationalhotel.com\/wp-content\/uploads\/2024\/10\/VOYAGE-INTERNATIONAL-HOTEL-7-300x200.webp 300w, https:\/\/voyageinternationalhotel.com\/wp-content\/uploads\/2024\/10\/VOYAGE-INTERNATIONAL-HOTEL-7-1024x682.webp 1024w, https:\/\/voyageinternationalhotel.com\/wp-content\/uploads\/2024\/10\/VOYAGE-INTERNATIONAL-HOTEL-7-768x512.webp 768w, https:\/\/voyageinternationalhotel.com\/wp-content\/uploads\/2024\/10\/VOYAGE-INTERNATIONAL-HOTEL-7-18x12.webp 18w\" sizes=\"(max-width: 1280px) 100vw, 1280px\" \/>\t\t\t\t\t\t\t\t\t\t\t\t\t\t\t<\/div>\n\t\t\t\t<\/div>\n\t\t\t\t\t<\/div>\n\t\t<\/div>\n\t\t\t\t<div class=\"elementor-column elementor-col-50 elementor-top-column elementor-element elementor-element-a06246c\" data-id=\"a06246c\" data-element_type=\"column\" data-e-type=\"column\">\n\t\t\t<div class=\"elementor-widget-wrap elementor-element-populated\">\n\t\t\t\t\t\t<div class=\"elementor-element elementor-element-7eef231 elementor-invisible elementor-widget elementor-widget-text-editor\" data-id=\"7eef231\" data-element_type=\"widget\" data-e-type=\"widget\" data-settings=\"{&quot;_animation&quot;:&quot;nussFadeInUp&quot;}\" data-widget_type=\"text-editor.default\">\n\t\t\t\t<div class=\"elementor-widget-container\">\n\t\t\t\t\t\t\t\t\t<p><span class=\"AnswerParser_TextContainer__z_Iiv\" data-testid=\"youchat-text\">Kulinarische Liebhaber werden von unserem vielf\u00e4ltigen Speiseangebot begeistert sein. Von authentischer Peking-K\u00fcche bis hin zu internationalen Spezialit\u00e4ten \u2013 unsere Restaurants haben f\u00fcr jeden Geschmack etwas zu bieten. Verpassen Sie nicht unsere Bar auf dem Dach, wo Sie fachm\u00e4nnisch zubereitete Cocktails schl\u00fcrfen und dabei einen atemberaubenden Blick auf die gesch\u00e4ftigen Start- und Landebahnen des Flughafens genie\u00dfen k\u00f6nnen. <\/span><\/p><p><span class=\"AnswerParser_TextContainer__z_Iiv\" data-testid=\"youchat-text\">Wenn Sie auf Entdeckungsreise gehen m\u00f6chten, steht Ihnen unser Concierge-Team zur Seite, um Ihnen dabei zu helfen, die Wunder Pekings zu entdecken. Von der Gro\u00dfen Mauer bis zur Verbotenen Stadt k\u00f6nnen wir Touren und Transporte organisieren, damit Sie Ihren Besuch optimal nutzen k\u00f6nnen. <\/span><\/p><p><span class=\"AnswerParser_TextContainer__z_Iiv\" data-testid=\"youchat-text\">Im VOYAGE INTERNATIONAL HOTEL sind wir mehr als nur ein Ort zum \u00dcbernachten \u2013 wir sind Ihr Zuhause in Peking, Ihr Ausgangspunkt f\u00fcr Abenteuer und Ihr Zufluchtsort im Himmel. Erleben Sie die perfekte Mischung aus \u00f6stlicher Gastfreundschaft und westlichem Komfort. Ihre Reise beginnt hier!<\/span><\/p>\t\t\t\t\t\t\t\t<\/div>\n\t\t\t\t<\/div>\n\t\t\t\t\t<\/div>\n\t\t<\/div>\n\t\t\t\t\t<\/div>\n\t\t<\/section>\n\t\t\t\t<\/div>","protected":false},"excerpt":{"rendered":"<p>Welcome to VOYAGE INTERNATIONAL HOTEL, your premier gateway to the captivating city of Beijing! Strategically situated at No.1 Fuqian Two Street in the Shunyi District, our hotel stands as a beacon of comfort and convenience for travelers from around the globe. Just moments away from Beijing Capital Airport, we offer a seamless transition from sky [&hellip;]<\/p>\n","protected":false},"author":1,"featured_media":0,"parent":0,"menu_order":0,"comment_status":"closed","ping_status":"closed","template":"","meta":{"footnotes":""},"class_list":["post-5266","page","type-page","status-publish","hentry","post-no-thumbnail"],"_links":{"self":[{"href":"https:\/\/voyageinternationalhotel.com\/de\/wp-json\/wp\/v2\/pages\/5266","targetHints":{"allow":["GET"]}}],"collection":[{"href":"https:\/\/voyageinternationalhotel.com\/de\/wp-json\/wp\/v2\/pages"}],"about":[{"href":"https:\/\/voyageinternationalhotel.com\/de\/wp-json\/wp\/v2\/types\/page"}],"author":[{"embeddable":true,"href":"https:\/\/voyageinternationalhotel.com\/de\/wp-json\/wp\/v2\/users\/1"}],"replies":[{"embeddable":true,"href":"https:\/\/voyageinternationalhotel.com\/de\/wp-json\/wp\/v2\/comments?post=5266"}],"version-history":[{"count":0,"href":"https:\/\/voyageinternationalhotel.com\/de\/wp-json\/wp\/v2\/pages\/5266\/revisions"}],"wp:attachment":[{"href":"https:\/\/voyageinternationalhotel.com\/de\/wp-json\/wp\/v2\/media?parent=5266"}],"curies":[{"name":"wp","href":"https:\/\/api.w.org\/{rel}","templated":true}]}}