{"id":2109,"date":"2021-03-26T08:35:58","date_gmt":"2021-03-26T08:35:58","guid":{"rendered":"http:\/\/localhost\/nuss\/?page_id=536"},"modified":"2026-02-23T04:56:02","modified_gmt":"2026-02-23T04:56:02","slug":"geschaftseinrichtungen","status":"publish","type":"page","link":"https:\/\/voyageinternationalhotel.com\/de\/business-facilities\/","title":{"rendered":"Gesch\u00e4ftseinrichtungen"},"content":{"rendered":"<div data-elementor-type=\"wp-page\" data-elementor-id=\"2109\" class=\"elementor elementor-2109\">\n\t\t\t\t\t\t<section class=\"elementor-section elementor-top-section elementor-element elementor-element-bb2901b elementor-section-boxed elementor-section-gap-beside-yes elementor-section-height-default elementor-section-height-default elementor-section-column-vertical-align-stretch\" data-id=\"bb2901b\" data-element_type=\"section\" data-e-type=\"section\">\n\t\t\t\t\t\t<div class=\"elementor-container elementor-column-gap-extended\">\n\t\t\t\t\t<div class=\"elementor-column elementor-col-100 elementor-top-column elementor-element elementor-element-1919db9\" data-id=\"1919db9\" data-element_type=\"column\" data-e-type=\"column\">\n\t\t\t<div class=\"elementor-widget-wrap elementor-element-populated\">\n\t\t\t\t\t\t<div class=\"elementor-element elementor-element-41a7b9c elementor-widget__width-initial elementor-invisible elementor-widget elementor-widget-text-editor\" data-id=\"41a7b9c\" data-element_type=\"widget\" data-e-type=\"widget\" data-settings=\"{&quot;_animation&quot;:&quot;nussFadeInUp&quot;}\" data-widget_type=\"text-editor.default\">\n\t\t\t\t<div class=\"elementor-widget-container\">\n\t\t\t\t\t\t\t\t\t<h4 class=\"qwen-markdown-heading\"><span class=\"qwen-markdown-text\" data-spm-anchor-id=\"a2ty_o01.29997173.0.i19.17ea5171uvEwxe\">Erstklassige Gesch\u00e4ftseinrichtungen im Voyage International Hotel (Neues Nationales Ausstellungszentrum am Flughafen der Hauptstadt)<\/span><\/h4>\t\t\t\t\t\t\t\t<\/div>\n\t\t\t\t<\/div>\n\t\t\t\t\t<\/div>\n\t\t<\/div>\n\t\t\t\t\t<\/div>\n\t\t<\/section>\n\t\t<div class=\"elementor-element elementor-element-a247be5 e-flex e-con-boxed e-con e-parent\" data-id=\"a247be5\" data-element_type=\"container\" data-e-type=\"container\">\n\t\t\t\t\t<div class=\"e-con-inner\">\n\t\t\t\t<div class=\"elementor-element elementor-element-1d671e3 elementor-widget elementor-widget-text-editor\" data-id=\"1d671e3\" data-element_type=\"widget\" data-e-type=\"widget\" data-widget_type=\"text-editor.default\">\n\t\t\t\t<div class=\"elementor-widget-container\">\n\t\t\t\t\t\t\t\t\t<h2 class=\"qwen-markdown-heading\"><span class=\"qwen-markdown-text\" data-spm-anchor-id=\"a2ty_o01.29997173.0.i18.17ea5171uvEwxe\">Aufwertung des Gesch\u00e4ftsreiseverkehrs im Pekinger Bezirk Shunyi<\/span><\/h2><div class=\"qwen-markdown-paragraph\"><span class=\"qwen-markdown-text\">In der schnelllebigen Welt des internationalen Handels muss die Grenze zwischen Reisen und Produktivit\u00e4t flie\u00dfend sein. Das Hotel liegt im strategischen Herzen von Pekings Luftfahrt- und Messezentrum. <\/span><strong class=\"qwen-markdown-strong\"><span class=\"qwen-markdown-text\">Voyage International Hotel (Capital Airport New National Exhibition Store)<\/span><\/strong><span class=\"qwen-markdown-text\"> gilt als erstklassiges Reiseziel f\u00fcr anspruchsvolle Gesch\u00e4ftsreisende. Gelegen in <\/span><strong class=\"qwen-markdown-strong\"><span class=\"qwen-markdown-text\">Nr. 1 Fuqian Two Street, Capital Airport, Bezirk Shunyi, Peking, China<\/span><\/strong><span class=\"qwen-markdown-text\">, Dieses Anwesen ist nicht blo\u00df ein Ort zum Ausruhen; es ist ein vollst\u00e4ndig integriertes Gesch\u00e4fts\u00f6kosystem, das auf Erfolg ausgerichtet ist.<\/span><\/div><div class=\"qwen-markdown-space\">\u00a0<\/div><div class=\"qwen-markdown-paragraph\"><span class=\"qwen-markdown-text\">F\u00fcr Gesch\u00e4ftsreisende im China International Exhibition Center (Neuer Veranstaltungsort), Fr\u00fchreisende vom Beijing Capital International Airport (PEK) oder Firmenkunden im Bezirk Shunyi bietet das Voyage International Hotel eine gelungene Kombination aus Komfort, modernster Technologie und erstklassigem Service. Dieser detaillierte \u00dcberblick beleuchtet die umfassenden Business-Einrichtungen, die das Hotel zur ersten Wahl f\u00fcr MICE-Reisende (Meetings, Incentives, Konferenzen und Ausstellungen) und Gesch\u00e4ftsreisende machen.<\/span><\/div><div class=\"qwen-markdown-space\">\u00a0<\/div><div class=\"qwen-markdown-hr\"><hr \/><\/div><div class=\"qwen-markdown-space\">\u00a0<\/div><h2 class=\"qwen-markdown-heading\"><span class=\"qwen-markdown-text\">Strategische Lage: Das Tor zum Pekinger Gesch\u00e4ftsleben<\/span><\/h2><div class=\"qwen-markdown-paragraph\"><span class=\"qwen-markdown-text\">Das gr\u00f6\u00dfte Plus des Voyage International Hotels ist seine unvergleichliche Lage. Gerade im Gesch\u00e4ftsreisebereich ist Zeit das wertvollste Gut.<\/span><\/div><div class=\"qwen-markdown-space\">\u00a0<\/div><ul class=\"qwen-markdown-list\" dir=\"auto\"><li><strong class=\"qwen-markdown-strong\"><span class=\"qwen-markdown-text\">N\u00e4he zum Flughafen Capital:<\/span><\/strong><span class=\"qwen-markdown-text\"> Das Hotel liegt nur wenige Minuten vom internationalen Flughafen Peking entfernt und minimiert so den Transitstress f\u00fcr G\u00e4ste mit fr\u00fchen Abfl\u00fcgen oder sp\u00e4ten Ank\u00fcnften. Diese N\u00e4he ist besonders wichtig f\u00fcr F\u00fchrungskr\u00e4fte mit engen internationalen Terminkalendern.<\/span><\/li><li><strong class=\"qwen-markdown-strong\"><span class=\"qwen-markdown-text\">Zugang zum neuen Nationalen Ausstellungszentrum:<\/span><\/strong><span class=\"qwen-markdown-text\"> Wie der Name schon sagt, dient das Hotel als idealer Ausgangspunkt f\u00fcr Messebesucher. Die Bezeichnung \u201cNeues Nationales Messezentrum\u201d unterstreicht seine direkte Bedeutung f\u00fcr Aussteller und Besucher des Messegel\u00e4ndes Shunyi und verk\u00fcrzt die Anfahrtszeiten zu den gro\u00dfen Kongresszentren.<\/span><\/li><li><strong class=\"qwen-markdown-strong\"><span class=\"qwen-markdown-text\">Anbindung des Bezirks Shunyi:<\/span><\/strong><span class=\"qwen-markdown-text\"> \u00dcber den Flughafen hinaus bietet das Hotel einen einfachen Zugang zum gesamten Gesch\u00e4ftsviertel Shunyi und verbindet die G\u00e4ste mit Industrieparks, Logistikzentren und Unternehmenszentralen im Norden Pekings.<\/span><\/li><\/ul><div class=\"qwen-markdown-space\">\u00a0<\/div><div class=\"qwen-markdown-hr\"><hr \/><\/div><div class=\"qwen-markdown-space\">\u00a0<\/div><h2 class=\"qwen-markdown-heading\"><span class=\"qwen-markdown-text\">Modernste Tagungs- und Konferenzr\u00e4ume<\/span><\/h2><div class=\"qwen-markdown-paragraph\"><span class=\"qwen-markdown-text\">Das Voyage International Hotel wei\u00df, dass Gesch\u00e4ftsabschl\u00fcsse oft au\u00dferhalb des traditionellen B\u00fcros besiegelt werden. Unsere Konferenzinfrastruktur ist darauf ausgelegt, alles von vertraulichen Vorstandssitzungen bis hin zu gro\u00dfen Unternehmenspr\u00e4sentationen zu erm\u00f6glichen.<\/span><\/div><div class=\"qwen-markdown-space\">\u00a0<\/div><h3 class=\"qwen-markdown-heading\"><span class=\"qwen-markdown-text\">Flexible Veranstaltungsr\u00e4ume<\/span><\/h3><div class=\"qwen-markdown-paragraph\"><span class=\"qwen-markdown-text\">Unsere Besprechungsr\u00e4ume sind modular und flexibel. Ob Sie einen gesch\u00fctzten Raum f\u00fcr wichtige Verhandlungen oder einen offenen Bereich f\u00fcr ein Brainstorming im Team ben\u00f6tigen \u2013 die R\u00e4umlichkeiten lassen sich an Ihre individuellen Bed\u00fcrfnisse anpassen.<\/span><\/div><ul class=\"qwen-markdown-list\" dir=\"auto\"><li><strong class=\"qwen-markdown-strong\"><span class=\"qwen-markdown-text\">Sitzungss\u00e4le:<\/span><\/strong><span class=\"qwen-markdown-text\"> Ideal f\u00fcr Entscheidungsprozesse auf F\u00fchrungsebene, ausgestattet mit hochwertigen Konferenztischen und ergonomischen Sitzm\u00f6beln.<\/span><\/li><li><strong class=\"qwen-markdown-strong\"><span class=\"qwen-markdown-text\">Schulungsr\u00e4ume:<\/span><\/strong><span class=\"qwen-markdown-text\"> Ideal f\u00fcr Firmenworkshops und Seminare, mit klassenzimmer\u00e4hnlicher Ausstattung.<\/span><\/li><li><strong class=\"qwen-markdown-strong\"><span class=\"qwen-markdown-text\">Banketts\u00e4le:<\/span><\/strong><span class=\"qwen-markdown-text\"> Geeignet f\u00fcr Firmenfeiern, Networking-Dinner und Produkteinf\u00fchrungsveranstaltungen.<\/span><\/li><\/ul><div class=\"qwen-markdown-space\">\u00a0<\/div><h3 class=\"qwen-markdown-heading\"><span class=\"qwen-markdown-text\">Fortschrittliche audiovisuelle Technologie<\/span><\/h3><div class=\"qwen-markdown-paragraph\"><span class=\"qwen-markdown-text\">Um sicherzustellen, dass Ihre Pr\u00e4sentation genauso wirkungsvoll ist wie Ihre Botschaft, sind unsere Gesch\u00e4ftsr\u00e4ume mit modernster Technologie ausgestattet:<\/span><\/div><ul class=\"qwen-markdown-list\" dir=\"auto\"><li><span class=\"qwen-markdown-text\">Hochaufl\u00f6sende Projektoren und gro\u00dfformatige LED-Bildschirme.<\/span><\/li><li><span class=\"qwen-markdown-text\">Professionelle Soundsysteme mit drahtloser Mikrofonfunktion.<\/span><\/li><li><span class=\"qwen-markdown-text\">Videokonferenz-Tools zur globalen Vernetzung mit entfernten Stakeholdern.<\/span><\/li><li><span class=\"qwen-markdown-text\">W\u00e4hrend der Veranstaltungen steht Ihnen ein spezialisiertes technisches Supportteam zur Verf\u00fcgung, um eventuelle Probleme sofort zu beheben.<\/span><\/li><\/ul><div class=\"qwen-markdown-space\">\u00a0<\/div><div class=\"qwen-markdown-hr\"><hr \/><\/div><div class=\"qwen-markdown-space\">\u00a0<\/div><h2 class=\"qwen-markdown-heading\"><span class=\"qwen-markdown-text\">Business-Ausstattung im Zimmer: Ihr B\u00fcro fernab von Zuhause<\/span><\/h2><div class=\"qwen-markdown-paragraph\"><span class=\"qwen-markdown-text\">Wir wissen, dass Arbeit nicht immer im Konferenzraum stattfindet. Die G\u00e4stezimmer im Voyage International Hotel sind so gestaltet, dass sie als private, produktive Arbeitsbereiche dienen k\u00f6nnen.<\/span><\/div><div class=\"qwen-markdown-space\">\u00a0<\/div><ul class=\"qwen-markdown-list\" dir=\"auto\"><li><strong class=\"qwen-markdown-strong\"><span class=\"qwen-markdown-text\">Hochgeschwindigkeits-Glasfaserinternet:<\/span><\/strong><span class=\"qwen-markdown-text\"> Im gesamten Hotel steht zuverl\u00e4ssiges, sicheres und breitbandiges WLAN zur Verf\u00fcgung, das reibungslose Videoanrufe und die \u00dcbertragung gro\u00dfer Dateien gew\u00e4hrleistet.<\/span><\/li><li><strong class=\"qwen-markdown-strong\"><span class=\"qwen-markdown-text\">Ergonomische Arbeitspl\u00e4tze:<\/span><\/strong><span class=\"qwen-markdown-text\"> Jedes Zimmer verf\u00fcgt \u00fcber einen eigenen Schreibtisch mit angemessener Beleuchtung und bequemen Sitzgelegenheiten, um Erm\u00fcdung bei langen Arbeitszeiten vorzubeugen.<\/span><\/li><li><strong class=\"qwen-markdown-strong\"><span class=\"qwen-markdown-text\">Internationale Stromverbindungen:<\/span><\/strong><span class=\"qwen-markdown-text\"> Mehrere Standard-Steckdosen und USB-Ladeanschl\u00fcsse befinden sich in praktischer N\u00e4he des Arbeitsplatzes, um alle Ger\u00e4te mit Strom zu versorgen.<\/span><\/li><li><strong class=\"qwen-markdown-strong\"><span class=\"qwen-markdown-text\">Ruhige Umgebung:<\/span><\/strong><span class=\"qwen-markdown-text\"> Schallisolierte Fenster und W\u00e4nde gew\u00e4hrleisten eine ablenkungsfreie Umgebung, die f\u00fcr Konzentration und erholsamen Schlaf zwischen den Meetings unerl\u00e4sslich ist.<\/span><\/li><\/ul><div class=\"qwen-markdown-space\">\u00a0<\/div><div class=\"qwen-markdown-hr\"><hr \/><\/div><div class=\"qwen-markdown-space\">\u00a0<\/div><h2 class=\"qwen-markdown-heading\"><span class=\"qwen-markdown-text\">Umfassende Business-Center-Dienstleistungen<\/span><\/h2><div class=\"qwen-markdown-paragraph\"><span class=\"qwen-markdown-text\">F\u00fcr G\u00e4ste, die administrative Unterst\u00fctzung ben\u00f6tigen, dient das hoteleigene Business Center als Erweiterung Ihres Firmenb\u00fcros. Diese Einrichtung steht allen Hotelg\u00e4sten zur Verf\u00fcgung und bietet wichtige Dienstleistungen f\u00fcr einen reibungslosen Gesch\u00e4ftsablauf.<\/span><\/div><div class=\"qwen-markdown-space\">\u00a0<\/div><ul class=\"qwen-markdown-list\" dir=\"auto\"><li><strong class=\"qwen-markdown-strong\"><span class=\"qwen-markdown-text\">Dokumentendienste:<\/span><\/strong><span class=\"qwen-markdown-text\"> F\u00fcr Pr\u00e4sentationsunterlagen oder Reisedokumente in letzter Minute stehen Hochgeschwindigkeitsdruck-, Scan-, Kopier- und Bindedienste zur Verf\u00fcgung.<\/span><\/li><li><strong class=\"qwen-markdown-strong\"><span class=\"qwen-markdown-text\">Sekretariatsunterst\u00fctzung:<\/span><\/strong><span class=\"qwen-markdown-text\"> Unterst\u00fctzung bei Schreibarbeiten, \u00dcbersetzungen und Kurierdiensten kann auf Anfrage arrangiert werden.<\/span><\/li><li><strong class=\"qwen-markdown-strong\"><span class=\"qwen-markdown-text\">Private Arbeitspl\u00e4tze:<\/span><\/strong><span class=\"qwen-markdown-text\"> F\u00fcr G\u00e4ste, die lieber nicht in ihren Zimmern arbeiten m\u00f6chten, bietet das Business Center ruhige Kabinen mit Desktop-Computern und B\u00fcromaterial.<\/span><\/li><li><strong class=\"qwen-markdown-strong\"><span class=\"qwen-markdown-text\">Post- und Paketabwicklung:<\/span><\/strong><span class=\"qwen-markdown-text\"> Sicherer Empfang und Versand von Gesch\u00e4ftskorrespondenz und Paketen.<\/span><\/li><\/ul><div class=\"qwen-markdown-space\">\u00a0<\/div><div class=\"qwen-markdown-hr\"><hr \/><\/div><div class=\"qwen-markdown-space\">\u00a0<\/div><h2 class=\"qwen-markdown-heading\"><span class=\"qwen-markdown-text\">Speiseoptionen, die auf die Bed\u00fcrfnisse von Gesch\u00e4ftsreisenden zugeschnitten sind<\/span><\/h2><div class=\"qwen-markdown-paragraph\"><span class=\"qwen-markdown-text\">Networking findet oft bei gemeinsamen Mahlzeiten statt. Die Speiseeinrichtungen im Voyage International Hotel sind so gestaltet, dass sie den Gepflogenheiten von Gesch\u00e4ftsessen und zeitlichen Einschr\u00e4nkungen gerecht werden.<\/span><\/div><div class=\"qwen-markdown-space\">\u00a0<\/div><ul class=\"qwen-markdown-list\" dir=\"auto\"><li><strong class=\"qwen-markdown-strong\"><span class=\"qwen-markdown-text\">Fr\u00fchst\u00fcck f\u00fcr F\u00fchrungskr\u00e4fte:<\/span><\/strong><span class=\"qwen-markdown-text\"> Ein schnelles, nahrhaftes und reichhaltiges Fr\u00fchst\u00fccksbuffet sorgt daf\u00fcr, dass Sie energiegeladen in den Tag starten. F\u00fcr Flugreisende stehen fr\u00fche Servierzeiten zur Verf\u00fcgung.<\/span><\/li><li><strong class=\"qwen-markdown-strong\"><span class=\"qwen-markdown-text\">Private Speiser\u00e4ume:<\/span><\/strong><span class=\"qwen-markdown-text\"> F\u00fcr Gesch\u00e4ftsessen oder Kundenveranstaltungen bieten private R\u00e4ume Vertraulichkeit und ein elegantes Ambiente.<\/span><\/li><li><strong class=\"qwen-markdown-strong\"><span class=\"qwen-markdown-text\">24-Stunden-Zimmerservice:<\/span><\/strong><span class=\"qwen-markdown-text\"> Da Gesch\u00e4ftsreisende h\u00e4ufig \u00fcber Zeitzonen hinweg arbeiten, serviert unsere K\u00fcche zu jeder Tageszeit hochwertige Mahlzeiten, sodass Sie in der Privatsph\u00e4re Ihres Zimmers speisen und gleichzeitig arbeiten k\u00f6nnen.<\/span><\/li><li><strong class=\"qwen-markdown-strong\"><span class=\"qwen-markdown-text\">Lobby-Lounge:<\/span><\/strong><span class=\"qwen-markdown-text\"> Ein stilvolles Ambiente f\u00fcr informelle Treffen oder Kaffeepausen, in dem Premium-Getr\u00e4nke und leichte Snacks serviert werden.<\/span><\/li><\/ul><div class=\"qwen-markdown-space\">\u00a0<\/div><div class=\"qwen-markdown-hr\"><hr \/><\/div><div class=\"qwen-markdown-space\">\u00a0<\/div><h2 class=\"qwen-markdown-heading\"><span class=\"qwen-markdown-text\">Warum sollten Sie das Voyage International Hotel f\u00fcr Ihre n\u00e4chste Gesch\u00e4ftsreise w\u00e4hlen?<\/span><\/h2><div class=\"qwen-markdown-paragraph\"><span class=\"qwen-markdown-text\">Bei der Auswahl einer Unterkunft f\u00fcr Gesch\u00e4ftsreisen in Peking kommt es letztendlich auf Zuverl\u00e4ssigkeit und Effizienz an. <\/span><strong class=\"qwen-markdown-strong\"><span class=\"qwen-markdown-text\">Voyage International Hotel (Capital Airport New National Exhibition Store)<\/span><\/strong><span class=\"qwen-markdown-text\"> Erf\u00fcllt beide Erwartungen. Durch die Kombination einer erstklassigen Lage in <\/span><strong class=\"qwen-markdown-strong\"><span class=\"qwen-markdown-text\">Bezirk Shunyi<\/span><\/strong><span class=\"qwen-markdown-text\"> mit robusten <\/span><strong class=\"qwen-markdown-strong\"><span class=\"qwen-markdown-text\">Gesch\u00e4ftseinrichtungen<\/span><\/strong><span class=\"qwen-markdown-text\">, Wir beseitigen die Reibungsverluste auf Ihrem Reiseplan.<\/span><\/div><div class=\"qwen-markdown-space\">\u00a0<\/div><div class=\"qwen-markdown-paragraph\"><span class=\"qwen-markdown-text\">Ob Sie im Neuen Nationalen Ausstellungszentrum ausstellen, den Hauptstadtflughafen passieren oder Projekte in den n\u00f6rdlichen Bezirken Pekings leiten \u2013 unser Hotel bietet Ihnen die n\u00f6tige Infrastruktur f\u00fcr Ihren Erfolg. Unsere engagierten Mitarbeiter sind darauf geschult, die Bed\u00fcrfnisse von Gesch\u00e4ftsreisenden vorauszusehen, sodass Sie sich ganz auf Ihre Ziele konzentrieren k\u00f6nnen und nicht auf die Logistik.<\/span><\/div><div class=\"qwen-markdown-space\">\u00a0<\/div><div class=\"qwen-markdown-hr\"><hr \/><\/div><div class=\"qwen-markdown-space\">\u00a0<\/div><h2 class=\"qwen-markdown-heading\"><span class=\"qwen-markdown-text\">Kontakt- und Reservierungsinformationen<\/span><\/h2><div class=\"qwen-markdown-paragraph\"><span class=\"qwen-markdown-text\">Um sich \u00fcber die Verf\u00fcgbarkeit von Tagungsr\u00e4umen und Firmenkonditionen zu informieren oder Ihren Aufenthalt zu buchen, nutzen Sie bitte die unten stehenden Kontaktdaten. Unser Reservierungsteam unterst\u00fctzt Sie gerne bei der Zusammenstellung individueller Business-Pakete.<\/span><\/div><div class=\"qwen-markdown-space\">\u00a0<\/div><ul class=\"qwen-markdown-list\" dir=\"auto\"><li><strong class=\"qwen-markdown-strong\"><span class=\"qwen-markdown-text\">Hotelname:<\/span><\/strong><span class=\"qwen-markdown-text\"> VOYAGE INTERNATIONAL HOTEL (Neues Nationales Ausstellungszentrum am Flughafen der Hauptstadt)<\/span><\/li><li><strong class=\"qwen-markdown-strong\"><span class=\"qwen-markdown-text\">Offizielle Website:<\/span><\/strong> <a class=\"qwen-markdown-link\" href=\"https:\/\/voyageinternationalhotel.com\/de\/\" target=\"_blank\" rel=\"noopener noreferrer\"><span class=\"qwen-markdown-text\">https:\/\/voyageinternationalhotel.com\/<\/span><\/a><\/li><li><strong class=\"qwen-markdown-strong\"><span class=\"qwen-markdown-text\">Telefon:<\/span><\/strong><span class=\"qwen-markdown-text\"> +86 10 8416 6060<\/span><\/li><li><strong class=\"qwen-markdown-strong\"><span class=\"qwen-markdown-text\">Physische Adresse:<\/span><\/strong><span class=\"qwen-markdown-text\"> Nr. 1 Fuqian Two Street, Capital Airport, Bezirk Shunyi, Peking, China<\/span><\/li><li><strong class=\"qwen-markdown-strong\"><span class=\"qwen-markdown-text\">Trip.com-Eintrag:<\/span><\/strong> <a class=\"qwen-markdown-link\" href=\"https:\/\/www.trip.com\/hotels\/beijing-hotel-detail-80920781\/voyage-international-hotel\/?Allianceid=5415915&amp;SID=119005804&amp;trip_sub1=&amp;trip_sub3=D6172287\" target=\"_blank\" rel=\"noopener noreferrer\"><span class=\"qwen-markdown-text\">Hoteldetails auf Trip.com ansehen<\/span><\/a><\/li><\/ul><div class=\"qwen-markdown-space\">\u00a0<\/div><div class=\"qwen-markdown-paragraph\"><strong class=\"qwen-markdown-strong\"><span class=\"qwen-markdown-text\">Planen Sie Ihre n\u00e4chste Gesch\u00e4ftsreise mit Zuversicht.<\/span><\/strong><span class=\"qwen-markdown-text\"> W\u00e4hlen Sie das Hotel, das die Bed\u00fcrfnisse von Gesch\u00e4ftsreisenden versteht. Kontaktieren Sie uns noch heute, um Ihre Unterkunft und Tagungsr\u00e4ume in Peking zu sichern.<\/span><\/div><div class=\"qwen-markdown-space\">\u00a0<\/div><div class=\"qwen-markdown-hr\"><hr \/><\/div><div class=\"qwen-markdown-space\">\u00a0<\/div><h3 class=\"qwen-markdown-heading\"><span class=\"qwen-markdown-text\">H\u00e4ufig gestellte Fragen (FAQ)<\/span><\/h3><div class=\"qwen-markdown-paragraph\"><strong class=\"qwen-markdown-strong\"><span class=\"qwen-markdown-text\">F: Gibt es einen Shuttle-Service zum internationalen Flughafen Peking?<\/span><\/strong><span class=\"qwen-markdown-text\"> A: Dank unserer erstklassigen Lage in der Fuqian Two Street Nr. 1 bieten wir Ihnen eine bequeme Anbindung an den Flughafen. F\u00fcr den aktuellen Shuttle-Fahrplan oder um ein Taxi zu bestellen, kontaktieren Sie bitte unsere Rezeption unter +86 10 8416 6060.<\/span><\/div><div class=\"qwen-markdown-space\">\u00a0<\/div><div class=\"qwen-markdown-paragraph\"><strong class=\"qwen-markdown-strong\"><span class=\"qwen-markdown-text\">F: Kann ich im Hotel eine Konferenz f\u00fcr mehr als 50 Personen ausrichten?<\/span><\/strong><span class=\"qwen-markdown-text\"> A: Ja, unsere flexiblen Veranstaltungsr\u00e4ume k\u00f6nnen f\u00fcr Gruppen unterschiedlicher Gr\u00f6\u00dfe konfiguriert werden. Wir empfehlen Ihnen, sich \u00fcber unsere Website mit unserem Veranstaltungsteam in Verbindung zu setzen, um Ihre konkreten Kapazit\u00e4ts- und AV-Anforderungen zu besprechen.<\/span><\/div><div class=\"qwen-markdown-space\">\u00a0<\/div><div class=\"qwen-markdown-paragraph\"><strong class=\"qwen-markdown-strong\"><span class=\"qwen-markdown-text\">F: Ist Highspeed-WLAN f\u00fcr Gesch\u00e4ftsreisende kostenlos?<\/span><\/strong><span class=\"qwen-markdown-text\"> A: Ja, allen G\u00e4sten steht ein kostenloser Highspeed-Internetzugang zur Verf\u00fcgung, um eine reibungslose Verbindung f\u00fcr Arbeit und Kommunikation zu gew\u00e4hrleisten.<\/span><\/div><div class=\"qwen-markdown-space\">\u00a0<\/div><div class=\"qwen-markdown-paragraph\" data-spm-anchor-id=\"a2ty_o01.29997173.0.i17.17ea5171uvEwxe\"><strong class=\"qwen-markdown-strong\"><span class=\"qwen-markdown-text\">F: Wie weit ist das Hotel vom Neuen Nationalen Ausstellungszentrum entfernt?<\/span><\/strong><span class=\"qwen-markdown-text\"> A: Das Hotel ist strategisch g\u00fcnstig gelegen, um die G\u00e4ste des New National Exhibition Center zu bedienen und die Reisezeit f\u00fcr Aussteller und Besucher zu minimieren.<\/span><\/div>\t\t\t\t\t\t\t\t<\/div>\n\t\t\t\t<\/div>\n\t\t\t\t\t<\/div>\n\t\t\t\t<\/div>\n\t\t\t\t<\/div>","protected":false},"excerpt":{"rendered":"<p>Premier Business Facilities at Voyage International Hotel (Capital Airport New National Exhibition Store) Elevating Corporate Travel in Beijing&#8217;s Shunyi District In the fast-paced world of international commerce, the line between travel and productivity must be seamless. Located at the strategic heart of Beijing&#8217;s aviation and exhibition hub, the Voyage International Hotel (Capital Airport New National [&hellip;]<\/p>\n","protected":false},"author":1,"featured_media":0,"parent":0,"menu_order":0,"comment_status":"closed","ping_status":"closed","template":"elementor_header_footer","meta":{"footnotes":""},"class_list":["post-2109","page","type-page","status-publish","hentry","post-no-thumbnail"],"_links":{"self":[{"href":"https:\/\/voyageinternationalhotel.com\/de\/wp-json\/wp\/v2\/pages\/2109","targetHints":{"allow":["GET"]}}],"collection":[{"href":"https:\/\/voyageinternationalhotel.com\/de\/wp-json\/wp\/v2\/pages"}],"about":[{"href":"https:\/\/voyageinternationalhotel.com\/de\/wp-json\/wp\/v2\/types\/page"}],"author":[{"embeddable":true,"href":"https:\/\/voyageinternationalhotel.com\/de\/wp-json\/wp\/v2\/users\/1"}],"replies":[{"embeddable":true,"href":"https:\/\/voyageinternationalhotel.com\/de\/wp-json\/wp\/v2\/comments?post=2109"}],"version-history":[{"count":0,"href":"https:\/\/voyageinternationalhotel.com\/de\/wp-json\/wp\/v2\/pages\/2109\/revisions"}],"wp:attachment":[{"href":"https:\/\/voyageinternationalhotel.com\/de\/wp-json\/wp\/v2\/media?parent=2109"}],"curies":[{"name":"wp","href":"https:\/\/api.w.org\/{rel}","templated":true}]}}